{"id":1434,"date":"2022-10-31T12:59:43","date_gmt":"2022-10-31T16:59:43","guid":{"rendered":"https:\/\/mondel.ca\/about\/ecoresponsable\/"},"modified":"2023-08-28T16:33:31","modified_gmt":"2023-08-28T20:33:31","slug":"eco-responsible","status":"publish","type":"page","link":"https:\/\/mondel.ca\/en\/about\/eco-responsible\/","title":{"rendered":"Eco-responsible"},"content":{"rendered":"<div class=\"fusion-fullwidth fullwidth-box fusion-builder-row-1 fusion-flex-container has-pattern-background has-mask-background nonhundred-percent-fullwidth non-hundred-percent-height-scrolling\" style=\"--awb-border-radius-top-left:0px;--awb-border-radius-top-right:0px;--awb-border-radius-bottom-right:0px;--awb-border-radius-bottom-left:0px;--awb-flex-wrap:wrap;\" ><div class=\"fusion-builder-row fusion-row fusion-flex-align-items-flex-start fusion-flex-content-wrap\" style=\"max-width:1696px;margin-left: calc(-6% \/ 2 );margin-right: calc(-6% \/ 2 );\"><div class=\"fusion-layout-column fusion_builder_column fusion-builder-column-0 fusion_builder_column_2_3 2_3 fusion-flex-column fusion-animated\" style=\"--awb-bg-size:cover;--awb-width-large:66.666666666667%;--awb-margin-top-large:0px;--awb-spacing-right-large:4.23%;--awb-margin-bottom-large:80px;--awb-spacing-left-large:4.23%;--awb-width-medium:66.666666666667%;--awb-order-medium:0;--awb-spacing-right-medium:4.23%;--awb-spacing-left-medium:4.23%;--awb-width-small:100%;--awb-order-small:0;--awb-spacing-right-small:2.82%;--awb-spacing-left-small:2.82%;\" data-animationType=\"fadeInRight\" data-animationDuration=\"1.0\" data-animationOffset=\"top-into-view\"><div class=\"fusion-column-wrapper fusion-column-has-shadow fusion-flex-justify-content-flex-start fusion-content-layout-column\"><div class=\"fusion-text fusion-text-1\"><p>Out of eco-responsibility towards our planet, the film industry is leaning towards more environmentally friendly innovative practices on its shooting sets. MONDEL \u2013 The Cinema Workshop is a proud partner of <a href=\"https:\/\/ontournevert.com\/en\/\" target=\"_blank\" rel=\"noopener\">&#8220;On tourne vert,&#8221;<\/a> aiming to reduce the ecological impact of the audiovisual industry, thus contributing to the rapid deployment of an eco-responsible production approach in Quebec. Consequently, we apply these same rules in our training center, notably by abolishing single-use plastic bottles in our premises, reducing paper prints, and promoting recycling and composting.<\/p>\n<\/div><\/div><\/div><div class=\"fusion-layout-column fusion_builder_column fusion-builder-column-1 fusion_builder_column_1_3 1_3 fusion-flex-column fusion-flex-align-self-stretch fusion-animated\" style=\"--awb-bg-size:cover;--awb-width-large:33.333333333333%;--awb-margin-top-large:0px;--awb-spacing-right-large:8.46%;--awb-margin-bottom-large:80px;--awb-spacing-left-large:8.46%;--awb-width-medium:33.333333333333%;--awb-order-medium:0;--awb-spacing-right-medium:8.46%;--awb-spacing-left-medium:8.46%;--awb-width-small:100%;--awb-order-small:0;--awb-spacing-right-small:2.82%;--awb-spacing-left-small:2.82%;\" data-animationType=\"fadeInUp\" data-animationDuration=\"1.0\" data-animationOffset=\"top-into-view\"><div class=\"fusion-column-wrapper fusion-column-has-shadow fusion-flex-justify-content-center fusion-content-layout-column\"><div class=\"fusion-image-element \" style=\"text-align:center;--awb-max-width:350px;--awb-caption-title-font-family:var(--h2_typography-font-family);--awb-caption-title-font-weight:var(--h2_typography-font-weight);--awb-caption-title-font-style:var(--h2_typography-font-style);--awb-caption-title-size:var(--h2_typography-font-size);--awb-caption-title-transform:var(--h2_typography-text-transform);--awb-caption-title-line-height:var(--h2_typography-line-height);--awb-caption-title-letter-spacing:var(--h2_typography-letter-spacing);\"><span class=\" fusion-imageframe imageframe-none imageframe-1 hover-type-none\"><a class=\"fusion-no-lightbox\" href=\"https:\/\/ontournevert.com\/en\/\" target=\"_blank\" aria-label=\"logo-OnTourneVert-RGB\" rel=\"noopener noreferrer\"><img decoding=\"async\" width=\"1308\" height=\"561\" alt=\"On tourne vert - MONDEL partners - The movie workshop - Training center for technical cinema and television professions\" src=\"https:\/\/mondel.ca\/wp-content\/uploads\/2022\/11\/logo-OnTourneVert-RGB.png\" class=\"img-responsive wp-image-1404\" srcset=\"https:\/\/mondel.ca\/wp-content\/uploads\/2022\/11\/logo-OnTourneVert-RGB-200x86.png 200w, https:\/\/mondel.ca\/wp-content\/uploads\/2022\/11\/logo-OnTourneVert-RGB-400x172.png 400w, https:\/\/mondel.ca\/wp-content\/uploads\/2022\/11\/logo-OnTourneVert-RGB-600x257.png 600w, https:\/\/mondel.ca\/wp-content\/uploads\/2022\/11\/logo-OnTourneVert-RGB-800x343.png 800w, https:\/\/mondel.ca\/wp-content\/uploads\/2022\/11\/logo-OnTourneVert-RGB-1200x515.png 1200w, https:\/\/mondel.ca\/wp-content\/uploads\/2022\/11\/logo-OnTourneVert-RGB.png 1308w\" sizes=\"(max-width: 640px) 100vw, 600px\" \/><\/a><\/span><\/div><\/div><\/div><\/div><\/div>\n","protected":false},"excerpt":{"rendered":"","protected":false},"author":2,"featured_media":0,"parent":1432,"menu_order":0,"comment_status":"closed","ping_status":"closed","template":"100-width.php","meta":{"_acf_changed":false,"footnotes":""},"class_list":["post-1434","page","type-page","status-publish","hentry"],"acf":[],"yoast_head":"<!-- This site is optimized with the Yoast SEO plugin v24.3 - https:\/\/yoast.com\/wordpress\/plugins\/seo\/ -->\n<title>Eco-Responsibility in Cinema &amp; Television at MONDEL<\/title>\n<meta name=\"description\" content=\"At MONDEL, we embrace eco-responsibility in cinema and television production, promoting sustainable practices in Montreal&#039;s film industry.\" \/>\n<meta name=\"robots\" content=\"index, follow, max-snippet:-1, max-image-preview:large, max-video-preview:-1\" \/>\n<link rel=\"canonical\" href=\"https:\/\/mondel.ca\/a-propos\/ecoresponsable\/\" \/>\n<meta property=\"og:locale\" content=\"en_US\" \/>\n<meta property=\"og:type\" content=\"article\" \/>\n<meta property=\"og:title\" content=\"Eco-Responsibility in Cinema &amp; Television at MONDEL\" \/>\n<meta property=\"og:description\" content=\"At MONDEL, we embrace eco-responsibility in cinema and television production, promoting sustainable practices in Montreal&#039;s film industry.\" \/>\n<meta property=\"og:url\" content=\"https:\/\/mondel.ca\/a-propos\/ecoresponsable\/\" \/>\n<meta property=\"og:site_name\" content=\"Mondel - l&#039;Atelier du Cin\u00e9ma\" \/>\n<meta property=\"article:publisher\" content=\"https:\/\/www.facebook.com\/mondelatelierducinema\" \/>\n<meta property=\"article:modified_time\" content=\"2023-08-28T20:33:31+00:00\" \/>\n<meta property=\"og:image\" content=\"https:\/\/mondel.ca\/wp-content\/uploads\/2022\/11\/fbk-Mondel.png\" \/>\n\t<meta property=\"og:image:width\" content=\"1200\" \/>\n\t<meta property=\"og:image:height\" content=\"630\" \/>\n\t<meta property=\"og:image:type\" content=\"image\/png\" \/>\n<meta name=\"twitter:card\" content=\"summary_large_image\" \/>\n<meta name=\"twitter:label1\" content=\"Est. reading time\" \/>\n\t<meta name=\"twitter:data1\" content=\"4 minutes\" \/>\n<script type=\"application\/ld+json\" class=\"yoast-schema-graph\">{\"@context\":\"https:\/\/schema.org\",\"@graph\":[{\"@type\":\"WebPage\",\"@id\":\"https:\/\/mondel.ca\/a-propos\/ecoresponsable\/\",\"url\":\"https:\/\/mondel.ca\/a-propos\/ecoresponsable\/\",\"name\":\"Eco-Responsibility in Cinema & Television at MONDEL\",\"isPartOf\":{\"@id\":\"https:\/\/mondel.ca\/#website\"},\"datePublished\":\"2022-10-31T16:59:43+00:00\",\"dateModified\":\"2023-08-28T20:33:31+00:00\",\"description\":\"At MONDEL, we embrace eco-responsibility in cinema and television production, promoting sustainable practices in Montreal's film industry.\",\"breadcrumb\":{\"@id\":\"https:\/\/mondel.ca\/a-propos\/ecoresponsable\/#breadcrumb\"},\"inLanguage\":\"en-US\",\"potentialAction\":[{\"@type\":\"ReadAction\",\"target\":[\"https:\/\/mondel.ca\/a-propos\/ecoresponsable\/\"]}]},{\"@type\":\"BreadcrumbList\",\"@id\":\"https:\/\/mondel.ca\/a-propos\/ecoresponsable\/#breadcrumb\",\"itemListElement\":[{\"@type\":\"ListItem\",\"position\":1,\"name\":\"Accueil\",\"item\":\"https:\/\/mondel.ca\/en\/\"},{\"@type\":\"ListItem\",\"position\":2,\"name\":\"About\",\"item\":\"https:\/\/mondel.ca\/en\/about\/\"},{\"@type\":\"ListItem\",\"position\":3,\"name\":\"Eco-responsible\"}]},{\"@type\":\"WebSite\",\"@id\":\"https:\/\/mondel.ca\/#website\",\"url\":\"https:\/\/mondel.ca\/\",\"name\":\"Mondel - l&#039;Atelier du Cin\u00e9ma\",\"description\":\"Centre de formation des m\u00e9tiers techniques du cin\u00e9ma\",\"potentialAction\":[{\"@type\":\"SearchAction\",\"target\":{\"@type\":\"EntryPoint\",\"urlTemplate\":\"https:\/\/mondel.ca\/?s={search_term_string}\"},\"query-input\":{\"@type\":\"PropertyValueSpecification\",\"valueRequired\":true,\"valueName\":\"search_term_string\"}}],\"inLanguage\":\"en-US\"}]}<\/script>\n<!-- \/ Yoast SEO plugin. -->","yoast_head_json":{"title":"Eco-Responsibility in Cinema & Television at MONDEL","description":"At MONDEL, we embrace eco-responsibility in cinema and television production, promoting sustainable practices in Montreal's film industry.","robots":{"index":"index","follow":"follow","max-snippet":"max-snippet:-1","max-image-preview":"max-image-preview:large","max-video-preview":"max-video-preview:-1"},"canonical":"https:\/\/mondel.ca\/a-propos\/ecoresponsable\/","og_locale":"en_US","og_type":"article","og_title":"Eco-Responsibility in Cinema & Television at MONDEL","og_description":"At MONDEL, we embrace eco-responsibility in cinema and television production, promoting sustainable practices in Montreal's film industry.","og_url":"https:\/\/mondel.ca\/a-propos\/ecoresponsable\/","og_site_name":"Mondel - l&#039;Atelier du Cin\u00e9ma","article_publisher":"https:\/\/www.facebook.com\/mondelatelierducinema","article_modified_time":"2023-08-28T20:33:31+00:00","og_image":[{"width":1200,"height":630,"url":"https:\/\/mondel.ca\/wp-content\/uploads\/2022\/11\/fbk-Mondel.png","type":"image\/png"}],"twitter_card":"summary_large_image","twitter_misc":{"Est. reading time":"4 minutes"},"schema":{"@context":"https:\/\/schema.org","@graph":[{"@type":"WebPage","@id":"https:\/\/mondel.ca\/a-propos\/ecoresponsable\/","url":"https:\/\/mondel.ca\/a-propos\/ecoresponsable\/","name":"Eco-Responsibility in Cinema & Television at MONDEL","isPartOf":{"@id":"https:\/\/mondel.ca\/#website"},"datePublished":"2022-10-31T16:59:43+00:00","dateModified":"2023-08-28T20:33:31+00:00","description":"At MONDEL, we embrace eco-responsibility in cinema and television production, promoting sustainable practices in Montreal's film industry.","breadcrumb":{"@id":"https:\/\/mondel.ca\/a-propos\/ecoresponsable\/#breadcrumb"},"inLanguage":"en-US","potentialAction":[{"@type":"ReadAction","target":["https:\/\/mondel.ca\/a-propos\/ecoresponsable\/"]}]},{"@type":"BreadcrumbList","@id":"https:\/\/mondel.ca\/a-propos\/ecoresponsable\/#breadcrumb","itemListElement":[{"@type":"ListItem","position":1,"name":"Accueil","item":"https:\/\/mondel.ca\/en\/"},{"@type":"ListItem","position":2,"name":"About","item":"https:\/\/mondel.ca\/en\/about\/"},{"@type":"ListItem","position":3,"name":"Eco-responsible"}]},{"@type":"WebSite","@id":"https:\/\/mondel.ca\/#website","url":"https:\/\/mondel.ca\/","name":"Mondel - l&#039;Atelier du Cin\u00e9ma","description":"Centre de formation des m\u00e9tiers techniques du cin\u00e9ma","potentialAction":[{"@type":"SearchAction","target":{"@type":"EntryPoint","urlTemplate":"https:\/\/mondel.ca\/?s={search_term_string}"},"query-input":{"@type":"PropertyValueSpecification","valueRequired":true,"valueName":"search_term_string"}}],"inLanguage":"en-US"}]}},"_links":{"self":[{"href":"https:\/\/mondel.ca\/en\/wp-json\/wp\/v2\/pages\/1434","targetHints":{"allow":["GET"]}}],"collection":[{"href":"https:\/\/mondel.ca\/en\/wp-json\/wp\/v2\/pages"}],"about":[{"href":"https:\/\/mondel.ca\/en\/wp-json\/wp\/v2\/types\/page"}],"author":[{"embeddable":true,"href":"https:\/\/mondel.ca\/en\/wp-json\/wp\/v2\/users\/2"}],"replies":[{"embeddable":true,"href":"https:\/\/mondel.ca\/en\/wp-json\/wp\/v2\/comments?post=1434"}],"version-history":[{"count":4,"href":"https:\/\/mondel.ca\/en\/wp-json\/wp\/v2\/pages\/1434\/revisions"}],"predecessor-version":[{"id":1642,"href":"https:\/\/mondel.ca\/en\/wp-json\/wp\/v2\/pages\/1434\/revisions\/1642"}],"up":[{"embeddable":true,"href":"https:\/\/mondel.ca\/en\/wp-json\/wp\/v2\/pages\/1432"}],"wp:attachment":[{"href":"https:\/\/mondel.ca\/en\/wp-json\/wp\/v2\/media?parent=1434"}],"curies":[{"name":"wp","href":"https:\/\/api.w.org\/{rel}","templated":true}]}}