{"id":1437,"date":"2022-10-31T12:59:34","date_gmt":"2022-10-31T16:59:34","guid":{"rendered":"https:\/\/mondel.ca\/about\/equipe-administrative\/"},"modified":"2026-02-16T14:21:55","modified_gmt":"2026-02-16T19:21:55","slug":"administrative-team","status":"publish","type":"page","link":"https:\/\/mondel.ca\/en\/about\/administrative-team\/","title":{"rendered":"Administrative team"},"content":{"rendered":"<p><div class=\"fusion-fullwidth fullwidth-box fusion-builder-row-1 fusion-flex-container has-pattern-background has-mask-background nonhundred-percent-fullwidth non-hundred-percent-height-scrolling\" style=\"--awb-border-radius-top-left:0px;--awb-border-radius-top-right:0px;--awb-border-radius-bottom-right:0px;--awb-border-radius-bottom-left:0px;--awb-flex-wrap:wrap;\" ><div class=\"fusion-builder-row fusion-row fusion-flex-align-items-center fusion-flex-justify-content-center fusion-flex-content-wrap\" style=\"max-width:1696px;margin-left: calc(-6% \/ 2 );margin-right: calc(-6% \/ 2 );\"><div class=\"fusion-layout-column fusion_builder_column fusion-builder-column-0 fusion_builder_column_1_2 1_2 fusion-flex-column fusion-animated\" style=\"--awb-bg-size:cover;--awb-width-large:50%;--awb-margin-top-large:0px;--awb-spacing-right-large:5.64%;--awb-margin-bottom-large:80px;--awb-spacing-left-large:5.64%;--awb-width-medium:50%;--awb-order-medium:0;--awb-spacing-right-medium:5.64%;--awb-spacing-left-medium:5.64%;--awb-width-small:100%;--awb-order-small:0;--awb-spacing-right-small:2.82%;--awb-spacing-left-small:2.82%;\" data-animationType=\"fadeInUp\" data-animationDuration=\"0.5\" data-animationOffset=\"top-into-view\"><div class=\"fusion-column-wrapper fusion-column-has-shadow fusion-flex-justify-content-flex-start fusion-content-layout-column\"><div class=\"fusion-person person fusion-person-center fusion-person-1 fusion-person-icon-top phone\" style=\"--awb-pic-style-color:var(--awb-color8);--awb-pic-borderradius:0px;--awb-margin-top:0px;--awb-margin-right:0px;--awb-margin-bottom:0px;--awb-margin-left:0px;--awb-social-box-border-top:0px;--awb-social-box-border-right:0px;--awb-social-box-border-bottom:0px;--awb-social-box-border-left:0px;--awb-social-box-border-color:var(--awb-color3);--awb-social-box-border-color-hover:var(--awb-color4);--awb-social-box-colors-hover:var(--awb-color1);--awb-social-icon-boxed-colors:var(--awb-color2);--awb-social-icon-colors:var(--awb-color5);--awb-social-icon-colors-hover:var(--awb-color3);\"><div class=\"person-desc\" style=\"background-color:var(--awb-color8);padding:40px;margin-top:0;\"><div class=\"person-author\"><div class=\"person-author-wrapper\"><span class=\"person-name\">Philippe Montel<\/span><span class=\"person-title\">General manager<\/span><\/div><div class=\"fusion-social-networks\"><div class=\"fusion-social-networks-wrapper\"><a class=\"fusion-social-network-icon fusion-tooltip fusion-mail awb-icon-mail custom\" aria-label=\"fusion-mail\" href=\"mailto:&#112;&#109;o&#110;&#116;&#101;&#108;&#064;&#109;&#111;&#110;&#100;e&#108;&#046;&#099;a\" target=\"_self\" style=\"color:var(--awb-color5);font-size:20px;\" data-placement=\"none\" data-title=\"Mail\" title=\"Mail\"><\/a><\/div><\/div><\/div><div class=\"person-content fusion-clearfix\">514 876-7775, #224<\/div><\/div><\/div><\/div><\/div><\/div><\/div><div class=\"fusion-fullwidth fullwidth-box fusion-builder-row-2 fusion-flex-container has-pattern-background has-mask-background nonhundred-percent-fullwidth non-hundred-percent-height-scrolling\" style=\"--awb-border-radius-top-left:0px;--awb-border-radius-top-right:0px;--awb-border-radius-bottom-right:0px;--awb-border-radius-bottom-left:0px;--awb-flex-wrap:wrap;\" ><div class=\"fusion-builder-row fusion-row fusion-flex-align-items-center fusion-flex-content-wrap\" style=\"max-width:1696px;margin-left: calc(-6% \/ 2 );margin-right: calc(-6% \/ 2 );\"><div class=\"fusion-layout-column fusion_builder_column fusion-builder-column-1 fusion_builder_column_1_2 1_2 fusion-flex-column fusion-animated\" style=\"--awb-bg-size:cover;--awb-width-large:50%;--awb-margin-top-large:0px;--awb-spacing-right-large:5.64%;--awb-margin-bottom-large:80px;--awb-spacing-left-large:5.64%;--awb-width-medium:50%;--awb-order-medium:0;--awb-spacing-right-medium:5.64%;--awb-spacing-left-medium:5.64%;--awb-width-small:100%;--awb-order-small:0;--awb-spacing-right-small:2.82%;--awb-spacing-left-small:2.82%;\" data-animationType=\"fadeInUp\" data-animationDuration=\"0.5\" data-animationOffset=\"top-into-view\"><div class=\"fusion-column-wrapper fusion-column-has-shadow fusion-flex-justify-content-flex-start fusion-content-layout-column\"><div class=\"fusion-person person fusion-person-center fusion-person-2 fusion-person-icon-top phone\" style=\"--awb-pic-style-color:var(--awb-color8);--awb-pic-borderradius:0px;--awb-margin-top:0px;--awb-margin-right:0px;--awb-margin-bottom:0px;--awb-margin-left:0px;--awb-social-box-border-top:0px;--awb-social-box-border-right:0px;--awb-social-box-border-bottom:0px;--awb-social-box-border-left:0px;--awb-social-box-border-color:var(--awb-color3);--awb-social-box-border-color-hover:var(--awb-color4);--awb-social-box-colors-hover:var(--awb-color1);--awb-social-icon-boxed-colors:var(--awb-color2);--awb-social-icon-colors:var(--awb-color5);--awb-social-icon-colors-hover:var(--awb-color3);\"><div class=\"person-desc\" style=\"background-color:var(--awb-color8);padding:40px;margin-top:0;\"><div class=\"person-author\"><div class=\"person-author-wrapper\"><span class=\"person-name\">Catherine Lecompte<\/span><span class=\"person-title\">Administrative coordinator<\/span><\/div><div class=\"fusion-social-networks\"><div class=\"fusion-social-networks-wrapper\"><a class=\"fusion-social-network-icon fusion-tooltip fusion-mail awb-icon-mail custom\" aria-label=\"fusion-mail\" href=\"mailto:&#099;&#111;o&#114;&#100;&#105;n&#097;&#116;i&#111;n&#064;m&#111;&#110;d&#101;l&#046;&#099;&#097;\" target=\"_self\" style=\"color:var(--awb-color5);font-size:20px;\" data-placement=\"none\" data-title=\"Mail\" title=\"Mail\"><\/a><\/div><\/div><\/div><div class=\"person-content fusion-clearfix\"><\/div><\/div><\/div><\/div><\/div><div class=\"fusion-layout-column fusion_builder_column fusion-builder-column-2 fusion_builder_column_1_2 1_2 fusion-flex-column fusion-animated\" style=\"--awb-bg-size:cover;--awb-width-large:50%;--awb-margin-top-large:0px;--awb-spacing-right-large:5.64%;--awb-margin-bottom-large:80px;--awb-spacing-left-large:5.64%;--awb-width-medium:50%;--awb-order-medium:0;--awb-spacing-right-medium:5.64%;--awb-spacing-left-medium:5.64%;--awb-width-small:100%;--awb-order-small:0;--awb-spacing-right-small:2.82%;--awb-spacing-left-small:2.82%;\" data-animationType=\"fadeInUp\" data-animationDuration=\"1.0\" data-animationOffset=\"top-into-view\"><div class=\"fusion-column-wrapper fusion-column-has-shadow fusion-flex-justify-content-flex-start fusion-content-layout-column\"><div class=\"fusion-person person fusion-person-center fusion-person-3 fusion-person-icon-top phone\" style=\"--awb-pic-style-color:var(--awb-color8);--awb-pic-borderradius:0px;--awb-margin-top:0px;--awb-margin-right:0px;--awb-margin-bottom:0px;--awb-margin-left:0px;--awb-social-box-border-top:0px;--awb-social-box-border-right:0px;--awb-social-box-border-bottom:0px;--awb-social-box-border-left:0px;--awb-social-box-border-color:var(--awb-color3);--awb-social-box-border-color-hover:var(--awb-color4);--awb-social-box-colors-hover:var(--awb-color1);--awb-social-icon-boxed-colors:var(--awb-color2);--awb-social-icon-colors:var(--awb-color5);--awb-social-icon-colors-hover:var(--awb-color3);\"><div class=\"person-desc\" style=\"background-color:var(--awb-color8);padding:40px;margin-top:0;\"><div class=\"person-author\"><div class=\"person-author-wrapper\"><span class=\"person-name\">Accounting<\/span><span class=\"person-title\">Please contact us via email.<\/span><\/div><div class=\"fusion-social-networks\"><div class=\"fusion-social-networks-wrapper\"><a class=\"fusion-social-network-icon fusion-tooltip fusion-mail awb-icon-mail custom\" aria-label=\"fusion-mail\" href=\"mailto:c&#111;&#109;p&#116;&#097;&#098;i&#108;i&#116;&#101;&#064;mo&#110;del&#046;c&#097;\" target=\"_self\" style=\"color:var(--awb-color5);font-size:20px;\" data-placement=\"none\" data-title=\"Mail\" title=\"Mail\"><\/a><\/div><\/div><\/div><div class=\"person-content fusion-clearfix\"><\/div><\/div><\/div><\/div><\/div><\/div><\/div><\/p>\n","protected":false},"excerpt":{"rendered":"","protected":false},"author":2,"featured_media":0,"parent":1432,"menu_order":0,"comment_status":"closed","ping_status":"closed","template":"100-width.php","meta":{"_acf_changed":false,"footnotes":""},"class_list":["post-1437","page","type-page","status-publish","hentry"],"acf":[],"yoast_head":"<!-- This site is optimized with the Yoast SEO plugin v24.3 - https:\/\/yoast.com\/wordpress\/plugins\/seo\/ -->\n<title>Meet MONDEL&#039;s Administrative Team in Cinema &amp; TV<\/title>\n<meta name=\"description\" content=\"Discover the dedicated administrative team behind MONDEL, bringing expert cinema and television training to Montreal.\" \/>\n<meta name=\"robots\" content=\"index, follow, max-snippet:-1, max-image-preview:large, max-video-preview:-1\" \/>\n<link rel=\"canonical\" href=\"https:\/\/mondel.ca\/en\/about\/administrative-team\/\" \/>\n<meta property=\"og:locale\" content=\"en_US\" \/>\n<meta property=\"og:type\" content=\"article\" \/>\n<meta property=\"og:title\" content=\"Meet MONDEL&#039;s Administrative Team in Cinema &amp; TV\" \/>\n<meta property=\"og:description\" content=\"Discover the dedicated administrative team behind MONDEL, bringing expert cinema and television training to Montreal.\" \/>\n<meta property=\"og:url\" content=\"https:\/\/mondel.ca\/en\/about\/administrative-team\/\" \/>\n<meta property=\"og:site_name\" content=\"Mondel - l&#039;Atelier du Cin\u00e9ma\" \/>\n<meta property=\"article:publisher\" content=\"https:\/\/www.facebook.com\/mondelatelierducinema\" \/>\n<meta property=\"article:modified_time\" content=\"2026-02-16T19:21:55+00:00\" \/>\n<meta property=\"og:image\" content=\"https:\/\/mondel.ca\/wp-content\/uploads\/2022\/11\/fbk-Mondel.png\" \/>\n\t<meta property=\"og:image:width\" content=\"1200\" \/>\n\t<meta property=\"og:image:height\" content=\"630\" \/>\n\t<meta property=\"og:image:type\" content=\"image\/png\" \/>\n<meta name=\"twitter:card\" content=\"summary_large_image\" \/>\n<meta name=\"twitter:label1\" content=\"Est. reading time\" \/>\n\t<meta name=\"twitter:data1\" content=\"1 minute\" \/>\n<script type=\"application\/ld+json\" class=\"yoast-schema-graph\">{\"@context\":\"https:\/\/schema.org\",\"@graph\":[{\"@type\":\"WebPage\",\"@id\":\"https:\/\/mondel.ca\/en\/about\/administrative-team\/\",\"url\":\"https:\/\/mondel.ca\/en\/about\/administrative-team\/\",\"name\":\"Meet MONDEL's Administrative Team in Cinema & TV\",\"isPartOf\":{\"@id\":\"https:\/\/mondel.ca\/#website\"},\"datePublished\":\"2022-10-31T16:59:34+00:00\",\"dateModified\":\"2026-02-16T19:21:55+00:00\",\"description\":\"Discover the dedicated administrative team behind MONDEL, bringing expert cinema and television training to Montreal.\",\"breadcrumb\":{\"@id\":\"https:\/\/mondel.ca\/en\/about\/administrative-team\/#breadcrumb\"},\"inLanguage\":\"en-US\",\"potentialAction\":[{\"@type\":\"ReadAction\",\"target\":[\"https:\/\/mondel.ca\/en\/about\/administrative-team\/\"]}]},{\"@type\":\"BreadcrumbList\",\"@id\":\"https:\/\/mondel.ca\/en\/about\/administrative-team\/#breadcrumb\",\"itemListElement\":[{\"@type\":\"ListItem\",\"position\":1,\"name\":\"Accueil\",\"item\":\"https:\/\/mondel.ca\/en\/\"},{\"@type\":\"ListItem\",\"position\":2,\"name\":\"About\",\"item\":\"https:\/\/mondel.ca\/en\/about\/\"},{\"@type\":\"ListItem\",\"position\":3,\"name\":\"Administrative team\"}]},{\"@type\":\"WebSite\",\"@id\":\"https:\/\/mondel.ca\/#website\",\"url\":\"https:\/\/mondel.ca\/\",\"name\":\"Mondel - l&#039;Atelier du Cin\u00e9ma\",\"description\":\"Centre de formation des m\u00e9tiers techniques du cin\u00e9ma\",\"potentialAction\":[{\"@type\":\"SearchAction\",\"target\":{\"@type\":\"EntryPoint\",\"urlTemplate\":\"https:\/\/mondel.ca\/?s={search_term_string}\"},\"query-input\":{\"@type\":\"PropertyValueSpecification\",\"valueRequired\":true,\"valueName\":\"search_term_string\"}}],\"inLanguage\":\"en-US\"}]}<\/script>\n<!-- \/ Yoast SEO plugin. -->","yoast_head_json":{"title":"Meet MONDEL's Administrative Team in Cinema & TV","description":"Discover the dedicated administrative team behind MONDEL, bringing expert cinema and television training to Montreal.","robots":{"index":"index","follow":"follow","max-snippet":"max-snippet:-1","max-image-preview":"max-image-preview:large","max-video-preview":"max-video-preview:-1"},"canonical":"https:\/\/mondel.ca\/en\/about\/administrative-team\/","og_locale":"en_US","og_type":"article","og_title":"Meet MONDEL's Administrative Team in Cinema & TV","og_description":"Discover the dedicated administrative team behind MONDEL, bringing expert cinema and television training to Montreal.","og_url":"https:\/\/mondel.ca\/en\/about\/administrative-team\/","og_site_name":"Mondel - l&#039;Atelier du Cin\u00e9ma","article_publisher":"https:\/\/www.facebook.com\/mondelatelierducinema","article_modified_time":"2026-02-16T19:21:55+00:00","og_image":[{"width":1200,"height":630,"url":"https:\/\/mondel.ca\/wp-content\/uploads\/2022\/11\/fbk-Mondel.png","type":"image\/png"}],"twitter_card":"summary_large_image","twitter_misc":{"Est. reading time":"1 minute"},"schema":{"@context":"https:\/\/schema.org","@graph":[{"@type":"WebPage","@id":"https:\/\/mondel.ca\/en\/about\/administrative-team\/","url":"https:\/\/mondel.ca\/en\/about\/administrative-team\/","name":"Meet MONDEL's Administrative Team in Cinema & TV","isPartOf":{"@id":"https:\/\/mondel.ca\/#website"},"datePublished":"2022-10-31T16:59:34+00:00","dateModified":"2026-02-16T19:21:55+00:00","description":"Discover the dedicated administrative team behind MONDEL, bringing expert cinema and television training to Montreal.","breadcrumb":{"@id":"https:\/\/mondel.ca\/en\/about\/administrative-team\/#breadcrumb"},"inLanguage":"en-US","potentialAction":[{"@type":"ReadAction","target":["https:\/\/mondel.ca\/en\/about\/administrative-team\/"]}]},{"@type":"BreadcrumbList","@id":"https:\/\/mondel.ca\/en\/about\/administrative-team\/#breadcrumb","itemListElement":[{"@type":"ListItem","position":1,"name":"Accueil","item":"https:\/\/mondel.ca\/en\/"},{"@type":"ListItem","position":2,"name":"About","item":"https:\/\/mondel.ca\/en\/about\/"},{"@type":"ListItem","position":3,"name":"Administrative team"}]},{"@type":"WebSite","@id":"https:\/\/mondel.ca\/#website","url":"https:\/\/mondel.ca\/","name":"Mondel - l&#039;Atelier du Cin\u00e9ma","description":"Centre de formation des m\u00e9tiers techniques du cin\u00e9ma","potentialAction":[{"@type":"SearchAction","target":{"@type":"EntryPoint","urlTemplate":"https:\/\/mondel.ca\/?s={search_term_string}"},"query-input":{"@type":"PropertyValueSpecification","valueRequired":true,"valueName":"search_term_string"}}],"inLanguage":"en-US"}]}},"_links":{"self":[{"href":"https:\/\/mondel.ca\/en\/wp-json\/wp\/v2\/pages\/1437","targetHints":{"allow":["GET"]}}],"collection":[{"href":"https:\/\/mondel.ca\/en\/wp-json\/wp\/v2\/pages"}],"about":[{"href":"https:\/\/mondel.ca\/en\/wp-json\/wp\/v2\/types\/page"}],"author":[{"embeddable":true,"href":"https:\/\/mondel.ca\/en\/wp-json\/wp\/v2\/users\/2"}],"replies":[{"embeddable":true,"href":"https:\/\/mondel.ca\/en\/wp-json\/wp\/v2\/comments?post=1437"}],"version-history":[{"count":14,"href":"https:\/\/mondel.ca\/en\/wp-json\/wp\/v2\/pages\/1437\/revisions"}],"predecessor-version":[{"id":3887,"href":"https:\/\/mondel.ca\/en\/wp-json\/wp\/v2\/pages\/1437\/revisions\/3887"}],"up":[{"embeddable":true,"href":"https:\/\/mondel.ca\/en\/wp-json\/wp\/v2\/pages\/1432"}],"wp:attachment":[{"href":"https:\/\/mondel.ca\/en\/wp-json\/wp\/v2\/media?parent=1437"}],"curies":[{"name":"wp","href":"https:\/\/api.w.org\/{rel}","templated":true}]}}