{"id":1441,"date":"2022-10-31T12:59:22","date_gmt":"2022-10-31T16:59:22","guid":{"rendered":"https:\/\/mondel.ca\/about\/qui-sommes-nous\/"},"modified":"2024-08-15T11:12:01","modified_gmt":"2024-08-15T15:12:01","slug":"who-we-are","status":"publish","type":"page","link":"https:\/\/mondel.ca\/en\/about\/who-we-are\/","title":{"rendered":"Who are we?"},"content":{"rendered":"<p><div class=\"fusion-fullwidth fullwidth-box fusion-builder-row-1 fusion-flex-container has-pattern-background has-mask-background color-white nonhundred-percent-fullwidth non-hundred-percent-height-scrolling\" style=\"--awb-border-radius-top-left:0px;--awb-border-radius-top-right:0px;--awb-border-radius-bottom-right:0px;--awb-border-radius-bottom-left:0px;--awb-margin-bottom:80px;--awb-background-color:#141414;--awb-flex-wrap:wrap;\" ><div class=\"fusion-builder-row fusion-row fusion-flex-align-items-flex-start fusion-flex-content-wrap\" style=\"max-width:1696px;margin-left: calc(-6% \/ 2 );margin-right: calc(-6% \/ 2 );\"><div class=\"fusion-layout-column fusion_builder_column fusion-builder-column-0 fusion_builder_column_1_3 1_3 fusion-flex-column fusion-animated\" style=\"--awb-bg-size:cover;--awb-width-large:33.333333333333%;--awb-margin-top-large:0px;--awb-spacing-right-large:8.46%;--awb-margin-bottom-large:80px;--awb-spacing-left-large:8.46%;--awb-width-medium:33.333333333333%;--awb-order-medium:0;--awb-spacing-right-medium:8.46%;--awb-spacing-left-medium:8.46%;--awb-width-small:100%;--awb-order-small:0;--awb-spacing-right-small:2.82%;--awb-spacing-left-small:2.82%;\" data-animationType=\"fadeInRight\" data-animationDuration=\"1.0\" data-animationOffset=\"top-into-view\"><div class=\"fusion-column-wrapper fusion-column-has-shadow fusion-flex-justify-content-flex-start fusion-content-layout-column\"><div class=\"fusion-image-element \" style=\"text-align:center;--awb-max-width:320px;--awb-caption-title-font-family:var(--h2_typography-font-family);--awb-caption-title-font-weight:var(--h2_typography-font-weight);--awb-caption-title-font-style:var(--h2_typography-font-style);--awb-caption-title-size:var(--h2_typography-font-size);--awb-caption-title-transform:var(--h2_typography-text-transform);--awb-caption-title-line-height:var(--h2_typography-line-height);--awb-caption-title-letter-spacing:var(--h2_typography-letter-spacing);\"><span class=\" fusion-imageframe imageframe-none imageframe-1 hover-type-zoomin\"><img decoding=\"async\" width=\"711\" height=\"900\" alt=\"Philippe Montel - Mondel - The movie workshop - Training center for technical cinema and television professions\" title=\"Philippe-Montel-Mondel-Atelier-du-Cinema\" src=\"https:\/\/mondel.ca\/wp-content\/uploads\/2022\/11\/Philippe-Montel-Mondel-Atelier-du-Cinema.jpg\" class=\"img-responsive wp-image-1410\" srcset=\"https:\/\/mondel.ca\/wp-content\/uploads\/2022\/11\/Philippe-Montel-Mondel-Atelier-du-Cinema-200x253.jpg 200w, https:\/\/mondel.ca\/wp-content\/uploads\/2022\/11\/Philippe-Montel-Mondel-Atelier-du-Cinema-400x506.jpg 400w, https:\/\/mondel.ca\/wp-content\/uploads\/2022\/11\/Philippe-Montel-Mondel-Atelier-du-Cinema-600x759.jpg 600w, https:\/\/mondel.ca\/wp-content\/uploads\/2022\/11\/Philippe-Montel-Mondel-Atelier-du-Cinema.jpg 711w\" sizes=\"(max-width: 640px) 100vw, 600px\" \/><\/span><\/div><\/div><\/div><div class=\"fusion-layout-column fusion_builder_column fusion-builder-column-1 fusion_builder_column_2_3 2_3 fusion-flex-column fusion-animated\" style=\"--awb-bg-size:cover;--awb-width-large:66.666666666667%;--awb-margin-top-large:0px;--awb-spacing-right-large:4.23%;--awb-margin-bottom-large:80px;--awb-spacing-left-large:4.23%;--awb-width-medium:66.666666666667%;--awb-order-medium:0;--awb-spacing-right-medium:4.23%;--awb-spacing-left-medium:4.23%;--awb-width-small:100%;--awb-order-small:0;--awb-spacing-right-small:2.82%;--awb-spacing-left-small:2.82%;\" data-animationType=\"fadeInUp\" data-animationDuration=\"1.5\" data-animationOffset=\"top-into-view\"><div class=\"fusion-column-wrapper fusion-column-has-shadow fusion-flex-justify-content-flex-start fusion-content-layout-column\"><div class=\"fusion-title title fusion-title-1 fusion-sep-none fusion-title-text fusion-title-size-three person-title\"><h3 class=\"fusion-title-heading title-heading-left\" style=\"margin:0;\">Philippe Montel<\/h3><\/div><div class=\"fusion-text fusion-text-1\"><p>Philippe Montel has been a producer, executive producer, and production manager for nearly 33 years. He has been involved in various projects, including: <em>Le Temps d\u2019un \u00e9t\u00e9, Chien et Chat, Faits Divers, Fugueuse, Maria Chapdelaine, Street Legal, Bon cop Bad cop 2, 19-2, The Hummingbird Project, La Gal\u00e8re, Mirador, Nitro Rush<\/em>, and many others.<\/p>\n<p>He has also worked as a technician on Quebec sets as a unit manager and as a transportation coordinator for foreign productions such as <em>Smurfs 2, Arrival, Benjamin Button, The Walk, The Punisher<\/em>, and more. He was a member of the AQTIS and IATSE 514 unions for 20 years. Mr. Montel has also been a board member of the Quebec film and television council (QFTC) since 2019.<\/p>\n<\/div><\/div><\/div><\/div><\/div><div class=\"fusion-fullwidth fullwidth-box fusion-builder-row-2 fusion-flex-container has-pattern-background has-mask-background color-white nonhundred-percent-fullwidth non-hundred-percent-height-scrolling\" style=\"--awb-border-radius-top-left:0px;--awb-border-radius-top-right:0px;--awb-border-radius-bottom-right:0px;--awb-border-radius-bottom-left:0px;--awb-background-color:#141414;--awb-flex-wrap:wrap;\" ><div class=\"fusion-builder-row fusion-row fusion-flex-align-items-flex-start fusion-flex-content-wrap\" style=\"max-width:1696px;margin-left: calc(-6% \/ 2 );margin-right: calc(-6% \/ 2 );\"><div class=\"fusion-layout-column fusion_builder_column fusion-builder-column-2 fusion_builder_column_1_3 1_3 fusion-flex-column fusion-animated\" style=\"--awb-bg-size:cover;--awb-width-large:33.333333333333%;--awb-margin-top-large:0px;--awb-spacing-right-large:8.46%;--awb-margin-bottom-large:80px;--awb-spacing-left-large:8.46%;--awb-width-medium:33.333333333333%;--awb-order-medium:0;--awb-spacing-right-medium:8.46%;--awb-spacing-left-medium:8.46%;--awb-width-small:100%;--awb-order-small:0;--awb-spacing-right-small:2.82%;--awb-spacing-left-small:2.82%;\" data-animationType=\"fadeInRight\" data-animationDuration=\"1.0\" data-animationOffset=\"top-into-view\"><div class=\"fusion-column-wrapper fusion-column-has-shadow fusion-flex-justify-content-flex-start fusion-content-layout-column\"><div class=\"fusion-image-element \" style=\"text-align:center;--awb-max-width:320px;--awb-caption-title-font-family:var(--h2_typography-font-family);--awb-caption-title-font-weight:var(--h2_typography-font-weight);--awb-caption-title-font-style:var(--h2_typography-font-style);--awb-caption-title-size:var(--h2_typography-font-size);--awb-caption-title-transform:var(--h2_typography-text-transform);--awb-caption-title-line-height:var(--h2_typography-line-height);--awb-caption-title-letter-spacing:var(--h2_typography-letter-spacing);\"><span class=\" fusion-imageframe imageframe-none imageframe-2 hover-type-zoomin\"><img decoding=\"async\" width=\"600\" height=\"759\" alt=\"Mariloup Wolfe - Mondel - The movie workshop - Training center for technical cinema and television professions\" title=\"Mariloup-Wolfe-Mondel-Atelier-du-Cinema\" src=\"https:\/\/mondel.ca\/wp-content\/uploads\/2023\/04\/Mariloup-Wolfe-Mondel-Atelier-du-Cinema.jpg\" class=\"img-responsive wp-image-1418\" srcset=\"https:\/\/mondel.ca\/wp-content\/uploads\/2023\/04\/Mariloup-Wolfe-Mondel-Atelier-du-Cinema-200x253.jpg 200w, https:\/\/mondel.ca\/wp-content\/uploads\/2023\/04\/Mariloup-Wolfe-Mondel-Atelier-du-Cinema-400x506.jpg 400w, https:\/\/mondel.ca\/wp-content\/uploads\/2023\/04\/Mariloup-Wolfe-Mondel-Atelier-du-Cinema.jpg 600w\" sizes=\"(max-width: 640px) 100vw, 600px\" \/><\/span><\/div><\/div><\/div><div class=\"fusion-layout-column fusion_builder_column fusion-builder-column-3 fusion_builder_column_2_3 2_3 fusion-flex-column fusion-animated\" style=\"--awb-bg-size:cover;--awb-width-large:66.666666666667%;--awb-margin-top-large:0px;--awb-spacing-right-large:4.23%;--awb-margin-bottom-large:80px;--awb-spacing-left-large:4.23%;--awb-width-medium:66.666666666667%;--awb-order-medium:0;--awb-spacing-right-medium:4.23%;--awb-spacing-left-medium:4.23%;--awb-width-small:100%;--awb-order-small:0;--awb-spacing-right-small:2.82%;--awb-spacing-left-small:2.82%;\" data-animationType=\"fadeInUp\" data-animationDuration=\"1.5\" data-animationOffset=\"top-into-view\"><div class=\"fusion-column-wrapper fusion-column-has-shadow fusion-flex-justify-content-flex-start fusion-content-layout-column\"><div class=\"fusion-title title fusion-title-2 fusion-sep-none fusion-title-text fusion-title-size-three person-title\"><h3 class=\"fusion-title-heading title-heading-left\" style=\"margin:0;\">Mariloup Wolfe<\/h3><\/div><div class=\"fusion-text fusion-text-2\"><p>A media figure in Quebec for over 20 years, Mariloup Wolfe is a prolific director, actress, and host. As a television actress, she has portrayed many characters that have resonated deeply with the audience. In recent years, she has primarily focused on directing, encompassing TV series, feature films, commercials, and documentaries.<\/p>\n<p>In the fall of 2022, she completed her fourth film, <em>C\u0153ur de slush<\/em>, an adaptation of the successful youth novel by author Sarah-Maude Beauchesne. Released in the summer of 2022, her third feature film, <em>Arlette<\/em>, was featured in the official competition at the Angoul\u00eame Francophone Film Festival in France. Mariloup Wolfe also directed the feature films <em>Jouliks<\/em> (2019) and <em>Les pieds dans le vide<\/em> (2008). She has directed numerous TV series episodes, and in 2020 and 2021, she hosted and directed the reality-documentary <em>Le grand move<\/em>.<\/p>\n<\/div><\/div><\/div><\/div><\/div><\/p>\n","protected":false},"excerpt":{"rendered":"","protected":false},"author":2,"featured_media":0,"parent":1432,"menu_order":0,"comment_status":"closed","ping_status":"closed","template":"100-width.php","meta":{"_acf_changed":false,"footnotes":""},"class_list":["post-1441","page","type-page","status-publish","hentry"],"acf":[],"yoast_head":"<!-- This site is optimized with the Yoast SEO plugin v24.3 - https:\/\/yoast.com\/wordpress\/plugins\/seo\/ -->\n<title>Who We Are: The Heart of Cinema &amp; TV Training at MONDEL<\/title>\n<meta name=\"description\" content=\"Discover who we are at MONDEL, your gateway to becoming a cinema and television professional in Montreal.\" \/>\n<meta name=\"robots\" content=\"index, follow, max-snippet:-1, max-image-preview:large, max-video-preview:-1\" \/>\n<link rel=\"canonical\" href=\"https:\/\/mondel.ca\/en\/about\/who-we-are\/\" \/>\n<meta property=\"og:locale\" content=\"en_US\" \/>\n<meta property=\"og:type\" content=\"article\" \/>\n<meta property=\"og:title\" content=\"Who We Are: The Heart of Cinema &amp; TV Training at MONDEL\" \/>\n<meta property=\"og:description\" content=\"Discover who we are at MONDEL, your gateway to becoming a cinema and television professional in Montreal.\" \/>\n<meta property=\"og:url\" content=\"https:\/\/mondel.ca\/en\/about\/who-we-are\/\" \/>\n<meta property=\"og:site_name\" content=\"Mondel - l&#039;Atelier du Cin\u00e9ma\" \/>\n<meta property=\"article:publisher\" content=\"https:\/\/www.facebook.com\/mondelatelierducinema\" \/>\n<meta property=\"article:modified_time\" content=\"2024-08-15T15:12:01+00:00\" \/>\n<meta property=\"og:image\" content=\"https:\/\/mondel.ca\/wp-content\/uploads\/2022\/11\/fbk-Mondel.png\" \/>\n\t<meta property=\"og:image:width\" content=\"1200\" \/>\n\t<meta property=\"og:image:height\" content=\"630\" \/>\n\t<meta property=\"og:image:type\" content=\"image\/png\" \/>\n<meta name=\"twitter:card\" content=\"summary_large_image\" \/>\n<meta name=\"twitter:label1\" content=\"Est. reading time\" \/>\n\t<meta name=\"twitter:data1\" content=\"2 minutes\" \/>\n<script type=\"application\/ld+json\" class=\"yoast-schema-graph\">{\"@context\":\"https:\/\/schema.org\",\"@graph\":[{\"@type\":\"WebPage\",\"@id\":\"https:\/\/mondel.ca\/en\/about\/who-we-are\/\",\"url\":\"https:\/\/mondel.ca\/en\/about\/who-we-are\/\",\"name\":\"Who We Are: The Heart of Cinema & TV Training at MONDEL\",\"isPartOf\":{\"@id\":\"https:\/\/mondel.ca\/#website\"},\"datePublished\":\"2022-10-31T16:59:22+00:00\",\"dateModified\":\"2024-08-15T15:12:01+00:00\",\"description\":\"Discover who we are at MONDEL, your gateway to becoming a cinema and television professional in Montreal.\",\"breadcrumb\":{\"@id\":\"https:\/\/mondel.ca\/en\/about\/who-we-are\/#breadcrumb\"},\"inLanguage\":\"en-US\",\"potentialAction\":[{\"@type\":\"ReadAction\",\"target\":[\"https:\/\/mondel.ca\/en\/about\/who-we-are\/\"]}]},{\"@type\":\"BreadcrumbList\",\"@id\":\"https:\/\/mondel.ca\/en\/about\/who-we-are\/#breadcrumb\",\"itemListElement\":[{\"@type\":\"ListItem\",\"position\":1,\"name\":\"Accueil\",\"item\":\"https:\/\/mondel.ca\/en\/\"},{\"@type\":\"ListItem\",\"position\":2,\"name\":\"About\",\"item\":\"https:\/\/mondel.ca\/en\/about\/\"},{\"@type\":\"ListItem\",\"position\":3,\"name\":\"Who are we?\"}]},{\"@type\":\"WebSite\",\"@id\":\"https:\/\/mondel.ca\/#website\",\"url\":\"https:\/\/mondel.ca\/\",\"name\":\"Mondel - l&#039;Atelier du Cin\u00e9ma\",\"description\":\"Centre de formation des m\u00e9tiers techniques du cin\u00e9ma\",\"potentialAction\":[{\"@type\":\"SearchAction\",\"target\":{\"@type\":\"EntryPoint\",\"urlTemplate\":\"https:\/\/mondel.ca\/?s={search_term_string}\"},\"query-input\":{\"@type\":\"PropertyValueSpecification\",\"valueRequired\":true,\"valueName\":\"search_term_string\"}}],\"inLanguage\":\"en-US\"}]}<\/script>\n<!-- \/ Yoast SEO plugin. -->","yoast_head_json":{"title":"Who We Are: The Heart of Cinema & TV Training at MONDEL","description":"Discover who we are at MONDEL, your gateway to becoming a cinema and television professional in Montreal.","robots":{"index":"index","follow":"follow","max-snippet":"max-snippet:-1","max-image-preview":"max-image-preview:large","max-video-preview":"max-video-preview:-1"},"canonical":"https:\/\/mondel.ca\/en\/about\/who-we-are\/","og_locale":"en_US","og_type":"article","og_title":"Who We Are: The Heart of Cinema & TV Training at MONDEL","og_description":"Discover who we are at MONDEL, your gateway to becoming a cinema and television professional in Montreal.","og_url":"https:\/\/mondel.ca\/en\/about\/who-we-are\/","og_site_name":"Mondel - l&#039;Atelier du Cin\u00e9ma","article_publisher":"https:\/\/www.facebook.com\/mondelatelierducinema","article_modified_time":"2024-08-15T15:12:01+00:00","og_image":[{"width":1200,"height":630,"url":"https:\/\/mondel.ca\/wp-content\/uploads\/2022\/11\/fbk-Mondel.png","type":"image\/png"}],"twitter_card":"summary_large_image","twitter_misc":{"Est. reading time":"2 minutes"},"schema":{"@context":"https:\/\/schema.org","@graph":[{"@type":"WebPage","@id":"https:\/\/mondel.ca\/en\/about\/who-we-are\/","url":"https:\/\/mondel.ca\/en\/about\/who-we-are\/","name":"Who We Are: The Heart of Cinema & TV Training at MONDEL","isPartOf":{"@id":"https:\/\/mondel.ca\/#website"},"datePublished":"2022-10-31T16:59:22+00:00","dateModified":"2024-08-15T15:12:01+00:00","description":"Discover who we are at MONDEL, your gateway to becoming a cinema and television professional in Montreal.","breadcrumb":{"@id":"https:\/\/mondel.ca\/en\/about\/who-we-are\/#breadcrumb"},"inLanguage":"en-US","potentialAction":[{"@type":"ReadAction","target":["https:\/\/mondel.ca\/en\/about\/who-we-are\/"]}]},{"@type":"BreadcrumbList","@id":"https:\/\/mondel.ca\/en\/about\/who-we-are\/#breadcrumb","itemListElement":[{"@type":"ListItem","position":1,"name":"Accueil","item":"https:\/\/mondel.ca\/en\/"},{"@type":"ListItem","position":2,"name":"About","item":"https:\/\/mondel.ca\/en\/about\/"},{"@type":"ListItem","position":3,"name":"Who are we?"}]},{"@type":"WebSite","@id":"https:\/\/mondel.ca\/#website","url":"https:\/\/mondel.ca\/","name":"Mondel - l&#039;Atelier du Cin\u00e9ma","description":"Centre de formation des m\u00e9tiers techniques du cin\u00e9ma","potentialAction":[{"@type":"SearchAction","target":{"@type":"EntryPoint","urlTemplate":"https:\/\/mondel.ca\/?s={search_term_string}"},"query-input":{"@type":"PropertyValueSpecification","valueRequired":true,"valueName":"search_term_string"}}],"inLanguage":"en-US"}]}},"_links":{"self":[{"href":"https:\/\/mondel.ca\/en\/wp-json\/wp\/v2\/pages\/1441","targetHints":{"allow":["GET"]}}],"collection":[{"href":"https:\/\/mondel.ca\/en\/wp-json\/wp\/v2\/pages"}],"about":[{"href":"https:\/\/mondel.ca\/en\/wp-json\/wp\/v2\/types\/page"}],"author":[{"embeddable":true,"href":"https:\/\/mondel.ca\/en\/wp-json\/wp\/v2\/users\/2"}],"replies":[{"embeddable":true,"href":"https:\/\/mondel.ca\/en\/wp-json\/wp\/v2\/comments?post=1441"}],"version-history":[{"count":6,"href":"https:\/\/mondel.ca\/en\/wp-json\/wp\/v2\/pages\/1441\/revisions"}],"predecessor-version":[{"id":2817,"href":"https:\/\/mondel.ca\/en\/wp-json\/wp\/v2\/pages\/1441\/revisions\/2817"}],"up":[{"embeddable":true,"href":"https:\/\/mondel.ca\/en\/wp-json\/wp\/v2\/pages\/1432"}],"wp:attachment":[{"href":"https:\/\/mondel.ca\/en\/wp-json\/wp\/v2\/media?parent=1441"}],"curies":[{"name":"wp","href":"https:\/\/api.w.org\/{rel}","templated":true}]}}