{"id":1461,"date":"2022-11-01T09:18:37","date_gmt":"2022-11-01T13:18:37","guid":{"rendered":"https:\/\/mondel.ca\/admission\/etudiants-etrangers\/"},"modified":"2025-03-04T11:52:13","modified_gmt":"2025-03-04T16:52:13","slug":"foreign-students","status":"publish","type":"page","link":"https:\/\/mondel.ca\/en\/admission\/foreign-students\/","title":{"rendered":"Foreign students"},"content":{"rendered":"<p><div class=\"fusion-fullwidth fullwidth-box fusion-builder-row-1 fusion-flex-container has-pattern-background has-mask-background nonhundred-percent-fullwidth non-hundred-percent-height-scrolling\" style=\"--awb-border-radius-top-left:0px;--awb-border-radius-top-right:0px;--awb-border-radius-bottom-right:0px;--awb-border-radius-bottom-left:0px;--awb-flex-wrap:wrap;\" ><div class=\"fusion-builder-row fusion-row fusion-flex-align-items-flex-start fusion-flex-content-wrap\" style=\"max-width:1696px;margin-left: calc(-6% \/ 2 );margin-right: calc(-6% \/ 2 );\"><div class=\"fusion-layout-column fusion_builder_column fusion-builder-column-0 fusion_builder_column_1_1 1_1 fusion-flex-column fusion-animated\" style=\"--awb-bg-size:cover;--awb-width-large:100%;--awb-margin-top-large:0px;--awb-spacing-right-large:2.82%;--awb-margin-bottom-large:80px;--awb-spacing-left-large:2.82%;--awb-width-medium:100%;--awb-order-medium:0;--awb-spacing-right-medium:2.82%;--awb-spacing-left-medium:2.82%;--awb-width-small:100%;--awb-order-small:0;--awb-spacing-right-small:2.82%;--awb-spacing-left-small:2.82%;\" data-animationType=\"fadeInRight\" data-animationDuration=\"1.0\" data-animationOffset=\"top-into-view\"><div class=\"fusion-column-wrapper fusion-column-has-shadow fusion-flex-justify-content-flex-start fusion-content-layout-column\"><div class=\"fusion-title title fusion-title-1 fusion-sep-none fusion-title-text fusion-title-size-two\"><h2 class=\"fusion-title-heading title-heading-left\" style=\"margin:0;\">Questions?<\/h2><\/div><div class=\"fusion-text fusion-text-1\"><p>If you have questions about our training, do not hesitate to contact us by <a href=\"mailto:info@mondel.ca\">email<\/a> or by phone at <a href=\"tel:5148767775\">514 876-7775<\/a>.<\/p>\n<\/div><\/div><\/div><\/div><\/div><div class=\"fusion-fullwidth fullwidth-box fusion-builder-row-2 fusion-flex-container has-pattern-background has-mask-background black nonhundred-percent-fullwidth non-hundred-percent-height-scrolling\" style=\"--awb-border-radius-top-left:0px;--awb-border-radius-top-right:0px;--awb-border-radius-bottom-right:0px;--awb-border-radius-bottom-left:0px;--awb-padding-top:100px;--awb-background-color:var(--awb-color3);--awb-flex-wrap:wrap;\" ><div class=\"fusion-builder-row fusion-row fusion-flex-align-items-flex-start fusion-flex-content-wrap\" style=\"max-width:1696px;margin-left: calc(-6% \/ 2 );margin-right: calc(-6% \/ 2 );\"><div class=\"fusion-layout-column fusion_builder_column fusion-builder-column-1 fusion_builder_column_1_1 1_1 fusion-flex-column fusion-animated\" style=\"--awb-bg-size:cover;--awb-width-large:100%;--awb-margin-top-large:0px;--awb-spacing-right-large:2.82%;--awb-margin-bottom-large:80px;--awb-spacing-left-large:2.82%;--awb-width-medium:100%;--awb-order-medium:0;--awb-spacing-right-medium:2.82%;--awb-spacing-left-medium:2.82%;--awb-width-small:100%;--awb-order-small:0;--awb-spacing-right-small:2.82%;--awb-spacing-left-small:2.82%;\" data-animationType=\"fadeInUp\" data-animationDuration=\"1.0\" data-animationOffset=\"top-into-view\"><div class=\"fusion-column-wrapper fusion-column-has-shadow fusion-flex-justify-content-flex-start fusion-content-layout-column\"><div class=\"fusion-title title fusion-title-2 fusion-sep-none fusion-title-text fusion-title-size-two\"><h2 class=\"fusion-title-heading title-heading-left\" style=\"margin:0;\">Admission criteria<\/h2><\/div><div class=\"fusion-text fusion-text-2\"><ul>\n<li>18 years and older<\/li>\n<li>Possess a high school diploma (DES) or French Lyc\u00e9e, or any other training deemed equivalent.<\/li>\n<li>Good knowledge of English (spoken and written).<\/li>\n<\/ul>\n<\/div><\/div><\/div><\/div><\/div><div class=\"fusion-fullwidth fullwidth-box fusion-builder-row-3 fusion-flex-container has-pattern-background has-mask-background black nonhundred-percent-fullwidth non-hundred-percent-height-scrolling\" style=\"--awb-border-radius-top-left:0px;--awb-border-radius-top-right:0px;--awb-border-radius-bottom-right:0px;--awb-border-radius-bottom-left:0px;--awb-background-color:var(--awb-color3);--awb-flex-wrap:wrap;\" ><div class=\"fusion-builder-row fusion-row fusion-flex-align-items-flex-start fusion-flex-content-wrap\" style=\"max-width:1696px;margin-left: calc(-6% \/ 2 );margin-right: calc(-6% \/ 2 );\"><div class=\"fusion-layout-column fusion_builder_column fusion-builder-column-2 fusion_builder_column_1_1 1_1 fusion-flex-column fusion-animated\" style=\"--awb-bg-size:cover;--awb-width-large:100%;--awb-margin-top-large:0px;--awb-spacing-right-large:2.82%;--awb-margin-bottom-large:60px;--awb-spacing-left-large:2.82%;--awb-width-medium:100%;--awb-order-medium:0;--awb-spacing-right-medium:2.82%;--awb-spacing-left-medium:2.82%;--awb-width-small:100%;--awb-order-small:0;--awb-spacing-right-small:2.82%;--awb-spacing-left-small:2.82%;\" data-animationType=\"fadeInUp\" data-animationDuration=\"0.5\" data-animationOffset=\"top-into-view\"><div class=\"fusion-column-wrapper fusion-column-has-shadow fusion-flex-justify-content-flex-start fusion-content-layout-column\"><div class=\"fusion-title title fusion-title-3 fusion-sep-none fusion-title-text fusion-title-size-two\"><h2 class=\"fusion-title-heading title-heading-left\" style=\"margin:0;\">01. Admission<\/h2><\/div><div class=\"fusion-text fusion-text-3\"><p>To choose the right training, the one that best matches their profile and interests, each candidate must fill out a registration form and meet with one of our advisors to properly assess their possibilities.<\/p>\n<ul>\n<li>Please fill out the <a href=\"https:\/\/mondel.ca\/en\/admission\/foreign-students\/admission-form-foreign-students\/\">admission form<\/a><\/li>\n<li>Provide proof of date of birth<\/li>\n<li>Provide a proof of studies as well as a copy of the most recent official report card.<\/li>\n<li>Provide any relevant medical information<\/li>\n<li>Please pay the $100 file opening fee for admission, within a maximum of 5 working days after sending the admission form, by check or Interac transfer. Non-refundable fee. *A $50 fee will be charged for any bounced check.<\/li>\n<\/ul>\n<p>After receiving the file, a written invitation will be sent by email to candidates to confirm their registration and invite them to set an interview date.<\/p>\n<p><strong>Note:<\/strong> Incomplete or unreadable files will not be processed. All official documents written in a language other than French or English must be translated. The seal of the certified translator is mandatory. No document will be returned.<\/p>\n<\/div><\/div><\/div><div class=\"fusion-layout-column fusion_builder_column fusion-builder-column-3 fusion_builder_column_1_2 1_2 fusion-flex-column fusion-animated\" style=\"--awb-bg-size:cover;--awb-width-large:50%;--awb-margin-top-large:0px;--awb-spacing-right-large:5.64%;--awb-margin-bottom-large:80px;--awb-spacing-left-large:5.64%;--awb-width-medium:100%;--awb-order-medium:0;--awb-spacing-right-medium:2.82%;--awb-spacing-left-medium:2.82%;--awb-width-small:100%;--awb-order-small:0;--awb-spacing-right-small:2.82%;--awb-spacing-left-small:2.82%;\" data-animationType=\"fadeInRight\" data-animationDuration=\"0.5\" data-animationOffset=\"top-into-view\"><div class=\"fusion-column-wrapper fusion-column-has-shadow fusion-flex-justify-content-flex-start fusion-content-layout-column\"><div class=\"fusion-title title fusion-title-4 fusion-sep-none fusion-title-text fusion-title-size-three\"><h3 class=\"fusion-title-heading title-heading-left\" style=\"margin:0;\">Online<\/h3><\/div><div class=\"fusion-text fusion-text-4\"><p>Fill out the online form, click send and pay the $100 file opening fee. You can make your payment by bank transfer from your financial institution to <a href=\"mailto:comptabilite@mondel.ca.\">comptabilite@mondel.ca<\/a>.<\/p>\n<\/div><div class=\"fusion-separator fusion-full-width-sep\" style=\"align-self: center;margin-left: auto;margin-right: auto;margin-bottom:20px;width:100%;\"><\/div><div ><a class=\"fusion-button button-flat fusion-button-default-size button-default fusion-button-default button-1 fusion-button-default-span fusion-button-default-type btn-orange\" target=\"_self\" title=\"Fill in the admission form for MONDEL \u2013 The movie workshop - Training center for technical cinema and television professions\" aria-label=\"Fill in the admission form for MONDEL \u2013 The movie workshop - Training center for technical cinema and television professions\" href=\"https:\/\/mondel.ca\/en\/admission\/foreign-students\/admission-form-foreign-students\/\"><span class=\"fusion-button-text\">Fill in the admission form<\/span><i class=\"fa-arrow-right fal button-icon-right\" aria-hidden=\"true\"><\/i><\/a><\/div><\/div><\/div><div class=\"fusion-layout-column fusion_builder_column fusion-builder-column-4 fusion_builder_column_1_2 1_2 fusion-flex-column fusion-animated\" style=\"--awb-bg-size:cover;--awb-width-large:50%;--awb-margin-top-large:0px;--awb-spacing-right-large:5.64%;--awb-margin-bottom-large:80px;--awb-spacing-left-large:5.64%;--awb-width-medium:100%;--awb-order-medium:0;--awb-spacing-right-medium:2.82%;--awb-spacing-left-medium:2.82%;--awb-width-small:100%;--awb-order-small:0;--awb-spacing-right-small:2.82%;--awb-spacing-left-small:2.82%;\" data-animationType=\"fadeInLeft\" data-animationDuration=\"1.0\" data-animationOffset=\"top-into-view\"><div class=\"fusion-column-wrapper fusion-column-has-shadow fusion-flex-justify-content-flex-start fusion-content-layout-column\"><div class=\"fusion-title title fusion-title-5 fusion-sep-none fusion-title-text fusion-title-size-three\"><h3 class=\"fusion-title-heading title-heading-left\" style=\"margin:0;\">By mail<\/h3><\/div><div class=\"fusion-text fusion-text-5\"><p>Print the form, send it by mail to the following address and pay the $100 file opening fee by check in the name of:<\/p>\n<p>MONDEL-l\u2019Atelier du Cin\u00e9ma<br \/>\n4545, Pierre-De Coubertin avenue,<br \/>\nMontreal, QC H1V 0B2<\/p>\n<p>Tel.: <a href=\"tel:5148767775\">514 876-7775<\/a><\/p>\n<\/div><div class=\"fusion-text fusion-text-6 notice\"><p>*A $50 fee will be charged for any bounced check.<\/p>\n<\/div><\/div><\/div><\/div><\/div><div class=\"fusion-fullwidth fullwidth-box fusion-builder-row-4 fusion-flex-container has-pattern-background has-mask-background black nonhundred-percent-fullwidth non-hundred-percent-height-scrolling\" style=\"--awb-border-radius-top-left:0px;--awb-border-radius-top-right:0px;--awb-border-radius-bottom-right:0px;--awb-border-radius-bottom-left:0px;--awb-background-color:var(--awb-color3);--awb-flex-wrap:wrap;\" ><div class=\"fusion-builder-row fusion-row fusion-flex-align-items-flex-start fusion-flex-content-wrap\" style=\"max-width:1696px;margin-left: calc(-6% \/ 2 );margin-right: calc(-6% \/ 2 );\"><div class=\"fusion-layout-column fusion_builder_column fusion-builder-column-5 fusion_builder_column_1_1 1_1 fusion-flex-column fusion-animated\" style=\"--awb-bg-size:cover;--awb-width-large:100%;--awb-margin-top-large:0px;--awb-spacing-right-large:2.82%;--awb-margin-bottom-large:60px;--awb-spacing-left-large:2.82%;--awb-width-medium:100%;--awb-order-medium:0;--awb-spacing-right-medium:2.82%;--awb-spacing-left-medium:2.82%;--awb-width-small:100%;--awb-order-small:0;--awb-spacing-right-small:2.82%;--awb-spacing-left-small:2.82%;\" data-animationType=\"fadeInUp\" data-animationDuration=\"1.0\" data-animationOffset=\"top-into-view\"><div class=\"fusion-column-wrapper fusion-column-has-shadow fusion-flex-justify-content-flex-start fusion-content-layout-column\"><div class=\"fusion-title title fusion-title-6 fusion-sep-none fusion-title-text fusion-title-size-two\"><h2 class=\"fusion-title-heading title-heading-left\" style=\"margin:0;\">02. Registration<\/h2><\/div><div class=\"fusion-text fusion-text-7\"><p>Once the student\u2019s admission is accepted, admitted candidates will receive all the necessary information regarding the procedures to follow for program registration.<\/p>\n<\/div><\/div><\/div><\/div><\/div><div class=\"fusion-fullwidth fullwidth-box fusion-builder-row-5 fusion-flex-container has-pattern-background has-mask-background nonhundred-percent-fullwidth non-hundred-percent-height-scrolling\" style=\"--awb-border-radius-top-left:0px;--awb-border-radius-top-right:0px;--awb-border-radius-bottom-right:0px;--awb-border-radius-bottom-left:0px;--awb-padding-top:100px;--awb-flex-wrap:wrap;\" ><div class=\"fusion-builder-row fusion-row fusion-flex-align-items-flex-start fusion-flex-content-wrap\" style=\"max-width:1696px;margin-left: calc(-6% \/ 2 );margin-right: calc(-6% \/ 2 );\"><div class=\"fusion-layout-column fusion_builder_column fusion-builder-column-6 fusion_builder_column_1_1 1_1 fusion-flex-column fusion-animated\" style=\"--awb-bg-size:cover;--awb-width-large:100%;--awb-margin-top-large:0px;--awb-spacing-right-large:2.82%;--awb-margin-bottom-large:80px;--awb-spacing-left-large:2.82%;--awb-width-medium:100%;--awb-order-medium:0;--awb-spacing-right-medium:2.82%;--awb-spacing-left-medium:2.82%;--awb-width-small:100%;--awb-order-small:0;--awb-spacing-right-small:2.82%;--awb-spacing-left-small:2.82%;\" data-animationType=\"fadeInUp\" data-animationDuration=\"0.5\" data-animationOffset=\"top-into-view\"><div class=\"fusion-column-wrapper fusion-column-has-shadow fusion-flex-justify-content-flex-start fusion-content-layout-column\"><div class=\"fusion-text fusion-text-8\"><p>Given that our courses last for 3 months, you can enter Canada as visitors, no study permit is required. This information can be found on <a href=\"https:\/\/www.cic.gc.ca\/english\/helpcentre\/answer.asp?qnum=484&amp;top=15\" target=\"_blank\" rel=\"noopener\">the Government of Canada&#8217;s website<\/a>.<\/p>\n<p>If you are already in Canada, you do not need a study permit for a course or program that lasts 6 months or less. You will need a study permit if you wish to study for more than 6 months.<\/p>\n<\/div><\/div><\/div><div class=\"fusion-layout-column fusion_builder_column fusion-builder-column-7 fusion_builder_column_1_1 1_1 fusion-flex-column fusion-animated\" style=\"--awb-bg-size:cover;--awb-width-large:100%;--awb-margin-top-large:0px;--awb-spacing-right-large:2.82%;--awb-margin-bottom-large:80px;--awb-spacing-left-large:2.82%;--awb-width-medium:100%;--awb-order-medium:0;--awb-spacing-right-medium:2.82%;--awb-spacing-left-medium:2.82%;--awb-width-small:100%;--awb-order-small:0;--awb-spacing-right-small:2.82%;--awb-spacing-left-small:2.82%;\" data-animationType=\"fadeInRight\" data-animationDuration=\"1.0\" data-animationOffset=\"top-into-view\"><div class=\"fusion-column-wrapper fusion-column-has-shadow fusion-flex-justify-content-flex-start fusion-content-layout-column\"><div class=\"fusion-title title fusion-title-7 fusion-sep-none fusion-title-text fusion-title-size-two\"><h2 class=\"fusion-title-heading title-heading-left\" style=\"margin:0;\">Tuition fees<\/h2><\/div><div class=\"fusion-text fusion-text-9\"><p>Admission fee: <strong><span class=\"orange\">$100 <\/span><\/strong>(non-refundable)<\/p>\n<p>Registration: <strong><span class=\"orange\">$230<\/span><\/strong>\u00a0(non-refundable)<\/p>\n<ul>\n<li><a href=\"https:\/\/mondel.ca\/en\/courses\/camera-assistant\/\">Camera assistant<\/a> course:<strong> <span class=\"orange\">$9,995*<\/span><\/strong><\/li>\n<li><a href=\"https:\/\/mondel.ca\/en\/courses\/hair-stylist\/\">Hair stylist<\/a> course: <strong><span class=\"orange\">$8,495*<\/span><\/strong><\/li>\n<li><a href=\"https:\/\/mondel.ca\/en\/courses\/costume\/\">Costume<\/a> course: <strong><span class=\"orange\">$8,495*<\/span><\/strong><\/li>\n<li><a href=\"https:\/\/mondel.ca\/en\/courses\/set-design\/\">Set design<\/a> course: <strong><span class=\"orange\">$8,695*<\/span><\/strong><\/li>\n<li><a href=\"https:\/\/mondel.ca\/en\/courses\/lighting-technician\/\">Lighting technician<\/a> course: <strong><span class=\"orange\">$9,995*<\/span><\/strong><\/li>\n<li><a href=\"https:\/\/mondel.ca\/en\/courses\/grip\/\">Grip<\/a> course: <strong><span class=\"orange\">$9,995*<\/span><\/strong><\/li>\n<li><a href=\"https:\/\/mondel.ca\/en\/courses\/makeup\/\">Makeup<\/a> course: <strong><span class=\"orange\">$8,495*<\/span><\/strong><\/li>\n<\/ul>\n<p>*Prices before taxes.<\/p>\n<p>Students will be responsible for purchasing work shoes (steel-toed) for the following courses: <a href=\"https:\/\/mondel.ca\/en\/courses\/camera-assistant\/\" target=\"_blank\" rel=\"noopener\">Camera assistant<\/a>, <a href=\"https:\/\/mondel.ca\/en\/courses\/lighting-technician\/\" target=\"_blank\" rel=\"noopener\">Lighting technician<\/a>, <a href=\"https:\/\/mondel.ca\/en\/courses\/grip\/\" target=\"_blank\" rel=\"noopener\">Grip<\/a> and <a href=\"https:\/\/mondel.ca\/en\/courses\/set-design\/\" target=\"_blank\" rel=\"noopener\">Set design<\/a>.<\/p>\n<\/div><\/div><\/div><\/div><\/div><\/p>\n","protected":false},"excerpt":{"rendered":"","protected":false},"author":2,"featured_media":0,"parent":1450,"menu_order":0,"comment_status":"closed","ping_status":"closed","template":"100-width.php","meta":{"_acf_changed":false,"footnotes":""},"class_list":["post-1461","page","type-page","status-publish","hentry"],"acf":[],"yoast_head":"<!-- This site is optimized with the Yoast SEO plugin v24.3 - https:\/\/yoast.com\/wordpress\/plugins\/seo\/ -->\n<title>Programs for International Students at MONDEL<\/title>\n<meta name=\"description\" content=\"International students can join MONDEL&#039;s cinema and television courses in Montreal without a study permit. Learn more!\" \/>\n<meta name=\"robots\" content=\"index, follow, max-snippet:-1, max-image-preview:large, max-video-preview:-1\" \/>\n<link rel=\"canonical\" href=\"https:\/\/mondel.ca\/en\/admission\/foreign-students\/\" \/>\n<meta property=\"og:locale\" content=\"en_US\" \/>\n<meta property=\"og:type\" content=\"article\" \/>\n<meta property=\"og:title\" content=\"Programs for International Students at MONDEL\" \/>\n<meta property=\"og:description\" content=\"International students can join MONDEL&#039;s cinema and television courses in Montreal without a study permit. Learn more!\" \/>\n<meta property=\"og:url\" content=\"https:\/\/mondel.ca\/en\/admission\/foreign-students\/\" \/>\n<meta property=\"og:site_name\" content=\"Mondel - l&#039;Atelier du Cin\u00e9ma\" \/>\n<meta property=\"article:publisher\" content=\"https:\/\/www.facebook.com\/mondelatelierducinema\" \/>\n<meta property=\"article:modified_time\" content=\"2025-03-04T16:52:13+00:00\" \/>\n<meta property=\"og:image\" content=\"https:\/\/mondel.ca\/wp-content\/uploads\/2022\/11\/fbk-Mondel.png\" \/>\n\t<meta property=\"og:image:width\" content=\"1200\" \/>\n\t<meta property=\"og:image:height\" content=\"630\" \/>\n\t<meta property=\"og:image:type\" content=\"image\/png\" \/>\n<meta name=\"twitter:card\" content=\"summary_large_image\" \/>\n<meta name=\"twitter:label1\" content=\"Est. reading time\" \/>\n\t<meta name=\"twitter:data1\" content=\"3 minutes\" \/>\n<script type=\"application\/ld+json\" class=\"yoast-schema-graph\">{\"@context\":\"https:\/\/schema.org\",\"@graph\":[{\"@type\":\"WebPage\",\"@id\":\"https:\/\/mondel.ca\/en\/admission\/foreign-students\/\",\"url\":\"https:\/\/mondel.ca\/en\/admission\/foreign-students\/\",\"name\":\"Programs for International Students at MONDEL\",\"isPartOf\":{\"@id\":\"https:\/\/mondel.ca\/#website\"},\"datePublished\":\"2022-11-01T13:18:37+00:00\",\"dateModified\":\"2025-03-04T16:52:13+00:00\",\"description\":\"International students can join MONDEL's cinema and television courses in Montreal without a study permit. Learn more!\",\"breadcrumb\":{\"@id\":\"https:\/\/mondel.ca\/en\/admission\/foreign-students\/#breadcrumb\"},\"inLanguage\":\"en-US\",\"potentialAction\":[{\"@type\":\"ReadAction\",\"target\":[\"https:\/\/mondel.ca\/en\/admission\/foreign-students\/\"]}]},{\"@type\":\"BreadcrumbList\",\"@id\":\"https:\/\/mondel.ca\/en\/admission\/foreign-students\/#breadcrumb\",\"itemListElement\":[{\"@type\":\"ListItem\",\"position\":1,\"name\":\"Accueil\",\"item\":\"https:\/\/mondel.ca\/en\/\"},{\"@type\":\"ListItem\",\"position\":2,\"name\":\"Admission\",\"item\":\"https:\/\/mondel.ca\/en\/admission\/\"},{\"@type\":\"ListItem\",\"position\":3,\"name\":\"Foreign students\"}]},{\"@type\":\"WebSite\",\"@id\":\"https:\/\/mondel.ca\/#website\",\"url\":\"https:\/\/mondel.ca\/\",\"name\":\"Mondel - l&#039;Atelier du Cin\u00e9ma\",\"description\":\"Centre de formation des m\u00e9tiers techniques du cin\u00e9ma\",\"potentialAction\":[{\"@type\":\"SearchAction\",\"target\":{\"@type\":\"EntryPoint\",\"urlTemplate\":\"https:\/\/mondel.ca\/?s={search_term_string}\"},\"query-input\":{\"@type\":\"PropertyValueSpecification\",\"valueRequired\":true,\"valueName\":\"search_term_string\"}}],\"inLanguage\":\"en-US\"}]}<\/script>\n<!-- \/ Yoast SEO plugin. -->","yoast_head_json":{"title":"Programs for International Students at MONDEL","description":"International students can join MONDEL's cinema and television courses in Montreal without a study permit. Learn more!","robots":{"index":"index","follow":"follow","max-snippet":"max-snippet:-1","max-image-preview":"max-image-preview:large","max-video-preview":"max-video-preview:-1"},"canonical":"https:\/\/mondel.ca\/en\/admission\/foreign-students\/","og_locale":"en_US","og_type":"article","og_title":"Programs for International Students at MONDEL","og_description":"International students can join MONDEL's cinema and television courses in Montreal without a study permit. Learn more!","og_url":"https:\/\/mondel.ca\/en\/admission\/foreign-students\/","og_site_name":"Mondel - l&#039;Atelier du Cin\u00e9ma","article_publisher":"https:\/\/www.facebook.com\/mondelatelierducinema","article_modified_time":"2025-03-04T16:52:13+00:00","og_image":[{"width":1200,"height":630,"url":"https:\/\/mondel.ca\/wp-content\/uploads\/2022\/11\/fbk-Mondel.png","type":"image\/png"}],"twitter_card":"summary_large_image","twitter_misc":{"Est. reading time":"3 minutes"},"schema":{"@context":"https:\/\/schema.org","@graph":[{"@type":"WebPage","@id":"https:\/\/mondel.ca\/en\/admission\/foreign-students\/","url":"https:\/\/mondel.ca\/en\/admission\/foreign-students\/","name":"Programs for International Students at MONDEL","isPartOf":{"@id":"https:\/\/mondel.ca\/#website"},"datePublished":"2022-11-01T13:18:37+00:00","dateModified":"2025-03-04T16:52:13+00:00","description":"International students can join MONDEL's cinema and television courses in Montreal without a study permit. Learn more!","breadcrumb":{"@id":"https:\/\/mondel.ca\/en\/admission\/foreign-students\/#breadcrumb"},"inLanguage":"en-US","potentialAction":[{"@type":"ReadAction","target":["https:\/\/mondel.ca\/en\/admission\/foreign-students\/"]}]},{"@type":"BreadcrumbList","@id":"https:\/\/mondel.ca\/en\/admission\/foreign-students\/#breadcrumb","itemListElement":[{"@type":"ListItem","position":1,"name":"Accueil","item":"https:\/\/mondel.ca\/en\/"},{"@type":"ListItem","position":2,"name":"Admission","item":"https:\/\/mondel.ca\/en\/admission\/"},{"@type":"ListItem","position":3,"name":"Foreign students"}]},{"@type":"WebSite","@id":"https:\/\/mondel.ca\/#website","url":"https:\/\/mondel.ca\/","name":"Mondel - l&#039;Atelier du Cin\u00e9ma","description":"Centre de formation des m\u00e9tiers techniques du cin\u00e9ma","potentialAction":[{"@type":"SearchAction","target":{"@type":"EntryPoint","urlTemplate":"https:\/\/mondel.ca\/?s={search_term_string}"},"query-input":{"@type":"PropertyValueSpecification","valueRequired":true,"valueName":"search_term_string"}}],"inLanguage":"en-US"}]}},"_links":{"self":[{"href":"https:\/\/mondel.ca\/en\/wp-json\/wp\/v2\/pages\/1461","targetHints":{"allow":["GET"]}}],"collection":[{"href":"https:\/\/mondel.ca\/en\/wp-json\/wp\/v2\/pages"}],"about":[{"href":"https:\/\/mondel.ca\/en\/wp-json\/wp\/v2\/types\/page"}],"author":[{"embeddable":true,"href":"https:\/\/mondel.ca\/en\/wp-json\/wp\/v2\/users\/2"}],"replies":[{"embeddable":true,"href":"https:\/\/mondel.ca\/en\/wp-json\/wp\/v2\/comments?post=1461"}],"version-history":[{"count":15,"href":"https:\/\/mondel.ca\/en\/wp-json\/wp\/v2\/pages\/1461\/revisions"}],"predecessor-version":[{"id":3270,"href":"https:\/\/mondel.ca\/en\/wp-json\/wp\/v2\/pages\/1461\/revisions\/3270"}],"up":[{"embeddable":true,"href":"https:\/\/mondel.ca\/en\/wp-json\/wp\/v2\/pages\/1450"}],"wp:attachment":[{"href":"https:\/\/mondel.ca\/en\/wp-json\/wp\/v2\/media?parent=1461"}],"curies":[{"name":"wp","href":"https:\/\/api.w.org\/{rel}","templated":true}]}}