{"id":1494,"date":"2022-11-01T10:57:09","date_gmt":"2022-11-01T14:57:09","guid":{"rendered":"https:\/\/mondel.ca\/courses\/assistant-e-directeur-trice-des-lieux-de-tournage\/"},"modified":"2025-08-20T10:43:57","modified_gmt":"2025-08-20T14:43:57","slug":"assistant-location-manager","status":"publish","type":"page","link":"https:\/\/mondel.ca\/en\/courses\/assistant-location-manager\/","title":{"rendered":"Assistant location manager"},"content":{"rendered":"<p><div class=\"fusion-fullwidth fullwidth-box fusion-builder-row-1 fusion-flex-container has-pattern-background has-mask-background black nonhundred-percent-fullwidth non-hundred-percent-height-scrolling\" style=\"--awb-border-radius-top-left:0px;--awb-border-radius-top-right:0px;--awb-border-radius-bottom-right:0px;--awb-border-radius-bottom-left:0px;--awb-padding-top:100px;--awb-padding-bottom:60px;--awb-background-color:var(--awb-color3);--awb-flex-wrap:wrap;\" ><div class=\"fusion-builder-row fusion-row fusion-flex-align-items-flex-start fusion-flex-content-wrap\" style=\"max-width:1696px;margin-left: calc(-6% \/ 2 );margin-right: calc(-6% \/ 2 );\"><div class=\"fusion-layout-column fusion_builder_column fusion-builder-column-0 fusion_builder_column_1_1 1_1 fusion-flex-column fusion-animated\" style=\"--awb-bg-size:cover;--awb-width-large:100%;--awb-margin-top-large:0px;--awb-spacing-right-large:2.82%;--awb-margin-bottom-large:50px;--awb-spacing-left-large:2.82%;--awb-width-medium:100%;--awb-order-medium:0;--awb-spacing-right-medium:2.82%;--awb-spacing-left-medium:2.82%;--awb-width-small:100%;--awb-order-small:0;--awb-spacing-right-small:2.82%;--awb-spacing-left-small:2.82%;\" data-animationType=\"fadeInRight\" data-animationDuration=\"1.0\" data-animationOffset=\"top-into-view\"><div class=\"fusion-column-wrapper fusion-column-has-shadow fusion-flex-justify-content-flex-start fusion-content-layout-column\"><div class=\"fusion-image-element \" style=\"--awb-max-width:200px;--awb-caption-title-font-family:var(--h2_typography-font-family);--awb-caption-title-font-weight:var(--h2_typography-font-weight);--awb-caption-title-font-style:var(--h2_typography-font-style);--awb-caption-title-size:var(--h2_typography-font-size);--awb-caption-title-transform:var(--h2_typography-text-transform);--awb-caption-title-line-height:var(--h2_typography-line-height);--awb-caption-title-letter-spacing:var(--h2_typography-letter-spacing);\"><span class=\" fusion-imageframe imageframe-none imageframe-1 hover-type-none\"><img decoding=\"async\" width=\"150\" height=\"137\" alt=\"Assistant location manager course - MONDEL \u2013 L\u2019Atelier du Cin\u00e9ma \u2013 Training Center for Technical Cinema and Television Professions\" title=\"icon-Mondel-assitant-lieux-tournage\" src=\"https:\/\/mondel.ca\/wp-content\/uploads\/2022\/10\/icon-Mondel-assitant-lieux-tournage.svg\" class=\"img-responsive wp-image-1373\"\/><\/span><\/div><\/div><\/div><div class=\"fusion-layout-column fusion_builder_column fusion-builder-column-1 fusion_builder_column_1_1 1_1 fusion-flex-column fusion-animated\" style=\"--awb-bg-size:cover;--awb-width-large:100%;--awb-margin-top-large:0px;--awb-spacing-right-large:2.82%;--awb-margin-bottom-large:80px;--awb-spacing-left-large:2.82%;--awb-width-medium:100%;--awb-order-medium:0;--awb-spacing-right-medium:2.82%;--awb-spacing-left-medium:2.82%;--awb-width-small:100%;--awb-order-small:0;--awb-spacing-right-small:2.82%;--awb-spacing-left-small:2.82%;\" data-animationType=\"fadeInUp\" data-animationDuration=\"1.0\" data-animationOffset=\"top-into-view\"><div class=\"fusion-column-wrapper fusion-column-has-shadow fusion-flex-justify-content-flex-start fusion-content-layout-column\"><div class=\"fusion-title title fusion-title-1 fusion-sep-none fusion-title-text fusion-title-size-one\"><h1 class=\"fusion-title-heading title-heading-left\" style=\"margin:0;\">Assistant location manager<\/h1><\/div><div class=\"fusion-text fusion-text-1\"><p>The Assistant Location Manager aids the Location Manager who is responsible for scouting and renting filming locations outside a studio. They collaborate with the director, the production designer, and\/or the art director on a visual level. They operate under the ultimate supervision of the producer or one of their representatives, who must approve their choices and authorize the financial commitments made on behalf of the production.<\/p>\n<p>The Assistant Location Manager works under the supervision of the Location Manager, to whom certain tasks are delegated. On the request of the latter, they carry out various tasks, especially administrative ones. More specifically, the Assistant Location Manager assists the Location Manager who typically, but not exclusively, performs most or all of the following tasks:<\/p>\n<ul>\n<li>Analyze the production&#8217;s needs in terms of filming locations;<\/li>\n<li>Identify, select, and suggest filming locations to the director, art designer, and\/or art director for the final approval of the producer or one of their representatives;<\/li>\n<li>Based on the budgetary parameters set by the producer, develop, suggest, and manage the department&#8217;s budgets;<\/li>\n<li>Negotiate and finalize rental agreements with the owners of the chosen filming locations, acting as the authorized representative of the producer;<\/li>\n<li>Obtain from the competent authorities the necessary authorizations or permits for renting and using the selected filming locations and other required spaces for the production;<\/li>\n<li>Inform the various concerned departments about the hours and terms of use of the chosen space(s);<\/li>\n<li>Ensure compliance with rental agreements made for the production, particularly regarding the preservation of the general condition of the rented spaces and the terms of their use;<\/li>\n<li>Liaise with the local population of the chosen location and communicate with the appropriate local film or council office, maintaining contact throughout the crew&#8217;s stay in a given region;<\/li>\n<li>Ensure the cleanliness and proper use of the filming locations, especially by coordinating, together with the stage manager (if applicable), cleaning services, security, crew setup, and end-of-day cleanup (wrap);<\/li>\n<li>Search for filming locations, through documentary research or on-site;<\/li>\n<li>Communicate with the owners of identified locations to assess if their property can be used for the production;<\/li>\n<li>Properly document the research done, by photographing potential filming locations and recording the contact details of key individuals and any other relevant information about potential filming locations;<\/li>\n<li>Report on research.<\/li>\n<\/ul>\n<\/div><div class=\"fusion-text fusion-text-2 notice\"><p>*Please note that the male gender has been used to simplify the reading and has no discriminatory intent.<\/p>\n<\/div><\/div><\/div><div class=\"fusion-layout-column fusion_builder_column fusion-builder-column-2 fusion_builder_column_1_1 1_1 fusion-flex-column fusion-animated\" style=\"--awb-bg-size:cover;--awb-width-large:100%;--awb-margin-top-large:0px;--awb-spacing-right-large:2.82%;--awb-margin-bottom-large:80px;--awb-spacing-left-large:2.82%;--awb-width-medium:100%;--awb-order-medium:0;--awb-spacing-right-medium:2.82%;--awb-spacing-left-medium:2.82%;--awb-width-small:100%;--awb-order-small:0;--awb-spacing-right-small:2.82%;--awb-spacing-left-small:2.82%;\" data-animationType=\"fadeInRight\" data-animationDuration=\"1.0\" data-animationOffset=\"top-into-view\"><div class=\"fusion-column-wrapper fusion-column-has-shadow fusion-flex-justify-content-flex-start fusion-content-layout-column\"><div class=\"fusion-video fusion-youtube\" style=\"--awb-max-width:854px;--awb-max-height:480px;--awb-align-self:center;--awb-width:100%;\"><div class=\"video-shortcode\"><div class=\"fluid-width-video-wrapper\" style=\"padding-top:56.21%;\" ><iframe title=\"YouTube video player 1\" src=\"https:\/\/www.youtube.com\/embed\/xMSqA3FNPdk?wmode=transparent&autoplay=0&amp;rel=0\" width=\"854\" height=\"480\" allowfullscreen allow=\"autoplay; fullscreen\"><\/iframe><\/div><\/div><\/div><\/div><\/div><\/div><\/div><div class=\"fusion-fullwidth fullwidth-box fusion-builder-row-2 fusion-flex-container has-pattern-background has-mask-background black nonhundred-percent-fullwidth non-hundred-percent-height-scrolling\" style=\"--awb-border-radius-top-left:0px;--awb-border-radius-top-right:0px;--awb-border-radius-bottom-right:0px;--awb-border-radius-bottom-left:0px;--awb-padding-bottom:100px;--awb-background-color:var(--awb-color3);--awb-flex-wrap:wrap;\" ><div class=\"fusion-builder-row fusion-row fusion-flex-align-items-flex-start fusion-flex-content-wrap\" style=\"max-width:1696px;margin-left: calc(-6% \/ 2 );margin-right: calc(-6% \/ 2 );\"><div class=\"fusion-layout-column fusion_builder_column fusion-builder-column-3 fusion_builder_column_1_1 1_1 fusion-flex-column fusion-animated\" style=\"--awb-bg-size:cover;--awb-width-large:100%;--awb-margin-top-large:0px;--awb-spacing-right-large:2.82%;--awb-margin-bottom-large:0px;--awb-spacing-left-large:2.82%;--awb-width-medium:100%;--awb-order-medium:0;--awb-spacing-right-medium:2.82%;--awb-spacing-left-medium:2.82%;--awb-width-small:100%;--awb-order-small:0;--awb-spacing-right-small:2.82%;--awb-spacing-left-small:2.82%;\" data-animationType=\"fadeInRight\" data-animationDuration=\"1.0\" data-animationOffset=\"top-into-view\"><div class=\"fusion-column-wrapper fusion-column-has-shadow fusion-flex-justify-content-flex-start fusion-content-layout-column\"><div class=\"fusion-title title fusion-title-2 fusion-sep-none fusion-title-text fusion-title-size-two\"><h2 class=\"fusion-title-heading title-heading-left\" style=\"margin:0;\">Course plan<\/h2><\/div><\/div><\/div><div class=\"fusion-layout-column fusion_builder_column fusion-builder-column-4 fusion_builder_column_1_3 1_3 fusion-flex-column fusion-animated\" style=\"--awb-bg-size:cover;--awb-width-large:33.333333333333%;--awb-margin-top-large:0px;--awb-spacing-right-large:8.46%;--awb-margin-bottom-large:0px;--awb-spacing-left-large:8.46%;--awb-width-medium:50%;--awb-order-medium:0;--awb-spacing-right-medium:5.64%;--awb-spacing-left-medium:5.64%;--awb-width-small:100%;--awb-order-small:0;--awb-spacing-right-small:2.82%;--awb-spacing-left-small:2.82%;\" data-animationType=\"fadeInUp\" data-animationDuration=\"0.3\" data-animationOffset=\"top-into-view\"><div class=\"fusion-column-wrapper fusion-column-has-shadow fusion-flex-justify-content-flex-start fusion-content-layout-column\"><div class=\"fusion-text fusion-text-3\"><ul>\n<li>Department operations and responsibilities<\/li>\n<li>Screenplay analysis and breakdown\u00e0<\/li>\n<li>Creative location analysis<\/li>\n<li>Location scouting<\/li>\n<li>Photo shooting<\/li>\n<li>Quebec architectural styles<\/li>\n<li>Budgeting<\/li>\n<li>Technical visit<\/li>\n<li>Location preparation<\/li>\n<li>Set management<\/li>\n<li>Set restoration<\/li>\n<li>Professional ethics<\/li>\n<li>Laws and regulations: legal aspects<\/li>\n<\/ul>\n<\/div><\/div><\/div><div class=\"fusion-layout-column fusion_builder_column fusion-builder-column-5 fusion_builder_column_1_3 1_3 fusion-flex-column fusion-animated\" style=\"--awb-bg-size:cover;--awb-width-large:33.333333333333%;--awb-margin-top-large:0px;--awb-spacing-right-large:8.46%;--awb-margin-bottom-large:0px;--awb-spacing-left-large:8.46%;--awb-width-medium:50%;--awb-order-medium:0;--awb-spacing-right-medium:5.64%;--awb-spacing-left-medium:5.64%;--awb-width-small:100%;--awb-order-small:0;--awb-spacing-right-small:2.82%;--awb-spacing-left-small:2.82%;\" data-animationType=\"fadeInUp\" data-animationDuration=\"0.6\" data-animationOffset=\"top-into-view\"><div class=\"fusion-column-wrapper fusion-column-has-shadow fusion-flex-justify-content-flex-start fusion-content-layout-column\"><div class=\"fusion-text fusion-text-4\"><ul>\n<li>Introduction to the building code: visual inspection<\/li>\n<li>Working with drones and helicopters<\/li>\n<li>Basic logistics, set and green room<\/li>\n<li>Working with water: rain, pool and ice field<\/li>\n<li>Big budget foreign productions versus Quebec productions<\/li>\n<li>Bureau du Cin\u00e9ma et de la T\u00e9l\u00e9vision du Qu\u00e9bec (BCTQ): presentation of the office and photo library<\/li>\n<li>Film Laurentides: policies, permits and photo library<\/li>\n<li>Qu\u00e9bec : policies, permits and photo library<\/li>\n<li>Bureau du cin\u00e9ma du Saguenay : policies, permits and photo library<\/li>\n<\/ul>\n<\/div><\/div><\/div><div class=\"fusion-layout-column fusion_builder_column fusion-builder-column-6 fusion_builder_column_1_3 1_3 fusion-flex-column fusion-animated\" style=\"--awb-bg-size:cover;--awb-width-large:33.333333333333%;--awb-margin-top-large:0px;--awb-spacing-right-large:8.46%;--awb-margin-bottom-large:0px;--awb-spacing-left-large:8.46%;--awb-width-medium:100%;--awb-order-medium:0;--awb-spacing-right-medium:2.82%;--awb-spacing-left-medium:2.82%;--awb-width-small:100%;--awb-order-small:0;--awb-spacing-right-small:2.82%;--awb-spacing-left-small:2.82%;\" data-animationType=\"fadeInUp\" data-animationDuration=\"0.9\" data-animationOffset=\"top-into-view\"><div class=\"fusion-column-wrapper fusion-column-has-shadow fusion-flex-justify-content-flex-start fusion-content-layout-column\"><div class=\"fusion-text fusion-text-5\"><ul>\n<li>Bureau du cin\u00e9ma et de la t\u00e9l\u00e9vision de Montr\u00e9al (BCTM) : city of Montreal bylaws<\/li>\n<li>Bureau du cin\u00e9ma et de la t\u00e9l\u00e9vision de Montr\u00e9al (BCTM): street blockage management, detour plan<\/li>\n<li>Bureau du cin\u00e9ma et de la t\u00e9l\u00e9vision de Montr\u00e9al (BCTM): policies on towing and on-street truck parking<\/li>\n<li>Municipal by-laws: other municipalities<\/li>\n<li>Basic software training: Word, Excel, PDF, Preview, Dropbox<\/li>\n<li>Directors&#8217; Guide of Canada: union contract<\/li>\n<li>Tour of filming locations<\/li>\n<li>Bureau du cin\u00e9ma et de la t\u00e9l\u00e9vision de la ville de Longueuil<\/li>\n<li>Final simulation<\/li>\n<\/ul>\n<\/div><\/div><\/div><\/div><\/div><div class=\"fusion-fullwidth fullwidth-box fusion-builder-row-3 fusion-flex-container has-pattern-background has-mask-background nonhundred-percent-fullwidth non-hundred-percent-height-scrolling\" style=\"--awb-border-radius-top-left:0px;--awb-border-radius-top-right:0px;--awb-border-radius-bottom-right:0px;--awb-border-radius-bottom-left:0px;--awb-padding-top:100px;--awb-padding-bottom:50px;--awb-flex-wrap:wrap;\" ><div class=\"fusion-builder-row fusion-row fusion-flex-align-items-flex-start fusion-flex-content-wrap\" style=\"max-width:1696px;margin-left: calc(-6% \/ 2 );margin-right: calc(-6% \/ 2 );\"><div class=\"fusion-layout-column fusion_builder_column fusion-builder-column-7 fusion_builder_column_1_1 1_1 fusion-flex-column fusion-animated\" style=\"--awb-bg-size:cover;--awb-width-large:100%;--awb-margin-top-large:0px;--awb-spacing-right-large:2.82%;--awb-margin-bottom-large:20px;--awb-spacing-left-large:2.82%;--awb-width-medium:100%;--awb-order-medium:0;--awb-spacing-right-medium:2.82%;--awb-spacing-left-medium:2.82%;--awb-width-small:100%;--awb-order-small:0;--awb-spacing-right-small:2.82%;--awb-spacing-left-small:2.82%;\" data-animationType=\"fadeInUp\" data-animationDuration=\"1.0\" data-animationOffset=\"top-into-view\"><div class=\"fusion-column-wrapper fusion-column-has-shadow fusion-flex-justify-content-flex-start fusion-content-layout-column\"><div class=\"fusion-title title fusion-title-3 fusion-sep-none fusion-title-text fusion-title-size-two\"><h2 class=\"fusion-title-heading title-heading-left\" style=\"margin:0;\">General skill courses<\/h2><\/div><div class=\"fusion-text fusion-text-6\"><p>Here is the content of the general skill courses that takes place in the first hours of all training programs:<\/p>\n<\/div><\/div><\/div><div class=\"fusion-layout-column fusion_builder_column fusion-builder-column-8 fusion_builder_column_1_2 1_2 fusion-flex-column fusion-animated\" style=\"--awb-bg-size:cover;--awb-width-large:50%;--awb-margin-top-large:0px;--awb-spacing-right-large:5.64%;--awb-margin-bottom-large:0px;--awb-spacing-left-large:5.64%;--awb-width-medium:50%;--awb-order-medium:0;--awb-spacing-right-medium:5.64%;--awb-spacing-left-medium:5.64%;--awb-width-small:100%;--awb-order-small:0;--awb-spacing-right-small:2.82%;--awb-spacing-left-small:2.82%;\" data-animationType=\"fadeInRight\" data-animationDuration=\"0.5\" data-animationOffset=\"top-into-view\"><div class=\"fusion-column-wrapper fusion-column-has-shadow fusion-flex-justify-content-flex-start fusion-content-layout-column\"><div class=\"fusion-text fusion-text-7\"><ul>\n<li>Act respecting owners, operators and drivers of heavy vehicles (Bill 430)<\/li>\n<li>Awareness of the impact of filming on the living environment and residents<\/li>\n<li>Financial income and personal taxation<\/li>\n<li>First aid in the workplace<\/li>\n<li>Hazardous products and WHMIS<\/li>\n<li>History of Quebec cinema<\/li>\n<li>Introduction to the union &#8211; AQTIS 514 IATSE<\/li>\n<li>Introductory visit to a film set<\/li>\n<li>Masterclass conference, open to the public<\/li>\n<li>Notions of ecology: application of green sets<\/li>\n<li>Occupational Health and Safety on film sets<\/li>\n<li>Penal and criminal liability (Bill C-21)<\/li>\n<li>Personal responsibility and rental equipment<\/li>\n<\/ul>\n<\/div><\/div><\/div><div class=\"fusion-layout-column fusion_builder_column fusion-builder-column-9 fusion_builder_column_1_2 1_2 fusion-flex-column fusion-animated\" style=\"--awb-bg-size:cover;--awb-width-large:50%;--awb-margin-top-large:0px;--awb-spacing-right-large:5.64%;--awb-margin-bottom-large:80px;--awb-spacing-left-large:5.64%;--awb-width-medium:50%;--awb-order-medium:0;--awb-spacing-right-medium:5.64%;--awb-spacing-left-medium:5.64%;--awb-width-small:100%;--awb-order-small:0;--awb-spacing-right-small:2.82%;--awb-spacing-left-small:2.82%;\" data-animationType=\"fadeInLeft\" data-animationDuration=\"1.0\" data-animationOffset=\"top-into-view\"><div class=\"fusion-column-wrapper fusion-column-has-shadow fusion-flex-justify-content-flex-start fusion-content-layout-column\"><div class=\"fusion-text fusion-text-8\"><ul>\n<li>Personal finances<\/li>\n<li>Presentation of key positions in production departments<\/li>\n<li>Presentation of the AQTIS-514-IATSE union agreement<\/li>\n<li>Sanitary measures and the pandemic<\/li>\n<li>Teamwork, interdepartmental interaction and hierarchy<\/li>\n<li>The Actor\u2019s role and relationship with the technical team<\/li>\n<li>The Producer\u2019s role and relationship with his technical team<\/li>\n<li>Understanding direction and production documents<\/li>\n<\/ul>\n<\/div><\/div><\/div><\/div><\/div><\/p>\n","protected":false},"excerpt":{"rendered":"","protected":false},"author":2,"featured_media":0,"parent":1452,"menu_order":0,"comment_status":"closed","ping_status":"closed","template":"100-width.php","meta":{"_acf_changed":false,"footnotes":""},"class_list":["post-1494","page","type-page","status-publish","hentry"],"acf":[],"yoast_head":"<!-- This site is optimized with the Yoast SEO plugin v24.3 - https:\/\/yoast.com\/wordpress\/plugins\/seo\/ -->\n<title>Training for Assistant Location Managers at MONDEL<\/title>\n<meta name=\"description\" content=\"Aspiring to manage film locations? MONDEL offers the training you need to succeed as an Assistant Location Manager in Montreal.\" \/>\n<meta name=\"robots\" content=\"index, follow, max-snippet:-1, max-image-preview:large, max-video-preview:-1\" \/>\n<link rel=\"canonical\" href=\"https:\/\/mondel.ca\/en\/courses\/assistant-location-manager\/\" \/>\n<meta property=\"og:locale\" content=\"en_US\" \/>\n<meta property=\"og:type\" content=\"article\" \/>\n<meta property=\"og:title\" content=\"Training for Assistant Location Managers at MONDEL\" \/>\n<meta property=\"og:description\" content=\"Aspiring to manage film locations? MONDEL offers the training you need to succeed as an Assistant Location Manager in Montreal.\" \/>\n<meta property=\"og:url\" content=\"https:\/\/mondel.ca\/en\/courses\/assistant-location-manager\/\" \/>\n<meta property=\"og:site_name\" content=\"Mondel - l&#039;Atelier du Cin\u00e9ma\" \/>\n<meta property=\"article:publisher\" content=\"https:\/\/www.facebook.com\/mondelatelierducinema\" \/>\n<meta property=\"article:modified_time\" content=\"2025-08-20T14:43:57+00:00\" \/>\n<meta property=\"og:image\" content=\"https:\/\/mondel.ca\/wp-content\/uploads\/2022\/11\/fbk-Mondel.png\" \/>\n\t<meta property=\"og:image:width\" content=\"1200\" \/>\n\t<meta property=\"og:image:height\" content=\"630\" \/>\n\t<meta property=\"og:image:type\" content=\"image\/png\" \/>\n<meta name=\"twitter:card\" content=\"summary_large_image\" \/>\n<meta name=\"twitter:label1\" content=\"Est. reading time\" \/>\n\t<meta name=\"twitter:data1\" content=\"5 minutes\" \/>\n<script type=\"application\/ld+json\" class=\"yoast-schema-graph\">{\"@context\":\"https:\/\/schema.org\",\"@graph\":[{\"@type\":\"WebPage\",\"@id\":\"https:\/\/mondel.ca\/en\/courses\/assistant-location-manager\/\",\"url\":\"https:\/\/mondel.ca\/en\/courses\/assistant-location-manager\/\",\"name\":\"Training for Assistant Location Managers at MONDEL\",\"isPartOf\":{\"@id\":\"https:\/\/mondel.ca\/#website\"},\"datePublished\":\"2022-11-01T14:57:09+00:00\",\"dateModified\":\"2025-08-20T14:43:57+00:00\",\"description\":\"Aspiring to manage film locations? MONDEL offers the training you need to succeed as an Assistant Location Manager in Montreal.\",\"breadcrumb\":{\"@id\":\"https:\/\/mondel.ca\/en\/courses\/assistant-location-manager\/#breadcrumb\"},\"inLanguage\":\"en-US\",\"potentialAction\":[{\"@type\":\"ReadAction\",\"target\":[\"https:\/\/mondel.ca\/en\/courses\/assistant-location-manager\/\"]}]},{\"@type\":\"BreadcrumbList\",\"@id\":\"https:\/\/mondel.ca\/en\/courses\/assistant-location-manager\/#breadcrumb\",\"itemListElement\":[{\"@type\":\"ListItem\",\"position\":1,\"name\":\"Accueil\",\"item\":\"https:\/\/mondel.ca\/en\/\"},{\"@type\":\"ListItem\",\"position\":2,\"name\":\"Courses\",\"item\":\"https:\/\/mondel.ca\/en\/courses\/\"},{\"@type\":\"ListItem\",\"position\":3,\"name\":\"Assistant location manager\"}]},{\"@type\":\"WebSite\",\"@id\":\"https:\/\/mondel.ca\/#website\",\"url\":\"https:\/\/mondel.ca\/\",\"name\":\"Mondel - l&#039;Atelier du Cin\u00e9ma\",\"description\":\"Centre de formation des m\u00e9tiers techniques du cin\u00e9ma\",\"potentialAction\":[{\"@type\":\"SearchAction\",\"target\":{\"@type\":\"EntryPoint\",\"urlTemplate\":\"https:\/\/mondel.ca\/?s={search_term_string}\"},\"query-input\":{\"@type\":\"PropertyValueSpecification\",\"valueRequired\":true,\"valueName\":\"search_term_string\"}}],\"inLanguage\":\"en-US\"}]}<\/script>\n<!-- \/ Yoast SEO plugin. -->","yoast_head_json":{"title":"Training for Assistant Location Managers at MONDEL","description":"Aspiring to manage film locations? MONDEL offers the training you need to succeed as an Assistant Location Manager in Montreal.","robots":{"index":"index","follow":"follow","max-snippet":"max-snippet:-1","max-image-preview":"max-image-preview:large","max-video-preview":"max-video-preview:-1"},"canonical":"https:\/\/mondel.ca\/en\/courses\/assistant-location-manager\/","og_locale":"en_US","og_type":"article","og_title":"Training for Assistant Location Managers at MONDEL","og_description":"Aspiring to manage film locations? MONDEL offers the training you need to succeed as an Assistant Location Manager in Montreal.","og_url":"https:\/\/mondel.ca\/en\/courses\/assistant-location-manager\/","og_site_name":"Mondel - l&#039;Atelier du Cin\u00e9ma","article_publisher":"https:\/\/www.facebook.com\/mondelatelierducinema","article_modified_time":"2025-08-20T14:43:57+00:00","og_image":[{"width":1200,"height":630,"url":"https:\/\/mondel.ca\/wp-content\/uploads\/2022\/11\/fbk-Mondel.png","type":"image\/png"}],"twitter_card":"summary_large_image","twitter_misc":{"Est. reading time":"5 minutes"},"schema":{"@context":"https:\/\/schema.org","@graph":[{"@type":"WebPage","@id":"https:\/\/mondel.ca\/en\/courses\/assistant-location-manager\/","url":"https:\/\/mondel.ca\/en\/courses\/assistant-location-manager\/","name":"Training for Assistant Location Managers at MONDEL","isPartOf":{"@id":"https:\/\/mondel.ca\/#website"},"datePublished":"2022-11-01T14:57:09+00:00","dateModified":"2025-08-20T14:43:57+00:00","description":"Aspiring to manage film locations? MONDEL offers the training you need to succeed as an Assistant Location Manager in Montreal.","breadcrumb":{"@id":"https:\/\/mondel.ca\/en\/courses\/assistant-location-manager\/#breadcrumb"},"inLanguage":"en-US","potentialAction":[{"@type":"ReadAction","target":["https:\/\/mondel.ca\/en\/courses\/assistant-location-manager\/"]}]},{"@type":"BreadcrumbList","@id":"https:\/\/mondel.ca\/en\/courses\/assistant-location-manager\/#breadcrumb","itemListElement":[{"@type":"ListItem","position":1,"name":"Accueil","item":"https:\/\/mondel.ca\/en\/"},{"@type":"ListItem","position":2,"name":"Courses","item":"https:\/\/mondel.ca\/en\/courses\/"},{"@type":"ListItem","position":3,"name":"Assistant location manager"}]},{"@type":"WebSite","@id":"https:\/\/mondel.ca\/#website","url":"https:\/\/mondel.ca\/","name":"Mondel - l&#039;Atelier du Cin\u00e9ma","description":"Centre de formation des m\u00e9tiers techniques du cin\u00e9ma","potentialAction":[{"@type":"SearchAction","target":{"@type":"EntryPoint","urlTemplate":"https:\/\/mondel.ca\/?s={search_term_string}"},"query-input":{"@type":"PropertyValueSpecification","valueRequired":true,"valueName":"search_term_string"}}],"inLanguage":"en-US"}]}},"_links":{"self":[{"href":"https:\/\/mondel.ca\/en\/wp-json\/wp\/v2\/pages\/1494","targetHints":{"allow":["GET"]}}],"collection":[{"href":"https:\/\/mondel.ca\/en\/wp-json\/wp\/v2\/pages"}],"about":[{"href":"https:\/\/mondel.ca\/en\/wp-json\/wp\/v2\/types\/page"}],"author":[{"embeddable":true,"href":"https:\/\/mondel.ca\/en\/wp-json\/wp\/v2\/users\/2"}],"replies":[{"embeddable":true,"href":"https:\/\/mondel.ca\/en\/wp-json\/wp\/v2\/comments?post=1494"}],"version-history":[{"count":23,"href":"https:\/\/mondel.ca\/en\/wp-json\/wp\/v2\/pages\/1494\/revisions"}],"predecessor-version":[{"id":3543,"href":"https:\/\/mondel.ca\/en\/wp-json\/wp\/v2\/pages\/1494\/revisions\/3543"}],"up":[{"embeddable":true,"href":"https:\/\/mondel.ca\/en\/wp-json\/wp\/v2\/pages\/1452"}],"wp:attachment":[{"href":"https:\/\/mondel.ca\/en\/wp-json\/wp\/v2\/media?parent=1494"}],"curies":[{"name":"wp","href":"https:\/\/api.w.org\/{rel}","templated":true}]}}