{"id":1505,"date":"2022-11-01T11:01:46","date_gmt":"2022-11-01T15:01:46","guid":{"rendered":"https:\/\/mondel.ca\/courses\/chauffeur-e-transport\/"},"modified":"2025-10-14T10:08:15","modified_gmt":"2025-10-14T14:08:15","slug":"driver-transport","status":"publish","type":"page","link":"https:\/\/mondel.ca\/en\/courses\/driver-transport\/","title":{"rendered":"Driver-transport"},"content":{"rendered":"<p><div class=\"fusion-fullwidth fullwidth-box fusion-builder-row-1 fusion-flex-container has-pattern-background has-mask-background black nonhundred-percent-fullwidth non-hundred-percent-height-scrolling\" style=\"--awb-border-radius-top-left:0px;--awb-border-radius-top-right:0px;--awb-border-radius-bottom-right:0px;--awb-border-radius-bottom-left:0px;--awb-padding-top:100px;--awb-padding-bottom:60px;--awb-background-color:var(--awb-color3);--awb-flex-wrap:wrap;\" ><div class=\"fusion-builder-row fusion-row fusion-flex-align-items-flex-start fusion-flex-content-wrap\" style=\"max-width:1696px;margin-left: calc(-6% \/ 2 );margin-right: calc(-6% \/ 2 );\"><div class=\"fusion-layout-column fusion_builder_column fusion-builder-column-0 fusion_builder_column_1_1 1_1 fusion-flex-column fusion-animated\" style=\"--awb-bg-size:cover;--awb-width-large:100%;--awb-margin-top-large:0px;--awb-spacing-right-large:2.82%;--awb-margin-bottom-large:50px;--awb-spacing-left-large:2.82%;--awb-width-medium:100%;--awb-order-medium:0;--awb-spacing-right-medium:2.82%;--awb-spacing-left-medium:2.82%;--awb-width-small:100%;--awb-order-small:0;--awb-spacing-right-small:2.82%;--awb-spacing-left-small:2.82%;\" data-animationType=\"fadeInRight\" data-animationDuration=\"1.0\" data-animationOffset=\"top-into-view\"><div class=\"fusion-column-wrapper fusion-column-has-shadow fusion-flex-justify-content-flex-start fusion-content-layout-column\"><div class=\"fusion-image-element \" style=\"--awb-max-width:200px;--awb-caption-title-font-family:var(--h2_typography-font-family);--awb-caption-title-font-weight:var(--h2_typography-font-weight);--awb-caption-title-font-style:var(--h2_typography-font-style);--awb-caption-title-size:var(--h2_typography-font-size);--awb-caption-title-transform:var(--h2_typography-text-transform);--awb-caption-title-line-height:var(--h2_typography-line-height);--awb-caption-title-letter-spacing:var(--h2_typography-letter-spacing);\"><span class=\" fusion-imageframe imageframe-none imageframe-1 hover-type-none\"><img decoding=\"async\" width=\"129\" height=\"85\" alt=\"Driver-transport course - MONDEL \u2013 L\u2019Atelier du Cin\u00e9ma \u2013 Training Center for Technical Cinema and Television Professions\" title=\"icon-Mondel-chauffeur-transport\" src=\"https:\/\/mondel.ca\/wp-content\/uploads\/2022\/10\/icon-Mondel-chauffeur-transport.svg\" class=\"img-responsive wp-image-1374\"\/><\/span><\/div><\/div><\/div><div class=\"fusion-layout-column fusion_builder_column fusion-builder-column-1 fusion_builder_column_1_1 1_1 fusion-flex-column fusion-animated\" style=\"--awb-bg-size:cover;--awb-width-large:100%;--awb-margin-top-large:0px;--awb-spacing-right-large:2.82%;--awb-margin-bottom-large:80px;--awb-spacing-left-large:2.82%;--awb-width-medium:100%;--awb-order-medium:0;--awb-spacing-right-medium:2.82%;--awb-spacing-left-medium:2.82%;--awb-width-small:100%;--awb-order-small:0;--awb-spacing-right-small:2.82%;--awb-spacing-left-small:2.82%;\" data-animationType=\"fadeInUp\" data-animationDuration=\"1.0\" data-animationOffset=\"top-into-view\"><div class=\"fusion-column-wrapper fusion-column-has-shadow fusion-flex-justify-content-flex-start fusion-content-layout-column\"><div class=\"fusion-title title fusion-title-1 fusion-sep-none fusion-title-text fusion-title-size-one\"><h1 class=\"fusion-title-heading title-heading-left\" style=\"margin:0;\">Driver-transport<\/h1><\/div><div class=\"fusion-text fusion-text-1\"><p>The driver is responsible for operating a vehicle to move people, objects, or equipment from one place to another, in accordance with the instructions of the producer or one of his representatives and, if applicable, the logistics manager, the production manager, the transport coordinator, or another person designated by the producer. The person assigned to transport operates under the supervision of the transport coordinator or, if applicable, the logistics manager, the set director, or the producer.<\/p>\n<p>More specifically (but without limiting the generality of the foregoing), the driver usually, but not exclusively, performs most or all of the following tasks:<\/p>\n<ul>\n<li>Operates a vehicle according to applicable rules to safely transport people, objects, or equipment;<\/li>\n<li>Ensures the proper functioning of the vehicle(s) for which he\/she is responsible;<\/li>\n<li>If necessary, assists the logistics manager or the producer in various tasks related to production logistics, understanding that these tasks cannot constitute all of his\/her work.<\/li>\n<\/ul>\n<\/div><div class=\"accordian fusion-accordian\" style=\"--awb-border-size:1px;--awb-icon-size:40px;--awb-content-font-size:17px;--awb-icon-alignment:right;--awb-hover-color:var(--awb-color5);--awb-border-color:var(--awb-color5);--awb-background-color:var(--awb-color5);--awb-divider-color:var(--awb-color3);--awb-divider-hover-color:var(--awb-color3);--awb-icon-color:var(--awb-color1);--awb-title-color:var(--awb-color8);--awb-content-color:var(--awb-color8);--awb-icon-box-color:var(--awb-color1);--awb-toggle-hover-accent-color:var(--awb-color4);--awb-toggle-active-accent-color:var(--awb-color4);--awb-title-font-family:&quot;CriteriaCF-Bold&quot;;--awb-title-font-weight:400;--awb-title-font-style:normal;--awb-title-font-size:25px;--awb-title-letter-spacing:10px;--awb-title-line-height:1.4;--awb-content-font-family:&quot;CriteriaCF-Light&quot;;--awb-content-font-style:normal;--awb-content-font-weight:400;\"><div class=\"panel-group fusion-toggle-icon-right fusion-toggle-icon-unboxed\" id=\"accordion-1505-1\"><div class=\"fusion-panel panel-default panel-7ca4e0f7bd5496a23 fusion-toggle-no-divider fusion-toggle-boxed-mode\" style=\"--awb-title-color:var(--awb-color8);\"><div class=\"panel-heading\"><h4 class=\"panel-title toggle\" id=\"toggle_7ca4e0f7bd5496a23\"><a aria-expanded=\"false\" aria-controls=\"7ca4e0f7bd5496a23\" role=\"button\" data-toggle=\"collapse\" data-parent=\"#accordion-1505-1\" data-target=\"#7ca4e0f7bd5496a23\" href=\"#7ca4e0f7bd5496a23\"><span class=\"fusion-toggle-icon-wrapper\" aria-hidden=\"true\"><i class=\"fa-fusion-box active-icon awb-icon-minus\" aria-hidden=\"true\"><\/i><i class=\"fa-fusion-box inactive-icon awb-icon-plus\" aria-hidden=\"true\"><\/i><\/span><span class=\"fusion-toggle-heading\">Specialized driver<\/span><\/a><\/h4><\/div><div id=\"7ca4e0f7bd5496a23\" class=\"panel-collapse collapse \" aria-labelledby=\"toggle_7ca4e0f7bd5496a23\"><div class=\"panel-body toggle-content fusion-clearfix\">The specialized driver is a person who, in the performance of their duties, is primarily responsible for driving a vehicle whose operation requires a Class 1 (heavy vehicles), 2 (buses), 3 (truck), or 4B (mini-bus) driver&#8217;s license.<\/div><\/div><\/div><\/div><\/div><div class=\"fusion-text fusion-text-2 notice\"><p>*Please note that the use of the masculine gender is for ease of reading and is not intended to be discriminatory.<\/p>\n<\/div><\/div><\/div><div class=\"fusion-layout-column fusion_builder_column fusion-builder-column-2 fusion_builder_column_1_1 1_1 fusion-flex-column fusion-animated\" style=\"--awb-bg-size:cover;--awb-width-large:100%;--awb-margin-top-large:0px;--awb-spacing-right-large:2.82%;--awb-margin-bottom-large:80px;--awb-spacing-left-large:2.82%;--awb-width-medium:100%;--awb-order-medium:0;--awb-spacing-right-medium:2.82%;--awb-spacing-left-medium:2.82%;--awb-width-small:100%;--awb-order-small:0;--awb-spacing-right-small:2.82%;--awb-spacing-left-small:2.82%;\" data-animationType=\"fadeInRight\" data-animationDuration=\"1.0\" data-animationOffset=\"top-into-view\"><div class=\"fusion-column-wrapper fusion-column-has-shadow fusion-flex-justify-content-flex-start fusion-content-layout-column\"><div class=\"fusion-video fusion-youtube\" style=\"--awb-max-width:854px;--awb-max-height:480px;--awb-align-self:center;--awb-width:100%;\"><div class=\"video-shortcode\"><div class=\"fluid-width-video-wrapper\" style=\"padding-top:56.21%;\" ><iframe title=\"YouTube video player 1\" src=\"https:\/\/www.youtube.com\/embed\/8kAL3WRUIxQ?wmode=transparent&autoplay=0&amp;rel=0\" width=\"854\" height=\"480\" allowfullscreen allow=\"autoplay; fullscreen\"><\/iframe><\/div><\/div><\/div><\/div><\/div><\/div><\/div><div class=\"fusion-fullwidth fullwidth-box fusion-builder-row-2 fusion-flex-container has-pattern-background has-mask-background black nonhundred-percent-fullwidth non-hundred-percent-height-scrolling\" style=\"--awb-border-radius-top-left:0px;--awb-border-radius-top-right:0px;--awb-border-radius-bottom-right:0px;--awb-border-radius-bottom-left:0px;--awb-padding-bottom:100px;--awb-background-color:var(--awb-color3);--awb-flex-wrap:wrap;\" ><div class=\"fusion-builder-row fusion-row fusion-flex-align-items-flex-start fusion-flex-content-wrap\" style=\"max-width:1696px;margin-left: calc(-6% \/ 2 );margin-right: calc(-6% \/ 2 );\"><div class=\"fusion-layout-column fusion_builder_column fusion-builder-column-3 fusion_builder_column_1_1 1_1 fusion-flex-column fusion-animated\" style=\"--awb-bg-size:cover;--awb-width-large:100%;--awb-margin-top-large:0px;--awb-spacing-right-large:2.82%;--awb-margin-bottom-large:0px;--awb-spacing-left-large:2.82%;--awb-width-medium:100%;--awb-order-medium:0;--awb-spacing-right-medium:2.82%;--awb-spacing-left-medium:2.82%;--awb-width-small:100%;--awb-order-small:0;--awb-spacing-right-small:2.82%;--awb-spacing-left-small:2.82%;\" data-animationType=\"fadeInRight\" data-animationDuration=\"1.0\" data-animationOffset=\"top-into-view\"><div class=\"fusion-column-wrapper fusion-column-has-shadow fusion-flex-justify-content-flex-start fusion-content-layout-column\"><div class=\"fusion-title title fusion-title-2 fusion-sep-none fusion-title-text fusion-title-size-two\"><h2 class=\"fusion-title-heading title-heading-left\" style=\"margin:0;\">Course plan<\/h2><\/div><\/div><\/div><div class=\"fusion-layout-column fusion_builder_column fusion-builder-column-4 fusion_builder_column_1_3 1_3 fusion-flex-column fusion-animated\" style=\"--awb-bg-size:cover;--awb-width-large:33.333333333333%;--awb-margin-top-large:0px;--awb-spacing-right-large:8.46%;--awb-margin-bottom-large:0px;--awb-spacing-left-large:8.46%;--awb-width-medium:50%;--awb-order-medium:0;--awb-spacing-right-medium:5.64%;--awb-spacing-left-medium:5.64%;--awb-width-small:100%;--awb-order-small:0;--awb-spacing-right-small:2.82%;--awb-spacing-left-small:2.82%;\" data-animationType=\"fadeInUp\" data-animationDuration=\"0.3\" data-animationOffset=\"top-into-view\"><div class=\"fusion-column-wrapper fusion-column-has-shadow fusion-flex-justify-content-flex-start fusion-content-layout-column\"><div class=\"fusion-text fusion-text-3\"><ul>\n<li>Hosting foreign shoots: showing respect<\/li>\n<li>Analysis of shooting locations and set-up<\/li>\n<li>Basic mechanics: knowledge of cars and trucking<\/li>\n<li>In-depth knowledge of PECVL or Bill 430<\/li>\n<li>In-depth knowledge of specialized trailers (camera, CCM, etc.)<\/li>\n<li>Roadmap organization<\/li>\n<li>Working with drones and helicopters<\/li>\n<\/ul>\n<\/div><\/div><\/div><div class=\"fusion-layout-column fusion_builder_column fusion-builder-column-5 fusion_builder_column_1_3 1_3 fusion-flex-column fusion-animated\" style=\"--awb-bg-size:cover;--awb-width-large:33.333333333333%;--awb-margin-top-large:0px;--awb-spacing-right-large:8.46%;--awb-margin-bottom-large:0px;--awb-spacing-left-large:8.46%;--awb-width-medium:50%;--awb-order-medium:0;--awb-spacing-right-medium:5.64%;--awb-spacing-left-medium:5.64%;--awb-width-small:100%;--awb-order-small:0;--awb-spacing-right-small:2.82%;--awb-spacing-left-small:2.82%;\" data-animationType=\"fadeInUp\" data-animationDuration=\"0.6\" data-animationOffset=\"top-into-view\"><div class=\"fusion-column-wrapper fusion-column-has-shadow fusion-flex-justify-content-flex-start fusion-content-layout-column\"><div class=\"fusion-text fusion-text-4\"><ul>\n<li>Base camp management<\/li>\n<li>Camera car safety code<\/li>\n<li>Truck stowage, preventive and practical driving, advanced course<\/li>\n<li>Hazardous materials<\/li>\n<li>Safe use of mobile elevating work platforms (MEWPs) and aerial work platforms<\/li>\n<li>Working with water: rain, pool and ice fields<\/li>\n<li>Film Laurentides : policies, permits and photo library<\/li>\n<li>Qu\u00e9bec : policies, permits and photo library<\/li>\n<\/ul>\n<\/div><\/div><\/div><div class=\"fusion-layout-column fusion_builder_column fusion-builder-column-6 fusion_builder_column_1_3 1_3 fusion-flex-column fusion-animated\" style=\"--awb-bg-size:cover;--awb-width-large:33.333333333333%;--awb-margin-top-large:0px;--awb-spacing-right-large:8.46%;--awb-margin-bottom-large:0px;--awb-spacing-left-large:8.46%;--awb-width-medium:100%;--awb-order-medium:0;--awb-spacing-right-medium:2.82%;--awb-spacing-left-medium:2.82%;--awb-width-small:100%;--awb-order-small:0;--awb-spacing-right-small:2.82%;--awb-spacing-left-small:2.82%;\" data-animationType=\"fadeInUp\" data-animationDuration=\"0.9\" data-animationOffset=\"top-into-view\"><div class=\"fusion-column-wrapper fusion-column-has-shadow fusion-flex-justify-content-flex-start fusion-content-layout-column\"><div class=\"fusion-text fusion-text-5\"><ul>\n<li>Bureau du cin\u00e9ma du Saguenay : policies, permits and photo library<\/li>\n<li>Bureau du cin\u00e9ma et de la t\u00e9l\u00e9vision de Montr\u00e9al (BCTM): city of Montreal bylaws<\/li>\n<li>Bureau du cin\u00e9ma et de la t\u00e9l\u00e9vision de Montr\u00e9al (BCTM): street blockage management, detour plan<\/li>\n<li>Bureau du cin\u00e9ma et de la t\u00e9l\u00e9vision de Montr\u00e9al (BCTM): policies on towing and on-street truck parking<\/li>\n<li>Municipal bylaws: other municipalities<\/li>\n<li>Vehicle supplier presentation<\/li>\n<li>Tour of set and base<\/li>\n<li>Final simulation<\/li>\n<\/ul>\n<\/div><\/div><\/div><\/div><\/div><div class=\"fusion-fullwidth fullwidth-box fusion-builder-row-3 fusion-flex-container has-pattern-background has-mask-background nonhundred-percent-fullwidth non-hundred-percent-height-scrolling\" style=\"--awb-border-radius-top-left:0px;--awb-border-radius-top-right:0px;--awb-border-radius-bottom-right:0px;--awb-border-radius-bottom-left:0px;--awb-padding-top:100px;--awb-padding-bottom:50px;--awb-flex-wrap:wrap;\" ><div class=\"fusion-builder-row fusion-row fusion-flex-align-items-flex-start fusion-flex-content-wrap\" style=\"max-width:1696px;margin-left: calc(-6% \/ 2 );margin-right: calc(-6% \/ 2 );\"><div class=\"fusion-layout-column fusion_builder_column fusion-builder-column-7 fusion_builder_column_1_1 1_1 fusion-flex-column fusion-animated\" style=\"--awb-bg-size:cover;--awb-width-large:100%;--awb-margin-top-large:0px;--awb-spacing-right-large:2.82%;--awb-margin-bottom-large:20px;--awb-spacing-left-large:2.82%;--awb-width-medium:100%;--awb-order-medium:0;--awb-spacing-right-medium:2.82%;--awb-spacing-left-medium:2.82%;--awb-width-small:100%;--awb-order-small:0;--awb-spacing-right-small:2.82%;--awb-spacing-left-small:2.82%;\" data-animationType=\"fadeInUp\" data-animationDuration=\"1.0\" data-animationOffset=\"top-into-view\"><div class=\"fusion-column-wrapper fusion-column-has-shadow fusion-flex-justify-content-flex-start fusion-content-layout-column\"><div class=\"fusion-title title fusion-title-3 fusion-sep-none fusion-title-text fusion-title-size-two\"><h2 class=\"fusion-title-heading title-heading-left\" style=\"margin:0;\">General skill courses<\/h2><\/div><div class=\"fusion-text fusion-text-6\"><p>Here is the content of the general skill courses that takes place in the first hours of all training programs:<\/p>\n<\/div><\/div><\/div><div class=\"fusion-layout-column fusion_builder_column fusion-builder-column-8 fusion_builder_column_1_2 1_2 fusion-flex-column fusion-animated\" style=\"--awb-bg-size:cover;--awb-width-large:50%;--awb-margin-top-large:0px;--awb-spacing-right-large:5.64%;--awb-margin-bottom-large:0px;--awb-spacing-left-large:5.64%;--awb-width-medium:50%;--awb-order-medium:0;--awb-spacing-right-medium:5.64%;--awb-spacing-left-medium:5.64%;--awb-width-small:100%;--awb-order-small:0;--awb-spacing-right-small:2.82%;--awb-spacing-left-small:2.82%;\" data-animationType=\"fadeInRight\" data-animationDuration=\"0.5\" data-animationOffset=\"top-into-view\"><div class=\"fusion-column-wrapper fusion-column-has-shadow fusion-flex-justify-content-flex-start fusion-content-layout-column\"><div class=\"fusion-text fusion-text-7\"><ul>\n<li>Act respecting owners, operators and drivers of heavy vehicles (Bill 430)<\/li>\n<li>Awareness of the impact of filming on the living environment and residents<\/li>\n<li>Financial income and personal taxation<\/li>\n<li>First aid in the workplace<\/li>\n<li>Hazardous products and WHMIS<\/li>\n<li>History of Quebec cinema<\/li>\n<li>Introduction to the union &#8211; AQTIS 514 IATSE<\/li>\n<li>Introductory visit to a film set<\/li>\n<li>Masterclass conference, open to the public<\/li>\n<li>Notions of ecology: application of green sets<\/li>\n<li>Occupational Health and Safety on film sets<\/li>\n<li>Penal and criminal liability (Bill C-21)<\/li>\n<li>Personal responsibility and rental equipment<\/li>\n<\/ul>\n<\/div><\/div><\/div><div class=\"fusion-layout-column fusion_builder_column fusion-builder-column-9 fusion_builder_column_1_2 1_2 fusion-flex-column fusion-animated\" style=\"--awb-bg-size:cover;--awb-width-large:50%;--awb-margin-top-large:0px;--awb-spacing-right-large:5.64%;--awb-margin-bottom-large:80px;--awb-spacing-left-large:5.64%;--awb-width-medium:50%;--awb-order-medium:0;--awb-spacing-right-medium:5.64%;--awb-spacing-left-medium:5.64%;--awb-width-small:100%;--awb-order-small:0;--awb-spacing-right-small:2.82%;--awb-spacing-left-small:2.82%;\" data-animationType=\"fadeInLeft\" data-animationDuration=\"1.0\" data-animationOffset=\"top-into-view\"><div class=\"fusion-column-wrapper fusion-column-has-shadow fusion-flex-justify-content-flex-start fusion-content-layout-column\"><div class=\"fusion-text fusion-text-8\"><ul>\n<li>Personal finances<\/li>\n<li>Presentation of key positions in production departments<\/li>\n<li>Presentation of the AQTIS-514-IATSE union agreement<\/li>\n<li>Sanitary measures and the pandemic<\/li>\n<li>Teamwork, interdepartmental interaction and hierarchy<\/li>\n<li>The Actor\u2019s role and relationship with the technical team<\/li>\n<li>The Producer\u2019s role and relationship with his technical team<\/li>\n<li>Understanding direction and production documents<\/li>\n<\/ul>\n<\/div><\/div><\/div><\/div><\/div><\/p>\n","protected":false},"excerpt":{"rendered":"","protected":false},"author":2,"featured_media":0,"parent":1452,"menu_order":0,"comment_status":"closed","ping_status":"closed","template":"100-width.php","meta":{"_acf_changed":false,"footnotes":""},"class_list":["post-1505","page","type-page","status-publish","hentry"],"acf":[],"yoast_head":"<!-- This site is optimized with the Yoast SEO plugin v24.3 - https:\/\/yoast.com\/wordpress\/plugins\/seo\/ -->\n<title>Driver-Transport Training for Cinema &amp; TV at MONDEL<\/title>\n<meta name=\"description\" content=\"Become a certified driver for cinema and television sets with MONDEL&#039;s specialized training program in Montreal.\" \/>\n<meta name=\"robots\" content=\"index, follow, max-snippet:-1, max-image-preview:large, max-video-preview:-1\" \/>\n<link rel=\"canonical\" href=\"https:\/\/mondel.ca\/en\/courses\/driver-transport\/\" \/>\n<meta property=\"og:locale\" content=\"en_US\" \/>\n<meta property=\"og:type\" content=\"article\" \/>\n<meta property=\"og:title\" content=\"Driver-Transport Training for Cinema &amp; TV at MONDEL\" \/>\n<meta property=\"og:description\" content=\"Become a certified driver for cinema and television sets with MONDEL&#039;s specialized training program in Montreal.\" \/>\n<meta property=\"og:url\" content=\"https:\/\/mondel.ca\/en\/courses\/driver-transport\/\" \/>\n<meta property=\"og:site_name\" content=\"Mondel - l&#039;Atelier du Cin\u00e9ma\" \/>\n<meta property=\"article:publisher\" content=\"https:\/\/www.facebook.com\/mondelatelierducinema\" \/>\n<meta property=\"article:modified_time\" content=\"2025-10-14T14:08:15+00:00\" \/>\n<meta property=\"og:image\" content=\"https:\/\/mondel.ca\/wp-content\/uploads\/2022\/11\/fbk-Mondel.png\" \/>\n\t<meta property=\"og:image:width\" content=\"1200\" \/>\n\t<meta property=\"og:image:height\" content=\"630\" \/>\n\t<meta property=\"og:image:type\" content=\"image\/png\" \/>\n<meta name=\"twitter:card\" content=\"summary_large_image\" \/>\n<meta name=\"twitter:label1\" content=\"Est. reading time\" \/>\n\t<meta name=\"twitter:data1\" content=\"3 minutes\" \/>\n<script type=\"application\/ld+json\" class=\"yoast-schema-graph\">{\"@context\":\"https:\/\/schema.org\",\"@graph\":[{\"@type\":\"WebPage\",\"@id\":\"https:\/\/mondel.ca\/en\/courses\/driver-transport\/\",\"url\":\"https:\/\/mondel.ca\/en\/courses\/driver-transport\/\",\"name\":\"Driver-Transport Training for Cinema & TV at MONDEL\",\"isPartOf\":{\"@id\":\"https:\/\/mondel.ca\/#website\"},\"datePublished\":\"2022-11-01T15:01:46+00:00\",\"dateModified\":\"2025-10-14T14:08:15+00:00\",\"description\":\"Become a certified driver for cinema and television sets with MONDEL's specialized training program in Montreal.\",\"breadcrumb\":{\"@id\":\"https:\/\/mondel.ca\/en\/courses\/driver-transport\/#breadcrumb\"},\"inLanguage\":\"en-US\",\"potentialAction\":[{\"@type\":\"ReadAction\",\"target\":[\"https:\/\/mondel.ca\/en\/courses\/driver-transport\/\"]}]},{\"@type\":\"BreadcrumbList\",\"@id\":\"https:\/\/mondel.ca\/en\/courses\/driver-transport\/#breadcrumb\",\"itemListElement\":[{\"@type\":\"ListItem\",\"position\":1,\"name\":\"Accueil\",\"item\":\"https:\/\/mondel.ca\/en\/\"},{\"@type\":\"ListItem\",\"position\":2,\"name\":\"Courses\",\"item\":\"https:\/\/mondel.ca\/en\/courses\/\"},{\"@type\":\"ListItem\",\"position\":3,\"name\":\"Driver-transport\"}]},{\"@type\":\"WebSite\",\"@id\":\"https:\/\/mondel.ca\/#website\",\"url\":\"https:\/\/mondel.ca\/\",\"name\":\"Mondel - l&#039;Atelier du Cin\u00e9ma\",\"description\":\"Centre de formation des m\u00e9tiers techniques du cin\u00e9ma\",\"potentialAction\":[{\"@type\":\"SearchAction\",\"target\":{\"@type\":\"EntryPoint\",\"urlTemplate\":\"https:\/\/mondel.ca\/?s={search_term_string}\"},\"query-input\":{\"@type\":\"PropertyValueSpecification\",\"valueRequired\":true,\"valueName\":\"search_term_string\"}}],\"inLanguage\":\"en-US\"}]}<\/script>\n<!-- \/ Yoast SEO plugin. -->","yoast_head_json":{"title":"Driver-Transport Training for Cinema & TV at MONDEL","description":"Become a certified driver for cinema and television sets with MONDEL's specialized training program in Montreal.","robots":{"index":"index","follow":"follow","max-snippet":"max-snippet:-1","max-image-preview":"max-image-preview:large","max-video-preview":"max-video-preview:-1"},"canonical":"https:\/\/mondel.ca\/en\/courses\/driver-transport\/","og_locale":"en_US","og_type":"article","og_title":"Driver-Transport Training for Cinema & TV at MONDEL","og_description":"Become a certified driver for cinema and television sets with MONDEL's specialized training program in Montreal.","og_url":"https:\/\/mondel.ca\/en\/courses\/driver-transport\/","og_site_name":"Mondel - l&#039;Atelier du Cin\u00e9ma","article_publisher":"https:\/\/www.facebook.com\/mondelatelierducinema","article_modified_time":"2025-10-14T14:08:15+00:00","og_image":[{"width":1200,"height":630,"url":"https:\/\/mondel.ca\/wp-content\/uploads\/2022\/11\/fbk-Mondel.png","type":"image\/png"}],"twitter_card":"summary_large_image","twitter_misc":{"Est. reading time":"3 minutes"},"schema":{"@context":"https:\/\/schema.org","@graph":[{"@type":"WebPage","@id":"https:\/\/mondel.ca\/en\/courses\/driver-transport\/","url":"https:\/\/mondel.ca\/en\/courses\/driver-transport\/","name":"Driver-Transport Training for Cinema & TV at MONDEL","isPartOf":{"@id":"https:\/\/mondel.ca\/#website"},"datePublished":"2022-11-01T15:01:46+00:00","dateModified":"2025-10-14T14:08:15+00:00","description":"Become a certified driver for cinema and television sets with MONDEL's specialized training program in Montreal.","breadcrumb":{"@id":"https:\/\/mondel.ca\/en\/courses\/driver-transport\/#breadcrumb"},"inLanguage":"en-US","potentialAction":[{"@type":"ReadAction","target":["https:\/\/mondel.ca\/en\/courses\/driver-transport\/"]}]},{"@type":"BreadcrumbList","@id":"https:\/\/mondel.ca\/en\/courses\/driver-transport\/#breadcrumb","itemListElement":[{"@type":"ListItem","position":1,"name":"Accueil","item":"https:\/\/mondel.ca\/en\/"},{"@type":"ListItem","position":2,"name":"Courses","item":"https:\/\/mondel.ca\/en\/courses\/"},{"@type":"ListItem","position":3,"name":"Driver-transport"}]},{"@type":"WebSite","@id":"https:\/\/mondel.ca\/#website","url":"https:\/\/mondel.ca\/","name":"Mondel - l&#039;Atelier du Cin\u00e9ma","description":"Centre de formation des m\u00e9tiers techniques du cin\u00e9ma","potentialAction":[{"@type":"SearchAction","target":{"@type":"EntryPoint","urlTemplate":"https:\/\/mondel.ca\/?s={search_term_string}"},"query-input":{"@type":"PropertyValueSpecification","valueRequired":true,"valueName":"search_term_string"}}],"inLanguage":"en-US"}]}},"_links":{"self":[{"href":"https:\/\/mondel.ca\/en\/wp-json\/wp\/v2\/pages\/1505","targetHints":{"allow":["GET"]}}],"collection":[{"href":"https:\/\/mondel.ca\/en\/wp-json\/wp\/v2\/pages"}],"about":[{"href":"https:\/\/mondel.ca\/en\/wp-json\/wp\/v2\/types\/page"}],"author":[{"embeddable":true,"href":"https:\/\/mondel.ca\/en\/wp-json\/wp\/v2\/users\/2"}],"replies":[{"embeddable":true,"href":"https:\/\/mondel.ca\/en\/wp-json\/wp\/v2\/comments?post=1505"}],"version-history":[{"count":20,"href":"https:\/\/mondel.ca\/en\/wp-json\/wp\/v2\/pages\/1505\/revisions"}],"predecessor-version":[{"id":3684,"href":"https:\/\/mondel.ca\/en\/wp-json\/wp\/v2\/pages\/1505\/revisions\/3684"}],"up":[{"embeddable":true,"href":"https:\/\/mondel.ca\/en\/wp-json\/wp\/v2\/pages\/1452"}],"wp:attachment":[{"href":"https:\/\/mondel.ca\/en\/wp-json\/wp\/v2\/media?parent=1505"}],"curies":[{"name":"wp","href":"https:\/\/api.w.org\/{rel}","templated":true}]}}