{"id":2278,"date":"2024-03-07T11:58:19","date_gmt":"2024-03-07T16:58:19","guid":{"rendered":"https:\/\/mondel.ca\/admission\/foreign-students\/fiche-dadmission-etudiants-etrangers\/"},"modified":"2024-03-07T12:07:33","modified_gmt":"2024-03-07T17:07:33","slug":"admission-form-foreign-students","status":"publish","type":"page","link":"https:\/\/mondel.ca\/en\/admission\/foreign-students\/admission-form-foreign-students\/","title":{"rendered":"Admission form &#8211; Foreign students"},"content":{"rendered":"<div class=\"fusion-fullwidth fullwidth-box fusion-builder-row-1 fusion-flex-container has-pattern-background has-mask-background nonhundred-percent-fullwidth non-hundred-percent-height-scrolling\" style=\"--awb-border-radius-top-left:0px;--awb-border-radius-top-right:0px;--awb-border-radius-bottom-right:0px;--awb-border-radius-bottom-left:0px;--awb-flex-wrap:wrap;\" ><div class=\"fusion-builder-row fusion-row fusion-flex-align-items-flex-start fusion-flex-content-wrap\" style=\"max-width:1696px;margin-left: calc(-6% \/ 2 );margin-right: calc(-6% \/ 2 );\"><div class=\"fusion-layout-column fusion_builder_column fusion-builder-column-0 fusion_builder_column_1_1 1_1 fusion-flex-column fusion-animated\" style=\"--awb-bg-size:cover;--awb-width-large:100%;--awb-margin-top-large:0px;--awb-spacing-right-large:2.82%;--awb-margin-bottom-large:40px;--awb-spacing-left-large:2.82%;--awb-width-medium:100%;--awb-order-medium:0;--awb-spacing-right-medium:2.82%;--awb-spacing-left-medium:2.82%;--awb-width-small:100%;--awb-order-small:0;--awb-spacing-right-small:2.82%;--awb-spacing-left-small:2.82%;\" data-animationType=\"fadeInUp\" data-animationDuration=\"1.0\" data-animationOffset=\"top-into-view\" data-scroll-devices=\"small-visibility,medium-visibility,large-visibility\"><div class=\"fusion-column-wrapper fusion-column-has-shadow fusion-flex-justify-content-flex-start fusion-content-layout-column\"><div class=\"fusion-title title fusion-title-1 fusion-sep-none fusion-title-text fusion-title-size-two\"><h2 class=\"fusion-title-heading title-heading-left\" style=\"margin:0;\">Foreign students<\/h2><\/div><\/div><\/div><div class=\"fusion-layout-column fusion_builder_column fusion-builder-column-1 fusion_builder_column_1_1 1_1 fusion-flex-column fusion-animated\" style=\"--awb-bg-size:cover;--awb-width-large:100%;--awb-margin-top-large:0px;--awb-spacing-right-large:2.82%;--awb-margin-bottom-large:80px;--awb-spacing-left-large:2.82%;--awb-width-medium:100%;--awb-order-medium:0;--awb-spacing-right-medium:2.82%;--awb-spacing-left-medium:2.82%;--awb-width-small:100%;--awb-order-small:0;--awb-spacing-right-small:2.82%;--awb-spacing-left-small:2.82%;\" data-animationType=\"fadeInRight\" data-animationDuration=\"1.0\" data-animationOffset=\"top-into-view\"><div class=\"fusion-column-wrapper fusion-column-has-shadow fusion-flex-justify-content-flex-start fusion-content-layout-column\">\n<div class=\"wpcf7 no-js\" id=\"wpcf7-f2277-o1\" lang=\"fr-CA\" dir=\"ltr\" data-wpcf7-id=\"2277\">\n<div class=\"screen-reader-response\"><p role=\"status\" aria-live=\"polite\" aria-atomic=\"true\"><\/p> <ul><\/ul><\/div>\n<form action=\"\/en\/wp-json\/wp\/v2\/pages\/2278#wpcf7-f2277-o1\" method=\"post\" class=\"wpcf7-form init\" aria-label=\"Contact form\" novalidate=\"novalidate\" data-status=\"init\">\n<div style=\"display: none;\">\n<input type=\"hidden\" name=\"_wpcf7\" value=\"2277\" \/>\n<input type=\"hidden\" name=\"_wpcf7_version\" value=\"6.0.3\" \/>\n<input type=\"hidden\" name=\"_wpcf7_locale\" value=\"fr_CA\" \/>\n<input type=\"hidden\" name=\"_wpcf7_unit_tag\" value=\"wpcf7-f2277-o1\" \/>\n<input type=\"hidden\" name=\"_wpcf7_container_post\" value=\"0\" \/>\n<input type=\"hidden\" name=\"_wpcf7_posted_data_hash\" value=\"\" \/>\n<input type=\"hidden\" name=\"_wpcf7_recaptcha_response\" value=\"\" \/>\n<\/div>\n<h3>Personal information\n<\/h3>\n<div class=\"double-input\">\n\t<div class=\"input-left\">\n\t\t<p><label>First name*<\/label><span class=\"wpcf7-form-control-wrap\" data-name=\"your-firstname\"><input size=\"40\" maxlength=\"400\" class=\"wpcf7-form-control wpcf7-text wpcf7-validates-as-required\" aria-required=\"true\" aria-invalid=\"false\" value=\"\" type=\"text\" name=\"your-firstname\" \/><\/span>\n\t\t<\/p>\n\t<\/div>\n\t<div class=\"input-right\">\n\t\t<p><label>Last name*<\/label><span class=\"wpcf7-form-control-wrap\" data-name=\"your-name\"><input size=\"40\" maxlength=\"400\" class=\"wpcf7-form-control wpcf7-text wpcf7-validates-as-required\" aria-required=\"true\" aria-invalid=\"false\" value=\"\" type=\"text\" name=\"your-name\" \/><\/span>\n\t\t<\/p>\n\t<\/div>\n<\/div>\n<div class=\"double-input\">\n\t<div class=\"input-left\">\n\t\t<p><label>Address*<\/label><span class=\"wpcf7-form-control-wrap\" data-name=\"address\"><input size=\"40\" maxlength=\"400\" class=\"wpcf7-form-control wpcf7-text wpcf7-validates-as-required\" aria-required=\"true\" aria-invalid=\"false\" value=\"\" type=\"text\" name=\"address\" \/><\/span>\n\t\t<\/p>\n\t<\/div>\n\t<div class=\"input-right\">\n\t\t<p><label>City*<\/label><span class=\"wpcf7-form-control-wrap\" data-name=\"city\"><input size=\"40\" maxlength=\"400\" class=\"wpcf7-form-control wpcf7-text wpcf7-validates-as-required\" aria-required=\"true\" aria-invalid=\"false\" value=\"\" type=\"text\" name=\"city\" \/><\/span>\n\t\t<\/p>\n\t<\/div>\n<\/div>\n<div class=\"double-input\">\n\t<div class=\"input-left\">\n\t\t<p><label>ZIP\/Postal code*<\/label><span class=\"wpcf7-form-control-wrap\" data-name=\"postal-code\"><input size=\"40\" maxlength=\"400\" class=\"wpcf7-form-control wpcf7-text wpcf7-validates-as-required\" aria-required=\"true\" aria-invalid=\"false\" value=\"\" type=\"text\" name=\"postal-code\" \/><\/span>\n\t\t<\/p>\n\t<\/div>\n\t<div class=\"input-right\">\n\t\t<p><label>Province\/State*<\/label><span class=\"wpcf7-form-control-wrap\" data-name=\"province\"><input size=\"40\" maxlength=\"400\" class=\"wpcf7-form-control wpcf7-text wpcf7-validates-as-required\" aria-required=\"true\" aria-invalid=\"false\" value=\"\" type=\"text\" name=\"province\" \/><\/span>\n\t\t<\/p>\n\t<\/div>\n<\/div>\n<div class=\"double-input\">\n\t<div class=\"input-left\">\n\t\t<p><label>Country*<\/label><span class=\"wpcf7-form-control-wrap\" data-name=\"pays\"><input size=\"40\" maxlength=\"400\" class=\"wpcf7-form-control wpcf7-text wpcf7-validates-as-required\" aria-required=\"true\" aria-invalid=\"false\" value=\"\" type=\"text\" name=\"pays\" \/><\/span>\n\t\t<\/p>\n\t<\/div>\n\t<div class=\"input-right\">\n\t\t<p><label>Email*<\/label><span class=\"wpcf7-form-control-wrap\" data-name=\"your-email\"><input size=\"40\" maxlength=\"400\" class=\"wpcf7-form-control wpcf7-email wpcf7-validates-as-required wpcf7-text wpcf7-validates-as-email\" aria-required=\"true\" aria-invalid=\"false\" value=\"\" type=\"email\" name=\"your-email\" \/><\/span>\n\t\t<\/p>\n\t<\/div>\n<\/div>\n<div class=\"double-input\">\n\t<div class=\"input-left\">\n\t\t<p><label>Phone*<\/label><span class=\"wpcf7-form-control-wrap\" data-name=\"phone\"><input size=\"40\" maxlength=\"400\" class=\"wpcf7-form-control wpcf7-tel wpcf7-validates-as-required wpcf7-text wpcf7-validates-as-tel\" aria-required=\"true\" aria-invalid=\"false\" value=\"\" type=\"tel\" name=\"phone\" \/><\/span>\n\t\t<\/p>\n\t<\/div>\n\t<div class=\"input-right\">\n\t\t<p><label>Date of birth*<\/label><span class=\"wpcf7-form-control-wrap\" data-name=\"date\"><input class=\"wpcf7-form-control wpcf7-date wpcf7-validates-as-required wpcf7-validates-as-date\" aria-required=\"true\" aria-invalid=\"false\" value=\"\" type=\"date\" name=\"date\" \/><\/span>\n\t\t<\/p>\n\t<\/div>\n<\/div>\n<div>\n\t<p><label>Permanent code number*<\/label><span class=\"wpcf7-form-control-wrap\" data-name=\"code\"><input size=\"40\" maxlength=\"400\" class=\"wpcf7-form-control wpcf7-text wpcf7-validates-as-required\" aria-required=\"true\" aria-invalid=\"false\" value=\"\" type=\"text\" name=\"code\" \/><\/span>\n\t<\/p>\n<\/div>\n<div class\"spacer\">\n\t<p>&nbsp;\n\t<\/p>\n<\/div>\n<h3>Training choice\n<\/h3>\n<div>\n\t<p>To make the right choice, indicate two (2) training courses you wish to enroll in. After receiving this document, we will contact you by email to schedule an appointment to help you choose the best trade.\n\t<\/p>\n\t<p><span class=\"wpcf7-form-control-wrap\" data-name=\"formation\"><span class=\"wpcf7-form-control wpcf7-checkbox wpcf7-validates-as-required\"><span class=\"wpcf7-list-item first\"><label><input type=\"checkbox\" name=\"formation[]\" value=\"Camera assistant ($9,995 + tx)\" \/><span class=\"wpcf7-list-item-label\">Camera assistant ($9,995 + tx)<\/span><\/label><\/span><span class=\"wpcf7-list-item\"><label><input type=\"checkbox\" name=\"formation[]\" value=\"Lighting technician ($9,995 + tx)\" \/><span class=\"wpcf7-list-item-label\">Lighting technician ($9,995 + tx)<\/span><\/label><\/span><span class=\"wpcf7-list-item\"><label><input type=\"checkbox\" name=\"formation[]\" value=\"Production coordination ($7,795 + tx)\" \/><span class=\"wpcf7-list-item-label\">Production coordination ($7,795 + tx)<\/span><\/label><\/span><span class=\"wpcf7-list-item\"><label><input type=\"checkbox\" name=\"formation[]\" value=\"Assistant location manager ($8,495 + tx)\" \/><span class=\"wpcf7-list-item-label\">Assistant location manager ($8,495 + tx)<\/span><\/label><\/span><span class=\"wpcf7-list-item\"><label><input type=\"checkbox\" name=\"formation[]\" value=\"Production-logistics assistant ($7,495 + tx)\" \/><span class=\"wpcf7-list-item-label\">Production-logistics assistant ($7,495 + tx)<\/span><\/label><\/span><span class=\"wpcf7-list-item\"><label><input type=\"checkbox\" name=\"formation[]\" value=\"Grip ($9,995 + tx)\" \/><span class=\"wpcf7-list-item-label\">Grip ($9,995 + tx)<\/span><\/label><\/span><span class=\"wpcf7-list-item\"><label><input type=\"checkbox\" name=\"formation[]\" value=\"Driver-transport ($7,495 + tx)\" \/><span class=\"wpcf7-list-item-label\">Driver-transport ($7,495 + tx)<\/span><\/label><\/span><span class=\"wpcf7-list-item\"><label><input type=\"checkbox\" name=\"formation[]\" value=\"Sets design ($8,695 + tx)\" \/><span class=\"wpcf7-list-item-label\">Sets design ($8,695 + tx)<\/span><\/label><\/span><span class=\"wpcf7-list-item\"><label><input type=\"checkbox\" name=\"formation[]\" value=\"Costume ($8,495 + tx)\" \/><span class=\"wpcf7-list-item-label\">Costume ($8,495 + tx)<\/span><\/label><\/span><span class=\"wpcf7-list-item\"><label><input type=\"checkbox\" name=\"formation[]\" value=\"Makeup ($8,495 + tx)\" \/><span class=\"wpcf7-list-item-label\">Makeup ($8,495 + tx)<\/span><\/label><\/span><span class=\"wpcf7-list-item last\"><label><input type=\"checkbox\" name=\"formation[]\" value=\"Hair stylist ($8,495 + tx)\" \/><span class=\"wpcf7-list-item-label\">Hair stylist ($8,495 + tx)<\/span><\/label><\/span><\/span><\/span>\n\t<\/p>\n<\/div>\n<div>\n\t<p><label>Indicate the order of importance of the chosen training*:<\/label><span class=\"wpcf7-form-control-wrap\" data-name=\"formation-ordre\"><textarea cols=\"40\" rows=\"10\" maxlength=\"2000\" class=\"wpcf7-form-control wpcf7-textarea wpcf7-validates-as-required\" aria-required=\"true\" aria-invalid=\"false\" name=\"formation-ordre\"><\/textarea><\/span>\n\t<\/p>\n<\/div>\n<div class\"spacer\">\n\t<p>&nbsp;\n\t<\/p>\n<\/div>\n<div>\n\t<p><label>How did you hear about Mondel\u2013L\u2019Atelier du Cin\u00e9ma?*<\/label><br \/>\n<span class=\"wpcf7-form-control-wrap\" data-name=\"parler\"><span class=\"wpcf7-form-control wpcf7-checkbox wpcf7-validates-as-required\"><span class=\"wpcf7-list-item first\"><label><input type=\"checkbox\" name=\"parler[]\" value=\"Facebook\" \/><span class=\"wpcf7-list-item-label\">Facebook<\/span><\/label><\/span><span class=\"wpcf7-list-item\"><label><input type=\"checkbox\" name=\"parler[]\" value=\"Instagram\" \/><span class=\"wpcf7-list-item-label\">Instagram<\/span><\/label><\/span><span class=\"wpcf7-list-item\"><label><input type=\"checkbox\" name=\"parler[]\" value=\"LinkedIn\" \/><span class=\"wpcf7-list-item-label\">LinkedIn<\/span><\/label><\/span><span class=\"wpcf7-list-item\"><label><input type=\"checkbox\" name=\"parler[]\" value=\"An advertisement\" \/><span class=\"wpcf7-list-item-label\">An advertisement<\/span><\/label><\/span><span class=\"wpcf7-list-item\"><label><input type=\"checkbox\" name=\"parler[]\" value=\"A friend\" \/><span class=\"wpcf7-list-item-label\">A friend<\/span><\/label><\/span><span class=\"wpcf7-list-item\"><label><input type=\"checkbox\" name=\"parler[]\" value=\"A graduate from our training center\" \/><span class=\"wpcf7-list-item-label\">A graduate from our training center<\/span><\/label><\/span><span class=\"wpcf7-list-item\"><label><input type=\"checkbox\" name=\"parler[]\" value=\"A professional\" \/><span class=\"wpcf7-list-item-label\">A professional<\/span><\/label><\/span><span class=\"wpcf7-list-item\"><label><input type=\"checkbox\" name=\"parler[]\" value=\"A trade show or exhibition\" \/><span class=\"wpcf7-list-item-label\">A trade show or exhibition<\/span><\/label><\/span><span class=\"wpcf7-list-item last\"><label><input type=\"checkbox\" name=\"parler[]\" value=\"Other\" \/><span class=\"wpcf7-list-item-label\">Other<\/span><\/label><\/span><\/span><\/span>\n\t<\/p>\n<\/div>\n<div>\n\t<p><label>If other, please specify :<label> <span class=\"wpcf7-form-control-wrap\" data-name=\"parler-autre\"><textarea cols=\"40\" rows=\"10\" maxlength=\"2000\" class=\"wpcf7-form-control wpcf7-textarea\" aria-invalid=\"false\" name=\"parler-autre\"><\/textarea><\/span><\/label><\/label>\n\t<\/p>\n<\/div>\n<div class\"spacer\">\n\t<p>&nbsp;\n\t<\/p>\n<\/div>\n<div>\n\t<p><label>Additional information<\/label><span class=\"wpcf7-form-control-wrap\" data-name=\"your-message\"><textarea cols=\"40\" rows=\"10\" maxlength=\"2000\" class=\"wpcf7-form-control wpcf7-textarea\" aria-invalid=\"false\" name=\"your-message\"><\/textarea><\/span>\n\t<\/p>\n<\/div>\n<div class=\"btn-form\">\n\t<p><input class=\"wpcf7-form-control wpcf7-submit has-spinner\" type=\"submit\" value=\"Send\" \/>\n\t<\/p>\n<\/div><div class=\"fusion-alert alert custom alert-custom fusion-alert-center wpcf7-response-output awb-alert-native-link-color alert-dismissable awb-alert-close-boxed\" style=\"--awb-border-size:1px;--awb-border-top-left-radius:0px;--awb-border-top-right-radius:0px;--awb-border-bottom-left-radius:0px;--awb-border-bottom-right-radius:0px;\" role=\"alert\"><div class=\"fusion-alert-content-wrapper\"><span class=\"fusion-alert-content\"><\/span><\/div><button type=\"button\" class=\"close toggle-alert\" data-dismiss=\"alert\" aria-label=\"Close\">&times;<\/button><\/div>\n<\/form>\n<\/div>\n<\/div><\/div><\/div><\/div>\n","protected":false},"excerpt":{"rendered":"","protected":false},"author":2,"featured_media":0,"parent":1461,"menu_order":0,"comment_status":"closed","ping_status":"closed","template":"100-width.php","meta":{"_acf_changed":false,"footnotes":""},"class_list":["post-2278","page","type-page","status-publish","hentry"],"acf":[],"yoast_head":"<!-- This site is optimized with the Yoast SEO plugin v24.3 - https:\/\/yoast.com\/wordpress\/plugins\/seo\/ -->\n<title>Inscription chez MONDEL : D\u00e9marrez Votre Carri\u00e8re Cin\u00e9ma\/T\u00e9l\u00e9vision<\/title>\n<meta name=\"description\" content=\"Pr\u00eat pour une carri\u00e8re en cin\u00e9ma ou t\u00e9l\u00e9vision? Remplissez votre fiche d&#039;admission chez MONDEL, Montr\u00e9al, et rejoignez nos formations de pointe. Commencez ici!\" \/>\n<meta name=\"robots\" content=\"index, follow, max-snippet:-1, max-image-preview:large, max-video-preview:-1\" \/>\n<link rel=\"canonical\" href=\"https:\/\/mondel.ca\/en\/admission\/foreign-students\/admission-form-foreign-students\/\" \/>\n<meta property=\"og:locale\" content=\"en_US\" \/>\n<meta property=\"og:type\" content=\"article\" \/>\n<meta property=\"og:title\" content=\"Inscription chez MONDEL : D\u00e9marrez Votre Carri\u00e8re Cin\u00e9ma\/T\u00e9l\u00e9vision\" \/>\n<meta property=\"og:description\" content=\"Pr\u00eat pour une carri\u00e8re en cin\u00e9ma ou t\u00e9l\u00e9vision? Remplissez votre fiche d&#039;admission chez MONDEL, Montr\u00e9al, et rejoignez nos formations de pointe. Commencez ici!\" \/>\n<meta property=\"og:url\" content=\"https:\/\/mondel.ca\/en\/admission\/foreign-students\/admission-form-foreign-students\/\" \/>\n<meta property=\"og:site_name\" content=\"Mondel - l&#039;Atelier du Cin\u00e9ma\" \/>\n<meta property=\"article:publisher\" content=\"https:\/\/www.facebook.com\/mondelatelierducinema\" \/>\n<meta property=\"article:modified_time\" content=\"2024-03-07T17:07:33+00:00\" \/>\n<meta property=\"og:image\" content=\"https:\/\/mondel.ca\/wp-content\/uploads\/2022\/11\/fbk-Mondel.png\" \/>\n\t<meta property=\"og:image:width\" content=\"1200\" \/>\n\t<meta property=\"og:image:height\" content=\"630\" \/>\n\t<meta property=\"og:image:type\" content=\"image\/png\" \/>\n<meta name=\"twitter:card\" content=\"summary_large_image\" \/>\n<meta name=\"twitter:label1\" content=\"Est. reading time\" \/>\n\t<meta name=\"twitter:data1\" content=\"1 minute\" \/>\n<script type=\"application\/ld+json\" class=\"yoast-schema-graph\">{\"@context\":\"https:\/\/schema.org\",\"@graph\":[{\"@type\":\"WebPage\",\"@id\":\"https:\/\/mondel.ca\/en\/admission\/foreign-students\/admission-form-foreign-students\/\",\"url\":\"https:\/\/mondel.ca\/en\/admission\/foreign-students\/admission-form-foreign-students\/\",\"name\":\"Inscription chez MONDEL : D\u00e9marrez Votre Carri\u00e8re Cin\u00e9ma\/T\u00e9l\u00e9vision\",\"isPartOf\":{\"@id\":\"https:\/\/mondel.ca\/#website\"},\"datePublished\":\"2024-03-07T16:58:19+00:00\",\"dateModified\":\"2024-03-07T17:07:33+00:00\",\"description\":\"Pr\u00eat pour une carri\u00e8re en cin\u00e9ma ou t\u00e9l\u00e9vision? Remplissez votre fiche d'admission chez MONDEL, Montr\u00e9al, et rejoignez nos formations de pointe. Commencez ici!\",\"breadcrumb\":{\"@id\":\"https:\/\/mondel.ca\/en\/admission\/foreign-students\/admission-form-foreign-students\/#breadcrumb\"},\"inLanguage\":\"en-US\",\"potentialAction\":[{\"@type\":\"ReadAction\",\"target\":[\"https:\/\/mondel.ca\/en\/admission\/foreign-students\/admission-form-foreign-students\/\"]}]},{\"@type\":\"BreadcrumbList\",\"@id\":\"https:\/\/mondel.ca\/en\/admission\/foreign-students\/admission-form-foreign-students\/#breadcrumb\",\"itemListElement\":[{\"@type\":\"ListItem\",\"position\":1,\"name\":\"Accueil\",\"item\":\"https:\/\/mondel.ca\/en\/\"},{\"@type\":\"ListItem\",\"position\":2,\"name\":\"Admission\",\"item\":\"https:\/\/mondel.ca\/en\/admission\/\"},{\"@type\":\"ListItem\",\"position\":3,\"name\":\"Foreign students\",\"item\":\"https:\/\/mondel.ca\/en\/admission\/foreign-students\/\"},{\"@type\":\"ListItem\",\"position\":4,\"name\":\"Admission form &#8211; Foreign students\"}]},{\"@type\":\"WebSite\",\"@id\":\"https:\/\/mondel.ca\/#website\",\"url\":\"https:\/\/mondel.ca\/\",\"name\":\"Mondel - l&#039;Atelier du Cin\u00e9ma\",\"description\":\"Centre de formation des m\u00e9tiers techniques du cin\u00e9ma\",\"potentialAction\":[{\"@type\":\"SearchAction\",\"target\":{\"@type\":\"EntryPoint\",\"urlTemplate\":\"https:\/\/mondel.ca\/?s={search_term_string}\"},\"query-input\":{\"@type\":\"PropertyValueSpecification\",\"valueRequired\":true,\"valueName\":\"search_term_string\"}}],\"inLanguage\":\"en-US\"}]}<\/script>\n<!-- \/ Yoast SEO plugin. -->","yoast_head_json":{"title":"Inscription chez MONDEL : D\u00e9marrez Votre Carri\u00e8re Cin\u00e9ma\/T\u00e9l\u00e9vision","description":"Pr\u00eat pour une carri\u00e8re en cin\u00e9ma ou t\u00e9l\u00e9vision? Remplissez votre fiche d'admission chez MONDEL, Montr\u00e9al, et rejoignez nos formations de pointe. Commencez ici!","robots":{"index":"index","follow":"follow","max-snippet":"max-snippet:-1","max-image-preview":"max-image-preview:large","max-video-preview":"max-video-preview:-1"},"canonical":"https:\/\/mondel.ca\/en\/admission\/foreign-students\/admission-form-foreign-students\/","og_locale":"en_US","og_type":"article","og_title":"Inscription chez MONDEL : D\u00e9marrez Votre Carri\u00e8re Cin\u00e9ma\/T\u00e9l\u00e9vision","og_description":"Pr\u00eat pour une carri\u00e8re en cin\u00e9ma ou t\u00e9l\u00e9vision? Remplissez votre fiche d'admission chez MONDEL, Montr\u00e9al, et rejoignez nos formations de pointe. Commencez ici!","og_url":"https:\/\/mondel.ca\/en\/admission\/foreign-students\/admission-form-foreign-students\/","og_site_name":"Mondel - l&#039;Atelier du Cin\u00e9ma","article_publisher":"https:\/\/www.facebook.com\/mondelatelierducinema","article_modified_time":"2024-03-07T17:07:33+00:00","og_image":[{"width":1200,"height":630,"url":"https:\/\/mondel.ca\/wp-content\/uploads\/2022\/11\/fbk-Mondel.png","type":"image\/png"}],"twitter_card":"summary_large_image","twitter_misc":{"Est. reading time":"1 minute"},"schema":{"@context":"https:\/\/schema.org","@graph":[{"@type":"WebPage","@id":"https:\/\/mondel.ca\/en\/admission\/foreign-students\/admission-form-foreign-students\/","url":"https:\/\/mondel.ca\/en\/admission\/foreign-students\/admission-form-foreign-students\/","name":"Inscription chez MONDEL : D\u00e9marrez Votre Carri\u00e8re Cin\u00e9ma\/T\u00e9l\u00e9vision","isPartOf":{"@id":"https:\/\/mondel.ca\/#website"},"datePublished":"2024-03-07T16:58:19+00:00","dateModified":"2024-03-07T17:07:33+00:00","description":"Pr\u00eat pour une carri\u00e8re en cin\u00e9ma ou t\u00e9l\u00e9vision? Remplissez votre fiche d'admission chez MONDEL, Montr\u00e9al, et rejoignez nos formations de pointe. Commencez ici!","breadcrumb":{"@id":"https:\/\/mondel.ca\/en\/admission\/foreign-students\/admission-form-foreign-students\/#breadcrumb"},"inLanguage":"en-US","potentialAction":[{"@type":"ReadAction","target":["https:\/\/mondel.ca\/en\/admission\/foreign-students\/admission-form-foreign-students\/"]}]},{"@type":"BreadcrumbList","@id":"https:\/\/mondel.ca\/en\/admission\/foreign-students\/admission-form-foreign-students\/#breadcrumb","itemListElement":[{"@type":"ListItem","position":1,"name":"Accueil","item":"https:\/\/mondel.ca\/en\/"},{"@type":"ListItem","position":2,"name":"Admission","item":"https:\/\/mondel.ca\/en\/admission\/"},{"@type":"ListItem","position":3,"name":"Foreign students","item":"https:\/\/mondel.ca\/en\/admission\/foreign-students\/"},{"@type":"ListItem","position":4,"name":"Admission form &#8211; Foreign students"}]},{"@type":"WebSite","@id":"https:\/\/mondel.ca\/#website","url":"https:\/\/mondel.ca\/","name":"Mondel - l&#039;Atelier du Cin\u00e9ma","description":"Centre de formation des m\u00e9tiers techniques du cin\u00e9ma","potentialAction":[{"@type":"SearchAction","target":{"@type":"EntryPoint","urlTemplate":"https:\/\/mondel.ca\/?s={search_term_string}"},"query-input":{"@type":"PropertyValueSpecification","valueRequired":true,"valueName":"search_term_string"}}],"inLanguage":"en-US"}]}},"_links":{"self":[{"href":"https:\/\/mondel.ca\/en\/wp-json\/wp\/v2\/pages\/2278","targetHints":{"allow":["GET"]}}],"collection":[{"href":"https:\/\/mondel.ca\/en\/wp-json\/wp\/v2\/pages"}],"about":[{"href":"https:\/\/mondel.ca\/en\/wp-json\/wp\/v2\/types\/page"}],"author":[{"embeddable":true,"href":"https:\/\/mondel.ca\/en\/wp-json\/wp\/v2\/users\/2"}],"replies":[{"embeddable":true,"href":"https:\/\/mondel.ca\/en\/wp-json\/wp\/v2\/comments?post=2278"}],"version-history":[{"count":3,"href":"https:\/\/mondel.ca\/en\/wp-json\/wp\/v2\/pages\/2278\/revisions"}],"predecessor-version":[{"id":2281,"href":"https:\/\/mondel.ca\/en\/wp-json\/wp\/v2\/pages\/2278\/revisions\/2281"}],"up":[{"embeddable":true,"href":"https:\/\/mondel.ca\/en\/wp-json\/wp\/v2\/pages\/1461"}],"wp:attachment":[{"href":"https:\/\/mondel.ca\/en\/wp-json\/wp\/v2\/media?parent=2278"}],"curies":[{"name":"wp","href":"https:\/\/api.w.org\/{rel}","templated":true}]}}