{"id":3129,"date":"2024-12-19T13:16:06","date_gmt":"2024-12-19T18:16:06","guid":{"rendered":"https:\/\/mondel.ca\/evenements-speciaux\/"},"modified":"2026-03-04T12:22:09","modified_gmt":"2026-03-04T17:22:09","slug":"special-events","status":"publish","type":"page","link":"https:\/\/mondel.ca\/en\/special-events\/","title":{"rendered":"Special events"},"content":{"rendered":"<p><div class=\"fusion-fullwidth fullwidth-box fusion-builder-row-1 fusion-flex-container has-pattern-background has-mask-background black nonhundred-percent-fullwidth non-hundred-percent-height-scrolling\" style=\"--awb-border-radius-top-left:0px;--awb-border-radius-top-right:0px;--awb-border-radius-bottom-right:0px;--awb-border-radius-bottom-left:0px;--awb-padding-top:100px;--awb-background-color:var(--awb-color3);--awb-flex-wrap:wrap;\" ><div class=\"fusion-builder-row fusion-row fusion-flex-align-items-flex-start fusion-flex-content-wrap\" style=\"max-width:1696px;margin-left: calc(-6% \/ 2 );margin-right: calc(-6% \/ 2 );\"><div class=\"fusion-layout-column fusion_builder_column fusion-builder-column-0 fusion_builder_column_1_1 1_1 fusion-flex-column\" style=\"--awb-bg-size:cover;--awb-width-large:100%;--awb-margin-top-large:0px;--awb-spacing-right-large:2.82%;--awb-margin-bottom-large:80px;--awb-spacing-left-large:2.82%;--awb-width-medium:100%;--awb-order-medium:0;--awb-spacing-right-medium:2.82%;--awb-spacing-left-medium:2.82%;--awb-width-small:100%;--awb-order-small:0;--awb-spacing-right-small:2.82%;--awb-spacing-left-small:2.82%;\"><div class=\"fusion-column-wrapper fusion-column-has-shadow fusion-flex-justify-content-flex-start fusion-content-layout-column\"><div class=\"accordian fusion-accordian\" style=\"--awb-border-size:0px;--awb-icon-size:40px;--awb-content-font-size:17px;--awb-icon-alignment:right;--awb-hover-color:var(--awb-color5);--awb-border-color:var(--awb-color5);--awb-background-color:var(--awb-color5);--awb-divider-color:var(--awb-color3);--awb-divider-hover-color:var(--awb-color3);--awb-icon-color:var(--awb-color1);--awb-title-color:var(--awb-color1);--awb-content-color:var(--awb-color1);--awb-icon-box-color:var(--awb-color1);--awb-toggle-hover-accent-color:var(--awb-color4);--awb-toggle-active-accent-color:var(--awb-color4);--awb-title-font-family:&quot;CriteriaCF-Bold&quot;;--awb-title-font-weight:400;--awb-title-font-style:normal;--awb-title-font-size:25px;--awb-title-line-height:1.2;--awb-content-font-family:&quot;CriteriaCF-Light&quot;;--awb-content-font-style:normal;--awb-content-font-weight:400;\"><div class=\"panel-group fusion-toggle-icon-right fusion-toggle-icon-unboxed\" id=\"accordion-3129-1\"><div class=\"fusion-panel panel-default panel-ab78f58260c20b3d0 fusion-toggle-no-divider fusion-toggle-boxed-mode\" style=\"--awb-title-color:var(--awb-color1);\"><div class=\"panel-heading\"><h4 class=\"panel-title toggle\" id=\"toggle_ab78f58260c20b3d0\"><a aria-expanded=\"false\" aria-controls=\"ab78f58260c20b3d0\" role=\"button\" data-toggle=\"collapse\" data-parent=\"#accordion-3129-1\" data-target=\"#ab78f58260c20b3d0\" href=\"#ab78f58260c20b3d0\"><span class=\"fusion-toggle-icon-wrapper\" aria-hidden=\"true\"><i class=\"fa-fusion-box active-icon awb-icon-minus\" aria-hidden=\"true\"><\/i><i class=\"fa-fusion-box inactive-icon awb-icon-plus\" aria-hidden=\"true\"><\/i><\/span><span class=\"fusion-toggle-heading\">Masterclass<\/span><\/a><\/h4><\/div><div id=\"ab78f58260c20b3d0\" class=\"panel-collapse collapse \" aria-labelledby=\"toggle_ab78f58260c20b3d0\"><div class=\"panel-body toggle-content fusion-clearfix\">\n<p>Date : Wednesday, March 11th 2026<br \/>\nTime : From 1:00 pm to 3:00 pm<br \/>\nWhere : <strong>MONDEL training center<\/strong>, at the Olympic Park, 4545 Pierre-De Coubertin, Montreal, nearby PIE-IX metro<br \/>\nGuest: Julien Hurteau &#8211; Director<\/p>\n<p>Cost : <strong>Free!<\/strong><\/p>\n<p><em>Please note that the masterclass with be given in French<\/em><\/p>\n<\/div><\/div><\/div><div class=\"fusion-panel panel-default panel-503fffb7c30be3fc8 fusion-toggle-no-divider fusion-toggle-boxed-mode\" style=\"--awb-title-color:var(--awb-color1);\"><div class=\"panel-heading\"><h4 class=\"panel-title toggle\" id=\"toggle_503fffb7c30be3fc8\"><a aria-expanded=\"false\" aria-controls=\"503fffb7c30be3fc8\" role=\"button\" data-toggle=\"collapse\" data-parent=\"#accordion-3129-1\" data-target=\"#503fffb7c30be3fc8\" href=\"#503fffb7c30be3fc8\"><span class=\"fusion-toggle-icon-wrapper\" aria-hidden=\"true\"><i class=\"fa-fusion-box active-icon awb-icon-minus\" aria-hidden=\"true\"><\/i><i class=\"fa-fusion-box inactive-icon awb-icon-plus\" aria-hidden=\"true\"><\/i><\/span><span class=\"fusion-toggle-heading\">Introduction to Makeup Course (Show and tell)<\/span><\/a><\/h4><\/div><div id=\"503fffb7c30be3fc8\" class=\"panel-collapse collapse \" aria-labelledby=\"toggle_503fffb7c30be3fc8\"><div class=\"panel-body toggle-content fusion-clearfix\">\n<p>Date : Saturday, February 1st, 2025<br \/>\nTime : From 9:00 AM to 4:00 PM<br \/>\nWhere : <strong>MONDEL training center<\/strong>, at the Olympic Park, 4545 Pierre-De-Coubertin, Montreal, nearby PIE-IX metro<\/p>\n<p>Instructor: Catherine Lavoie \u2013 Key Professional Makeup Artist<\/p>\n<p><strong>Cost: $175 + taxes ($201.21)<\/strong><\/p>\n<p>Dive into the fascinating world of film makeup during our introductory makeup course day!<\/p>\n<p>Led by Catherine Lavoie, key professional makeup artist and instructor at MONDEL, this teaser session of our makeup training course will allow you to watch a makeup artist at work, demystifying the techniques, products, and secrets of professional artists in the film industry.<\/p>\n<p>It\u2019s the perfect opportunity to learn more about our unique makeup training program and discover your future career!<\/p>\n<p>Whether you\u2019re passionate about cinema and looking for a starting point to explore this world, or already a makeup artist in the fields of fashion, photography, theater, or social media influencing, this day is for you.<\/p>\n<p>Note that this event will be conducted in french only.<\/p>\n<p><em><strong>If you decide to enroll in our makeup training course for the Winter 2025 session, the cost of this day will be deducted from your tuition fees!<\/strong><\/em><\/p>\n<\/div><\/div><\/div><\/div><\/div><\/div><\/div><\/div><\/div><div class=\"fusion-fullwidth fullwidth-box fusion-builder-row-2 fusion-flex-container has-pattern-background has-mask-background nonhundred-percent-fullwidth non-hundred-percent-height-scrolling\" style=\"--awb-border-radius-top-left:0px;--awb-border-radius-top-right:0px;--awb-border-radius-bottom-right:0px;--awb-border-radius-bottom-left:0px;--awb-margin-top:100px;--awb-flex-wrap:wrap;\" ><div class=\"fusion-builder-row fusion-row fusion-flex-align-items-flex-start fusion-flex-content-wrap\" style=\"max-width:1696px;margin-left: calc(-6% \/ 2 );margin-right: calc(-6% \/ 2 );\"><div class=\"fusion-layout-column fusion_builder_column fusion-builder-column-1 fusion_builder_column_1_1 1_1 fusion-flex-column fusion-animated\" style=\"--awb-bg-size:cover;--awb-width-large:100%;--awb-margin-top-large:0px;--awb-spacing-right-large:2.82%;--awb-margin-bottom-large:80px;--awb-spacing-left-large:2.82%;--awb-width-medium:100%;--awb-order-medium:0;--awb-spacing-right-medium:2.82%;--awb-spacing-left-medium:2.82%;--awb-width-small:100%;--awb-order-small:0;--awb-spacing-right-small:2.82%;--awb-spacing-left-small:2.82%;\" data-animationType=\"fadeInLeft\" data-animationDuration=\"1.5\" data-animationOffset=\"top-into-view\" data-scroll-devices=\"small-visibility,medium-visibility,large-visibility\"><div class=\"fusion-column-wrapper fusion-column-has-shadow fusion-flex-justify-content-flex-start fusion-content-layout-column\"><div class=\"fusion-title title fusion-title-1 fusion-sep-none fusion-title-text fusion-title-size-two\"><h2 class=\"fusion-title-heading title-heading-left\" style=\"margin:0;\">Webinars<\/h2><\/div><div class=\"fusion-text fusion-text-1\"><p>Go to our Youtube channel to see all our webinars explaining our MONDEL training courses.<\/p>\n<\/div><div class=\"fusion-separator fusion-full-width-sep\" style=\"align-self: center;margin-left: auto;margin-right: auto;margin-bottom:20px;width:100%;\"><\/div><div ><a class=\"fusion-button button-flat fusion-button-default-size button-default fusion-button-default button-1 fusion-button-default-span fusion-button-default-type\" target=\"_blank\" rel=\"noopener noreferrer\" href=\"https:\/\/www.youtube.com\/channel\/UClOY0KkJ3I19XW4b6Yz7nHA\"><span class=\"fusion-button-text\">Visit our youtube channel<\/span><\/a><\/div><\/div><\/div><\/div><\/div><div class=\"fusion-fullwidth fullwidth-box fusion-builder-row-3 fusion-flex-container has-pattern-background has-mask-background nonhundred-percent-fullwidth non-hundred-percent-height-scrolling\" style=\"--awb-border-radius-top-left:0px;--awb-border-radius-top-right:0px;--awb-border-radius-bottom-right:0px;--awb-border-radius-bottom-left:0px;--awb-padding-top:100px;--awb-flex-wrap:wrap;\" ><div class=\"fusion-builder-row fusion-row fusion-flex-align-items-flex-start fusion-flex-content-wrap\" style=\"max-width:1696px;margin-left: calc(-6% \/ 2 );margin-right: calc(-6% \/ 2 );\"><div class=\"fusion-layout-column fusion_builder_column fusion-builder-column-2 fusion_builder_column_1_1 1_1 fusion-flex-column fusion-animated\" style=\"--awb-bg-size:cover;--awb-width-large:100%;--awb-margin-top-large:0px;--awb-spacing-right-large:2.82%;--awb-margin-bottom-large:40px;--awb-spacing-left-large:2.82%;--awb-width-medium:100%;--awb-order-medium:0;--awb-spacing-right-medium:2.82%;--awb-spacing-left-medium:2.82%;--awb-width-small:100%;--awb-order-small:0;--awb-spacing-right-small:2.82%;--awb-spacing-left-small:2.82%;\" data-animationType=\"fadeInRight\" data-animationDuration=\"1.0\" data-animationOffset=\"top-into-view\" data-scroll-devices=\"small-visibility,medium-visibility,large-visibility\"><div class=\"fusion-column-wrapper fusion-column-has-shadow fusion-flex-justify-content-flex-start fusion-content-layout-column\"><div class=\"fusion-title title fusion-title-2 fusion-sep-none fusion-title-text fusion-title-size-two\"><h2 class=\"fusion-title-heading title-heading-left\" style=\"margin:0;\">Registrations<\/h2><\/div><\/div><\/div><div class=\"fusion-layout-column fusion_builder_column fusion-builder-column-3 fusion_builder_column_1_1 1_1 fusion-flex-column fusion-animated\" style=\"--awb-bg-size:cover;--awb-width-large:100%;--awb-margin-top-large:0px;--awb-spacing-right-large:2.82%;--awb-margin-bottom-large:80px;--awb-spacing-left-large:2.82%;--awb-width-medium:100%;--awb-order-medium:0;--awb-spacing-right-medium:2.82%;--awb-spacing-left-medium:2.82%;--awb-width-small:100%;--awb-order-small:0;--awb-spacing-right-small:2.82%;--awb-spacing-left-small:2.82%;\" data-animationType=\"fadeInUp\" data-animationDuration=\"1.5\" data-animationOffset=\"top-into-view\" data-scroll-devices=\"small-visibility,medium-visibility,large-visibility\"><div class=\"fusion-column-wrapper fusion-column-has-shadow fusion-flex-justify-content-flex-start fusion-content-layout-column\">\n<div class=\"wpcf7 no-js\" id=\"wpcf7-f3133-o1\" lang=\"fr-CA\" dir=\"ltr\" data-wpcf7-id=\"3133\">\n<div class=\"screen-reader-response\"><p role=\"status\" aria-live=\"polite\" aria-atomic=\"true\"><\/p> <ul><\/ul><\/div>\n<form action=\"\/en\/wp-json\/wp\/v2\/pages\/3129#wpcf7-f3133-o1\" method=\"post\" class=\"wpcf7-form init\" aria-label=\"Contact form\" novalidate=\"novalidate\" data-status=\"init\">\n<div style=\"display: none;\">\n<input type=\"hidden\" name=\"_wpcf7\" value=\"3133\" \/>\n<input type=\"hidden\" name=\"_wpcf7_version\" value=\"6.0.3\" \/>\n<input type=\"hidden\" name=\"_wpcf7_locale\" value=\"fr_CA\" \/>\n<input type=\"hidden\" name=\"_wpcf7_unit_tag\" value=\"wpcf7-f3133-o1\" \/>\n<input type=\"hidden\" name=\"_wpcf7_container_post\" value=\"0\" \/>\n<input type=\"hidden\" name=\"_wpcf7_posted_data_hash\" value=\"\" \/>\n<input type=\"hidden\" name=\"_wpcf7_recaptcha_response\" value=\"\" \/>\n<\/div>\n<div class=\"double-input\">\n\t<div class=\"input-left\">\n\t\t<p><label>First name*<\/label><span class=\"wpcf7-form-control-wrap\" data-name=\"your-firstname\"><input size=\"40\" maxlength=\"400\" class=\"wpcf7-form-control wpcf7-text wpcf7-validates-as-required\" aria-required=\"true\" aria-invalid=\"false\" value=\"\" type=\"text\" name=\"your-firstname\" \/><\/span>\n\t\t<\/p>\n\t<\/div>\n\t<div class=\"input-right\">\n\t\t<p><label>Last name*<\/label><span class=\"wpcf7-form-control-wrap\" data-name=\"your-name\"><input size=\"40\" maxlength=\"400\" class=\"wpcf7-form-control wpcf7-text wpcf7-validates-as-required\" aria-required=\"true\" aria-invalid=\"false\" value=\"\" type=\"text\" name=\"your-name\" \/><\/span>\n\t\t<\/p>\n\t<\/div>\n<\/div>\n<div class=\"double-input\">\n\t<div class=\"input-left\">\n\t\t<p><label>Email*<\/label><span class=\"wpcf7-form-control-wrap\" data-name=\"your-email\"><input size=\"40\" maxlength=\"400\" class=\"wpcf7-form-control wpcf7-email wpcf7-validates-as-required wpcf7-text wpcf7-validates-as-email\" aria-required=\"true\" aria-invalid=\"false\" value=\"\" type=\"email\" name=\"your-email\" \/><\/span>\n\t\t<\/p>\n\t<\/div>\n\t<div class=\"input-right\">\n\t\t<p><label>Phone*<\/label><span class=\"wpcf7-form-control-wrap\" data-name=\"your-phone\"><input size=\"40\" maxlength=\"400\" class=\"wpcf7-form-control wpcf7-text wpcf7-validates-as-required\" aria-required=\"true\" aria-invalid=\"false\" value=\"\" type=\"text\" name=\"your-phone\" \/><\/span>\n\t\t<\/p>\n\t<\/div>\n<\/div>\n<div class=\"double-input\">\n\t<div class=\"input-left\">\n\t\t<p><label>Association name*<\/label><span class=\"wpcf7-form-control-wrap\" data-name=\"name-association\"><input size=\"40\" maxlength=\"400\" class=\"wpcf7-form-control wpcf7-text wpcf7-validates-as-required\" aria-required=\"true\" aria-invalid=\"false\" value=\"\" type=\"text\" name=\"name-association\" \/><\/span>\n\t\t<\/p>\n\t<\/div>\n\t<div class=\"input-right\">\n\t\t<p><label>Member number*<\/label><span class=\"wpcf7-form-control-wrap\" data-name=\"number-member\"><input size=\"40\" maxlength=\"400\" class=\"wpcf7-form-control wpcf7-text wpcf7-validates-as-required\" aria-required=\"true\" aria-invalid=\"false\" value=\"\" type=\"text\" name=\"number-member\" \/><\/span>\n\t\t<\/p>\n\t<\/div>\n<\/div>\n<div class=\"double-input\">\n\t<div class=\"input-left\">\n\t\t<p><label>Number of tickets*<\/label><span class=\"wpcf7-form-control-wrap\" data-name=\"nb-billets\"><input size=\"40\" maxlength=\"400\" class=\"wpcf7-form-control wpcf7-text wpcf7-validates-as-required\" aria-required=\"true\" aria-invalid=\"false\" value=\"\" type=\"text\" name=\"nb-billets\" \/><\/span>\n\t\t<\/p>\n\t<\/div>\n\t<div class=\"input-right\">\n\t\t<p><label>NAS number (Optional for tax receipt)<\/label><span class=\"wpcf7-form-control-wrap\" data-name=\"your-NAS\"><input size=\"40\" maxlength=\"400\" class=\"wpcf7-form-control wpcf7-text\" aria-invalid=\"false\" value=\"\" type=\"text\" name=\"your-NAS\" \/><\/span>\n\t\t<\/p>\n\t<\/div>\n<\/div>\n<div class=\"spacer\">\n\t<p>&nbsp;\n\t<\/p>\n<\/div>\n<h4>Special events\n<\/h4>\n<p>Select the desired event\n<\/p>\n<div>\n\t<p><span class=\"wpcf7-form-control-wrap\" data-name=\"choix-cours\"><span class=\"wpcf7-form-control wpcf7-radio\"><span class=\"wpcf7-list-item first\"><label><input type=\"radio\" name=\"choix-cours\" value=\"Masterclass\" checked=\"checked\" \/><span class=\"wpcf7-list-item-label\">Masterclass<\/span><\/label><\/span><span class=\"wpcf7-list-item last\"><label><input type=\"radio\" name=\"choix-cours\" value=\"Introduction to Makeup Course (Show and tell)\" \/><span class=\"wpcf7-list-item-label\">Introduction to Makeup Course (Show and tell)<\/span><\/label><\/span><\/span><\/span>\n\t<\/p>\n<\/div>\n<div class=\"btn-form\">\n\t<p><input class=\"wpcf7-form-control wpcf7-submit has-spinner\" type=\"submit\" value=\"Send\" \/>\n\t<\/p>\n<\/div><div class=\"fusion-alert alert custom alert-custom fusion-alert-center wpcf7-response-output awb-alert-native-link-color alert-dismissable awb-alert-close-boxed\" style=\"--awb-border-size:1px;--awb-border-top-left-radius:0px;--awb-border-top-right-radius:0px;--awb-border-bottom-left-radius:0px;--awb-border-bottom-right-radius:0px;\" role=\"alert\"><div class=\"fusion-alert-content-wrapper\"><span class=\"fusion-alert-content\"><\/span><\/div><button type=\"button\" class=\"close toggle-alert\" data-dismiss=\"alert\" aria-label=\"Close\">&times;<\/button><\/div>\n<\/form>\n<\/div>\n<\/div><\/div><\/div><\/div><\/p>\n","protected":false},"excerpt":{"rendered":"","protected":false},"author":3,"featured_media":0,"parent":0,"menu_order":0,"comment_status":"closed","ping_status":"closed","template":"100-width.php","meta":{"_acf_changed":false,"footnotes":""},"class_list":["post-3129","page","type-page","status-publish","hentry"],"acf":[],"yoast_head":"<!-- This site is optimized with the Yoast SEO plugin v24.3 - https:\/\/yoast.com\/wordpress\/plugins\/seo\/ -->\n<title>Formations de Perfectionnement pour Pros du Cin\u00e9ma\/T\u00e9l\u00e9vision chez MONDEL<\/title>\n<meta name=\"description\" content=\"D\u00e9veloppez vos comp\u00e9tences avec les formations de perfectionnement MONDEL \u00e0 Montr\u00e9al : maquillage, logistique, et plus. \u00c9levez votre carri\u00e8re d&#039;un cran.\" \/>\n<meta name=\"robots\" content=\"index, follow, max-snippet:-1, max-image-preview:large, max-video-preview:-1\" \/>\n<link rel=\"canonical\" href=\"https:\/\/mondel.ca\/en\/special-events\/\" \/>\n<meta property=\"og:locale\" content=\"en_US\" \/>\n<meta property=\"og:type\" content=\"article\" \/>\n<meta property=\"og:title\" content=\"Formations de Perfectionnement pour Pros du Cin\u00e9ma\/T\u00e9l\u00e9vision chez MONDEL\" \/>\n<meta property=\"og:description\" content=\"D\u00e9veloppez vos comp\u00e9tences avec les formations de perfectionnement MONDEL \u00e0 Montr\u00e9al : maquillage, logistique, et plus. \u00c9levez votre carri\u00e8re d&#039;un cran.\" \/>\n<meta property=\"og:url\" content=\"https:\/\/mondel.ca\/en\/special-events\/\" \/>\n<meta property=\"og:site_name\" content=\"Mondel - l&#039;Atelier du Cin\u00e9ma\" \/>\n<meta property=\"article:publisher\" content=\"https:\/\/www.facebook.com\/mondelatelierducinema\" \/>\n<meta property=\"article:modified_time\" content=\"2026-03-04T17:22:09+00:00\" \/>\n<meta property=\"og:image\" content=\"https:\/\/mondel.ca\/wp-content\/uploads\/2022\/11\/fbk-Mondel.png\" \/>\n\t<meta property=\"og:image:width\" content=\"1200\" \/>\n\t<meta property=\"og:image:height\" content=\"630\" \/>\n\t<meta property=\"og:image:type\" content=\"image\/png\" \/>\n<meta name=\"twitter:card\" content=\"summary_large_image\" \/>\n<meta name=\"twitter:label1\" content=\"Est. reading time\" \/>\n\t<meta name=\"twitter:data1\" content=\"2 minutes\" \/>\n<script type=\"application\/ld+json\" class=\"yoast-schema-graph\">{\"@context\":\"https:\/\/schema.org\",\"@graph\":[{\"@type\":\"WebPage\",\"@id\":\"https:\/\/mondel.ca\/en\/special-events\/\",\"url\":\"https:\/\/mondel.ca\/en\/special-events\/\",\"name\":\"Formations de Perfectionnement pour Pros du Cin\u00e9ma\/T\u00e9l\u00e9vision chez MONDEL\",\"isPartOf\":{\"@id\":\"https:\/\/mondel.ca\/#website\"},\"datePublished\":\"2024-12-19T18:16:06+00:00\",\"dateModified\":\"2026-03-04T17:22:09+00:00\",\"description\":\"D\u00e9veloppez vos comp\u00e9tences avec les formations de perfectionnement MONDEL \u00e0 Montr\u00e9al : maquillage, logistique, et plus. \u00c9levez votre carri\u00e8re d'un cran.\",\"breadcrumb\":{\"@id\":\"https:\/\/mondel.ca\/en\/special-events\/#breadcrumb\"},\"inLanguage\":\"en-US\",\"potentialAction\":[{\"@type\":\"ReadAction\",\"target\":[\"https:\/\/mondel.ca\/en\/special-events\/\"]}]},{\"@type\":\"BreadcrumbList\",\"@id\":\"https:\/\/mondel.ca\/en\/special-events\/#breadcrumb\",\"itemListElement\":[{\"@type\":\"ListItem\",\"position\":1,\"name\":\"Accueil\",\"item\":\"https:\/\/mondel.ca\/en\/\"},{\"@type\":\"ListItem\",\"position\":2,\"name\":\"Special events\"}]},{\"@type\":\"WebSite\",\"@id\":\"https:\/\/mondel.ca\/#website\",\"url\":\"https:\/\/mondel.ca\/\",\"name\":\"Mondel - l&#039;Atelier du Cin\u00e9ma\",\"description\":\"Centre de formation des m\u00e9tiers techniques du cin\u00e9ma\",\"potentialAction\":[{\"@type\":\"SearchAction\",\"target\":{\"@type\":\"EntryPoint\",\"urlTemplate\":\"https:\/\/mondel.ca\/?s={search_term_string}\"},\"query-input\":{\"@type\":\"PropertyValueSpecification\",\"valueRequired\":true,\"valueName\":\"search_term_string\"}}],\"inLanguage\":\"en-US\"}]}<\/script>\n<!-- \/ Yoast SEO plugin. -->","yoast_head_json":{"title":"Formations de Perfectionnement pour Pros du Cin\u00e9ma\/T\u00e9l\u00e9vision chez MONDEL","description":"D\u00e9veloppez vos comp\u00e9tences avec les formations de perfectionnement MONDEL \u00e0 Montr\u00e9al : maquillage, logistique, et plus. \u00c9levez votre carri\u00e8re d'un cran.","robots":{"index":"index","follow":"follow","max-snippet":"max-snippet:-1","max-image-preview":"max-image-preview:large","max-video-preview":"max-video-preview:-1"},"canonical":"https:\/\/mondel.ca\/en\/special-events\/","og_locale":"en_US","og_type":"article","og_title":"Formations de Perfectionnement pour Pros du Cin\u00e9ma\/T\u00e9l\u00e9vision chez MONDEL","og_description":"D\u00e9veloppez vos comp\u00e9tences avec les formations de perfectionnement MONDEL \u00e0 Montr\u00e9al : maquillage, logistique, et plus. \u00c9levez votre carri\u00e8re d'un cran.","og_url":"https:\/\/mondel.ca\/en\/special-events\/","og_site_name":"Mondel - l&#039;Atelier du Cin\u00e9ma","article_publisher":"https:\/\/www.facebook.com\/mondelatelierducinema","article_modified_time":"2026-03-04T17:22:09+00:00","og_image":[{"width":1200,"height":630,"url":"https:\/\/mondel.ca\/wp-content\/uploads\/2022\/11\/fbk-Mondel.png","type":"image\/png"}],"twitter_card":"summary_large_image","twitter_misc":{"Est. reading time":"2 minutes"},"schema":{"@context":"https:\/\/schema.org","@graph":[{"@type":"WebPage","@id":"https:\/\/mondel.ca\/en\/special-events\/","url":"https:\/\/mondel.ca\/en\/special-events\/","name":"Formations de Perfectionnement pour Pros du Cin\u00e9ma\/T\u00e9l\u00e9vision chez MONDEL","isPartOf":{"@id":"https:\/\/mondel.ca\/#website"},"datePublished":"2024-12-19T18:16:06+00:00","dateModified":"2026-03-04T17:22:09+00:00","description":"D\u00e9veloppez vos comp\u00e9tences avec les formations de perfectionnement MONDEL \u00e0 Montr\u00e9al : maquillage, logistique, et plus. \u00c9levez votre carri\u00e8re d'un cran.","breadcrumb":{"@id":"https:\/\/mondel.ca\/en\/special-events\/#breadcrumb"},"inLanguage":"en-US","potentialAction":[{"@type":"ReadAction","target":["https:\/\/mondel.ca\/en\/special-events\/"]}]},{"@type":"BreadcrumbList","@id":"https:\/\/mondel.ca\/en\/special-events\/#breadcrumb","itemListElement":[{"@type":"ListItem","position":1,"name":"Accueil","item":"https:\/\/mondel.ca\/en\/"},{"@type":"ListItem","position":2,"name":"Special events"}]},{"@type":"WebSite","@id":"https:\/\/mondel.ca\/#website","url":"https:\/\/mondel.ca\/","name":"Mondel - l&#039;Atelier du Cin\u00e9ma","description":"Centre de formation des m\u00e9tiers techniques du cin\u00e9ma","potentialAction":[{"@type":"SearchAction","target":{"@type":"EntryPoint","urlTemplate":"https:\/\/mondel.ca\/?s={search_term_string}"},"query-input":{"@type":"PropertyValueSpecification","valueRequired":true,"valueName":"search_term_string"}}],"inLanguage":"en-US"}]}},"_links":{"self":[{"href":"https:\/\/mondel.ca\/en\/wp-json\/wp\/v2\/pages\/3129","targetHints":{"allow":["GET"]}}],"collection":[{"href":"https:\/\/mondel.ca\/en\/wp-json\/wp\/v2\/pages"}],"about":[{"href":"https:\/\/mondel.ca\/en\/wp-json\/wp\/v2\/types\/page"}],"author":[{"embeddable":true,"href":"https:\/\/mondel.ca\/en\/wp-json\/wp\/v2\/users\/3"}],"replies":[{"embeddable":true,"href":"https:\/\/mondel.ca\/en\/wp-json\/wp\/v2\/comments?post=3129"}],"version-history":[{"count":7,"href":"https:\/\/mondel.ca\/en\/wp-json\/wp\/v2\/pages\/3129\/revisions"}],"predecessor-version":[{"id":3898,"href":"https:\/\/mondel.ca\/en\/wp-json\/wp\/v2\/pages\/3129\/revisions\/3898"}],"wp:attachment":[{"href":"https:\/\/mondel.ca\/en\/wp-json\/wp\/v2\/media?parent=3129"}],"curies":[{"name":"wp","href":"https:\/\/api.w.org\/{rel}","templated":true}]}}